{"id":2564,"date":"2024-03-14T13:42:21","date_gmt":"2024-03-14T16:42:21","guid":{"rendered":"https:\/\/www.cbm.df.gov.br\/gaeph\/?page_id=2564"},"modified":"2026-02-23T08:18:04","modified_gmt":"2026-02-23T11:18:04","slug":"bombeiro-mirim","status":"publish","type":"page","link":"https:\/\/www.cbm.df.gov.br\/apros\/bombeiro-mirim\/","title":{"rendered":"Bombeiro Mirim"},"content":{"rendered":"\t\t<div data-elementor-type=\"wp-page\" data-elementor-id=\"2564\" class=\"elementor elementor-2564\">\n\t\t\t\t<div class=\"elementor-element elementor-element-74ca9ad e-flex e-con-boxed e-con e-parent\" data-id=\"74ca9ad\" data-element_type=\"container\" data-e-type=\"container\">\n\t\t\t\t\t<div class=\"e-con-inner\">\n\t\t\t\t<div class=\"elementor-element elementor-element-a4b9fb1 elementor-widget elementor-widget-heading\" data-id=\"a4b9fb1\" data-element_type=\"widget\" data-e-type=\"widget\" data-widget_type=\"heading.default\">\n\t\t\t\t<div class=\"elementor-widget-container\">\n\t\t\t\t\t<h2 class=\"elementor-heading-title elementor-size-default\">Nossa unidades<\/h2>\t\t\t\t<\/div>\n\t\t\t\t<\/div>\n\t\t\t\t\t<\/div>\n\t\t\t\t<\/div>\n\t\t<div class=\"elementor-element elementor-element-a537381 e-grid e-con-full e-con e-parent\" data-id=\"a537381\" data-element_type=\"container\" data-e-type=\"container\" data-settings=\"{&quot;background_background&quot;:&quot;gradient&quot;}\">\n\t\t\t\t<div class=\"elementor-element elementor-element-43232c8 elementor-widget elementor-widget-heading\" data-id=\"43232c8\" data-element_type=\"widget\" data-e-type=\"widget\" data-widget_type=\"heading.default\">\n\t\t\t\t<div class=\"elementor-widget-container\">\n\t\t\t\t\t<h2 class=\"elementor-heading-title elementor-size-default\">Brazl\u00e2ndia<\/h2>\t\t\t\t<\/div>\n\t\t\t\t<\/div>\n\t\t\t\t<div class=\"elementor-element elementor-element-8182faf elementor-widget elementor-widget-heading\" data-id=\"8182faf\" data-element_type=\"widget\" data-e-type=\"widget\" data-widget_type=\"heading.default\">\n\t\t\t\t<div class=\"elementor-widget-container\">\n\t\t\t\t\t<h2 class=\"elementor-heading-title elementor-size-default\">Ceil\u00e2ndia<\/h2>\t\t\t\t<\/div>\n\t\t\t\t<\/div>\n\t\t\t\t<div class=\"elementor-element elementor-element-5b4591d elementor-widget elementor-widget-heading\" data-id=\"5b4591d\" data-element_type=\"widget\" data-e-type=\"widget\" data-widget_type=\"heading.default\">\n\t\t\t\t<div class=\"elementor-widget-container\">\n\t\t\t\t\t<h2 class=\"elementor-heading-title elementor-size-default\">Estrutural<\/h2>\t\t\t\t<\/div>\n\t\t\t\t<\/div>\n\t\t\t\t<div class=\"elementor-element elementor-element-916ab3e elementor-widget elementor-widget-heading\" data-id=\"916ab3e\" data-element_type=\"widget\" data-e-type=\"widget\" data-widget_type=\"heading.default\">\n\t\t\t\t<div class=\"elementor-widget-container\">\n\t\t\t\t\t<h2 class=\"elementor-heading-title elementor-size-default\">Gama<\/h2>\t\t\t\t<\/div>\n\t\t\t\t<\/div>\n\t\t\t\t<div class=\"elementor-element elementor-element-ed21ad4 elementor-widget elementor-widget-heading\" data-id=\"ed21ad4\" data-element_type=\"widget\" data-e-type=\"widget\" data-widget_type=\"heading.default\">\n\t\t\t\t<div class=\"elementor-widget-container\">\n\t\t\t\t\t<h2 class=\"elementor-heading-title elementor-size-default\">N\u00facleo Bandeirante<\/h2>\t\t\t\t<\/div>\n\t\t\t\t<\/div>\n\t\t\t\t<div class=\"elementor-element elementor-element-7340cea elementor-widget elementor-widget-heading\" data-id=\"7340cea\" data-element_type=\"widget\" data-e-type=\"widget\" data-widget_type=\"heading.default\">\n\t\t\t\t<div class=\"elementor-widget-container\">\n\t\t\t\t\t<h2 class=\"elementor-heading-title elementor-size-default\">Parano\u00e1<\/h2>\t\t\t\t<\/div>\n\t\t\t\t<\/div>\n\t\t\t\t<div class=\"elementor-element elementor-element-7cfb56e elementor-widget elementor-widget-heading\" data-id=\"7cfb56e\" data-element_type=\"widget\" data-e-type=\"widget\" data-widget_type=\"heading.default\">\n\t\t\t\t<div class=\"elementor-widget-container\">\n\t\t\t\t\t<h2 class=\"elementor-heading-title elementor-size-default\">Planaltina<\/h2>\t\t\t\t<\/div>\n\t\t\t\t<\/div>\n\t\t\t\t<div class=\"elementor-element elementor-element-bb58549 elementor-widget elementor-widget-heading\" data-id=\"bb58549\" data-element_type=\"widget\" data-e-type=\"widget\" data-widget_type=\"heading.default\">\n\t\t\t\t<div class=\"elementor-widget-container\">\n\t\t\t\t\t<h2 class=\"elementor-heading-title elementor-size-default\">Rencanto das Emas<\/h2>\t\t\t\t<\/div>\n\t\t\t\t<\/div>\n\t\t\t\t<div class=\"elementor-element elementor-element-1682ac4 elementor-widget elementor-widget-heading\" data-id=\"1682ac4\" data-element_type=\"widget\" data-e-type=\"widget\" data-widget_type=\"heading.default\">\n\t\t\t\t<div class=\"elementor-widget-container\">\n\t\t\t\t\t<h2 class=\"elementor-heading-title elementor-size-default\">Samambaia<\/h2>\t\t\t\t<\/div>\n\t\t\t\t<\/div>\n\t\t\t\t<div class=\"elementor-element elementor-element-93f4e04 elementor-widget elementor-widget-heading\" data-id=\"93f4e04\" data-element_type=\"widget\" data-e-type=\"widget\" data-widget_type=\"heading.default\">\n\t\t\t\t<div class=\"elementor-widget-container\">\n\t\t\t\t\t<h2 class=\"elementor-heading-title elementor-size-default\">Santa Maria<\/h2>\t\t\t\t<\/div>\n\t\t\t\t<\/div>\n\t\t\t\t<div class=\"elementor-element elementor-element-c9e70a6 elementor-widget elementor-widget-heading\" data-id=\"c9e70a6\" data-element_type=\"widget\" data-e-type=\"widget\" data-widget_type=\"heading.default\">\n\t\t\t\t<div class=\"elementor-widget-container\">\n\t\t\t\t\t<h2 class=\"elementor-heading-title elementor-size-default\">S\u00e3o Sebasti\u00e3o<\/h2>\t\t\t\t<\/div>\n\t\t\t\t<\/div>\n\t\t\t\t<div class=\"elementor-element elementor-element-1e8e7a7 elementor-widget elementor-widget-heading\" data-id=\"1e8e7a7\" data-element_type=\"widget\" data-e-type=\"widget\" data-widget_type=\"heading.default\">\n\t\t\t\t<div class=\"elementor-widget-container\">\n\t\t\t\t\t<h2 class=\"elementor-heading-title elementor-size-default\">Sobradinho<\/h2>\t\t\t\t<\/div>\n\t\t\t\t<\/div>\n\t\t\t\t<\/div>\n\t\t<div class=\"elementor-element elementor-element-04feb72 e-flex e-con-boxed e-con e-parent\" data-id=\"04feb72\" data-element_type=\"container\" data-e-type=\"container\">\n\t\t\t\t\t<div class=\"e-con-inner\">\n\t\t\t\t<div class=\"elementor-element elementor-element-6d240c4 elementor-widget elementor-widget-heading\" data-id=\"6d240c4\" data-element_type=\"widget\" data-e-type=\"widget\" data-widget_type=\"heading.default\">\n\t\t\t\t<div class=\"elementor-widget-container\">\n\t\t\t\t\t<h3 class=\"elementor-heading-title elementor-size-default\">Programa Bombeiros Mirim<\/h3>\t\t\t\t<\/div>\n\t\t\t\t<\/div>\n\t\t\t\t<div class=\"elementor-element elementor-element-67920644 elementor-widget elementor-widget-text-editor\" data-id=\"67920644\" data-element_type=\"widget\" data-e-type=\"widget\" data-widget_type=\"text-editor.default\">\n\t\t\t\t<div class=\"elementor-widget-container\">\n\t\t\t\t\t\t\t\t\t<p><span style=\"font-size: inherit; text-align: inherit; background-color: inherit; color: var(--theme-text-color); font-family: var(--theme-font-family); font-style: var(--theme-font-style, inherit); letter-spacing: var(--theme-letter-spacing); text-transform: var(--theme-text-transform);\">O Bombeiro Mirim \u00e9 um programa social do Corpo de Bombeiros Militar do Distrito Federal que oferece, para crian\u00e7as e adolescentes, atividades educativas, esportivas, culturais e recreativas, visando o bem-estar e o desenvolvimento biopsicossocial dos participantes.\u00a0<\/span><\/p>\n<p><span style=\"font-weight: 400;\">Por meio de valores como Educa\u00e7\u00e3o, Cidadania e Prote\u00e7\u00e3o \u00e0 Vida, o Programa Bombeiro Mirim tem como refer\u00eancia o Estatuto da Crian\u00e7a e do Adolescente (1990) que prev\u00ea prioridade na formula\u00e7\u00e3o e na execu\u00e7\u00e3o de pol\u00edticas p\u00fablicas para nosso p\u00fablico. O programa tem como intuito a prote\u00e7\u00e3o da inf\u00e2ncia e da juventude, contribuindo para prevenir quaisquer formas de neglig\u00eancia, discrimina\u00e7\u00e3o, explora\u00e7\u00e3o, viol\u00eancia, crueldade e opress\u00e3o e garantir aos participantes seus direitos fundamentais.<\/span><\/p>\n<p><span style=\"font-weight: 400;\">O Programa Bombeiro Mirim \u00e9 voltado para crian\u00e7as e adolescentes de 7 a 14 anos, que estejam matriculados na rede de ensino, de prefer\u00eancia na rede p\u00fablica. O Programa atende, por ano, aproximadamente 2 mil crian\u00e7as e adolescentes, em todo o Distrito Federal.<\/span><\/p>\n<p><!-- \/wp:paragraph --><\/p>\t\t\t\t\t\t\t\t<\/div>\n\t\t\t\t<\/div>\n\t\t\t\t<div class=\"elementor-element elementor-element-e7d69ba elementor-widget elementor-widget-heading\" data-id=\"e7d69ba\" data-element_type=\"widget\" data-e-type=\"widget\" data-widget_type=\"heading.default\">\n\t\t\t\t<div class=\"elementor-widget-container\">\n\t\t\t\t\t<h5 class=\"elementor-heading-title elementor-size-default\">Funcionamento do Servi\u00e7o<\/h5>\t\t\t\t<\/div>\n\t\t\t\t<\/div>\n\t\t\t\t<div class=\"elementor-element elementor-element-8d5cf08 elementor-widget elementor-widget-text-editor\" data-id=\"8d5cf08\" data-element_type=\"widget\" data-e-type=\"widget\" data-widget_type=\"text-editor.default\">\n\t\t\t\t<div class=\"elementor-widget-container\">\n\t\t\t\t\t\t\t\t\t<p><span style=\"font-weight: 400;\">O Bombeiro Mirim \u00e9 gratuito e funciona nos Grupamentos do Corpo de Bombeiros. O programa utiliza palestras e aulas te\u00f3ricas, com conte\u00fados voltados para educa\u00e7\u00e3o ambiental, cidadania, preven\u00e7\u00e3o de acidentes dom\u00e9sticos, no\u00e7\u00f5es de primeiros socorros, educa\u00e7\u00e3o para o tr\u00e2nsito e outras tem\u00e1ticas do bombeiro adaptadas, de forma l\u00fadica, para a faixa et\u00e1ria atendida. As atividades pr\u00e1ticas incluem: oficinas, passeios culturais, al\u00e9m de atividades esportivas, art\u00edsticas e recreativas.<\/span><\/p>\n<p><span style=\"font-weight: 400;\">As atividades funcionam tr\u00eas vezes na semana, segundas, quartas e quintas-feiras, durante meio per\u00edodo (matutino ou vespertino). Nas ter\u00e7as e sextas-feiras ocorrem atividades de coordena\u00e7\u00e3o, campanhas educativas, passeios e confraterniza\u00e7\u00f5es.<\/span><\/p>\n<p><!-- \/wp:paragraph --><\/p>\t\t\t\t\t\t\t\t<\/div>\n\t\t\t\t<\/div>\n\t\t\t\t<div class=\"elementor-element elementor-element-18e5d1c elementor-widget elementor-widget-heading\" data-id=\"18e5d1c\" data-element_type=\"widget\" data-e-type=\"widget\" data-widget_type=\"heading.default\">\n\t\t\t\t<div class=\"elementor-widget-container\">\n\t\t\t\t\t<h5 class=\"elementor-heading-title elementor-size-default\">Como Participar<\/h5>\t\t\t\t<\/div>\n\t\t\t\t<\/div>\n\t\t\t\t<div class=\"elementor-element elementor-element-585edcc elementor-widget elementor-widget-text-editor\" data-id=\"585edcc\" data-element_type=\"widget\" data-e-type=\"widget\" data-widget_type=\"text-editor.default\">\n\t\t\t\t<div class=\"elementor-widget-container\">\n\t\t\t\t\t\t\t\t\t<p><span style=\"font-weight: 400;\">As inscri\u00e7\u00f5es para o Bombeiro Mirim s\u00e3o presenciais e realizadas diretamente junto aos Grupamentos Militares que possuem o programa. Para realizar a inscri\u00e7\u00e3o \u00e9 preciso consultar a oferta de vagas, na unidade mais pr\u00f3xima, antes do in\u00edcio do ano letivo. O Programa Bombeiro Mirim segue o calend\u00e1rio letivo da Secretaria de Estado de Educa\u00e7\u00e3o do DF.<\/span><\/p>\n<p><!-- \/wp:paragraph --><\/p>\t\t\t\t\t\t\t\t<\/div>\n\t\t\t\t<\/div>\n\t\t\t\t<div class=\"elementor-element elementor-element-3e47f19 elementor-widget elementor-widget-heading\" data-id=\"3e47f19\" data-element_type=\"widget\" data-e-type=\"widget\" data-widget_type=\"heading.default\">\n\t\t\t\t<div class=\"elementor-widget-container\">\n\t\t\t\t\t<h5 class=\"elementor-heading-title elementor-size-default\">Documentos para Inscri\u00e7\u00e3o<\/h5>\t\t\t\t<\/div>\n\t\t\t\t<\/div>\n\t\t\t\t<div class=\"elementor-element elementor-element-3ec75c8 elementor-widget elementor-widget-text-editor\" data-id=\"3ec75c8\" data-element_type=\"widget\" data-e-type=\"widget\" data-widget_type=\"text-editor.default\">\n\t\t\t\t<div class=\"elementor-widget-container\">\n\t\t\t\t\t\t\t\t\t<p><span style=\"font-weight: 400;\">\u2013 Certid\u00e3o de Nascimento ou RG da crian\u00e7a;<br \/><\/span><span style=\"font-weight: 400;\">\u2013 RG dos pais ou respons\u00e1veis legais;<br \/><\/span><span style=\"font-weight: 400;\">\u2013 Declara\u00e7\u00e3o Escolar da crian\u00e7a;<br \/><\/span><span style=\"font-weight: 400;\">\u2013 Comprovante de resid\u00eancia;<br \/><\/span><span style=\"font-weight: 400;\">\u2013 2 (duas) fotos 3\u00d74 da crian\u00e7a;<br \/><\/span><span style=\"font-weight: 400;\">\u2013 Atestado de Sa\u00fade (M\u00e9dico).<\/span><\/p>\n<p><!-- \/wp:paragraph --><\/p>\t\t\t\t\t\t\t\t<\/div>\n\t\t\t\t<\/div>\n\t\t\t\t<div class=\"elementor-element elementor-element-6a5d55f elementor-widget elementor-widget-heading\" data-id=\"6a5d55f\" data-element_type=\"widget\" data-e-type=\"widget\" data-widget_type=\"heading.default\">\n\t\t\t\t<div class=\"elementor-widget-container\">\n\t\t\t\t\t<h5 class=\"elementor-heading-title elementor-size-default\">Onde Funciona o Programa Bombeiro Mirim<\/h5>\t\t\t\t<\/div>\n\t\t\t\t<\/div>\n\t\t\t\t<div class=\"elementor-element elementor-element-0203f58 elementor-widget elementor-widget-heading\" data-id=\"0203f58\" data-element_type=\"widget\" data-e-type=\"widget\" data-widget_type=\"heading.default\">\n\t\t\t\t<div class=\"elementor-widget-container\">\n\t\t\t\t\t<h5 class=\"elementor-heading-title elementor-size-default\">Informa\u00e7\u00f5es<\/h5>\t\t\t\t<\/div>\n\t\t\t\t<\/div>\n\t\t\t\t<div class=\"elementor-element elementor-element-260f7ce elementor-widget elementor-widget-text-editor\" data-id=\"260f7ce\" data-element_type=\"widget\" data-e-type=\"widget\" data-widget_type=\"text-editor.default\">\n\t\t\t\t<div class=\"elementor-widget-container\">\n\t\t\t\t\t\t\t\t\t<p>Para maiores informa\u00e7\u00f5es, o usu\u00e1rio pode consultar o link dos programas sociais na p\u00e1gina do Corpo de Bombeiros Militar do DF: <a href=\"http:\/\/www.cbm.df.gov.br\/apros\">www.cbm.df.gov.br\/apros<\/a> e atrav\u00e9s do nosso instagram <a href=\"https:\/\/www.instagram.com\/programassociaisdocbmdf\/\">https:\/\/www.instagram.com\/programassociaisdocbmdf\/<\/a><\/p>\t\t\t\t\t\t\t\t<\/div>\n\t\t\t\t<\/div>\n\t\t\t\t<div class=\"elementor-element elementor-element-2ed28c0 elementor-widget elementor-widget-text-editor\" data-id=\"2ed28c0\" data-element_type=\"widget\" data-e-type=\"widget\" data-widget_type=\"text-editor.default\">\n\t\t\t\t<div class=\"elementor-widget-container\">\n\t\t\t\t\t\t\t\t\t<h2>O programa Bombeiro Mirim funciona nas seguintes unidades:\u00a0<\/h2>\n<h5>\u2013 Brazl\u00e2ndia: 7\u00ba Grupamento de Bombeiro Militar. \u00c1rea Especial n\u00ba 01 Lote s\/n.<br \/>\u2013 Ceil\u00e2ndia; 8\u00ba Grupamento de Bombeiro Militar. QNM 18 AE 02. Ceil\u00e2ndia Norte.<br \/>\u2013 Cidade Estrutural: Administra\u00e7\u00e3o Regional da Cidade Estrutural.<br \/>\u2013 Gama: 16\u00ba Grupamento de Bombeiro Militar. \u00c1rea Especial s\/n. Setor Norte.<br \/>\u2013 N\u00facleo Bandeirante: 6\u00ba Grupamento de Bombeiro Militar. 3\u00aa Avenida AE 02.<br \/>\u2013 Parano\u00e1: 10\u00b0 Grupamento de Bombeiro Militar. Quadra 33 Lote 03.<br \/>\u2013 Planaltina: 9\u00ba GBM. Avenida WL 4 Bloco N. St de Ed e Cultura de Planaltina.<br \/>\u2013 Recanto das Emas: 36\u00ba Grupamento de Bombeiro Militar. AE n\u00b0 01 QD 300.\u00a0<br \/>\u2013 Samambaia: 12\u00ba Grupamento de Bombeiro Militar. QR 416 \u00c1rea Especial n\u00b0 01.<br \/>\u2013 Santa Maria: 18\u00ba Grupamento de Bombeiro Militar. QR 118 \u00c1rea Especial Norte.<br \/>\u2013 S\u00e3o Sebasti\u00e3o: 17\u00ba Grupamento de Bombeiro Militar. EQ 201\/202 AE s\/n.<br \/>\u2013 Sobradinho: 22\u00ba Grupamento de Bombeiro Militar. Quadra Central AE s\/n.<\/h5>\n<div>\u00a0<\/div>\n<header>\n<h3 style=\"text-align: center;\">Perguntas Frequentes &#8211; Programa Bombeiro Mirim &#8211; D\u00favidas<\/h3>\n<\/header>\n<div class=\"faq-item\">\n<h3>1. O que \u00e9 o Programa Bombeiro Mirim?<\/h3>\n<ul>\n<li><span style=\"font-family: inherit; font-size: inherit; font-style: inherit; font-variant-ligatures: inherit; font-variant-caps: inherit; font-weight: inherit; background-color: inherit; color: #687279;\">\u00c9 um projeto educativo que ensina crian\u00e7as e adolescentes sobre cidadania, primeiros socorros, preven\u00e7\u00e3o de acidentes e princ\u00edpios de disciplina e responsabilidade.<\/span><\/li>\n<\/ul>\n<\/div>\n<div class=\"faq-item\">\n<h3>2. Quem pode participar do programa?<\/h3>\n<ul>\n<li><span style=\"font-family: inherit; font-size: inherit; font-style: inherit; font-variant-ligatures: inherit; font-variant-caps: inherit; font-weight: inherit; background-color: inherit; color: #687279;\">Crian\u00e7as e adolescentes entre\u00a0 7 e 14 anos.<\/span><\/li>\n<\/ul>\n<\/div>\n<div class=\"faq-item\">\n<h3>3. Como fa\u00e7o para inscrever meu filho(a)?<\/h3>\n<ul>\n<li><span style=\"font-family: inherit; font-size: inherit; font-style: inherit; font-variant-ligatures: inherit; font-variant-caps: inherit; font-weight: inherit; background-color: inherit; color: #687279;\">\u00c9 necess\u00e1rio verificar as inscri\u00e7\u00f5es abertas no Corpo de Bombeiros local, indo at\u00e9 uma unidade Bombeiro Mirim, informado acima, e verificar a possibilidade de vaga, caso n\u00e3o haja uma vaga dispon\u00edvel \u00e9 feito um cadastro reserva e assim que surgir vaga ser\u00e1 avisada para efetivar a matricula.\u00a0<\/span><\/li>\n<\/ul>\n<\/div>\n<div class=\"faq-item\">\n<h3>4. H\u00e1 algum custo para participar?<\/h3>\n<ul>\n<li><span style=\"font-family: inherit; font-size: inherit; font-style: inherit; font-variant-ligatures: inherit; font-variant-caps: inherit; font-weight: inherit; background-color: inherit; color: #687279;\">O programa \u00e9 gratuito.<\/span><\/li>\n<\/ul>\n<\/div>\n<div class=\"faq-item\">\n<h3>5. Quais s\u00e3o as atividades realizadas?<\/h3>\n<ul>\n<li><span style=\"font-family: inherit; font-size: inherit; font-style: inherit; font-variant-ligatures: inherit; font-variant-caps: inherit; font-weight: inherit; background-color: inherit; color: #687279;\">As atividades incluem aulas te\u00f3ricas sobre preven\u00e7\u00e3o de acidentes, pr\u00e1ticas de primeiros socorros, no\u00e7\u00f5es de combate a inc\u00eandios, disciplina, civismo.<\/span><\/li>\n<\/ul>\n<\/div>\n<div class=\"faq-item\">\n<h3>6. O programa oferece certificado ao final?<\/h3>\n<ul>\n<li><span style=\"font-family: inherit; font-size: inherit; font-style: inherit; font-variant-ligatures: inherit; font-variant-caps: inherit; font-weight: inherit; background-color: inherit; color: #687279;\">Sim, os participantes que completam o curso geralmente recebem um certificado de participa\u00e7\u00e3o.<\/span><\/li>\n<\/ul>\n<\/div>\n<div class=\"faq-item\">\n<h3>7. O programa pode ajudar meu filho a se tornar bombeiro no futuro?<\/h3>\n<ul>\n<li><span style=\"font-family: inherit; font-size: inherit; font-style: inherit; font-variant-ligatures: inherit; font-variant-caps: inherit; font-weight: inherit; background-color: inherit; color: #687279;\">Embora n\u00e3o garanta uma vaga, o programa pode inspirar e preparar jovens interessados em seguir a carreira de bombeiro, assim como muitas outras profiss\u00f5es.<\/span><\/li>\n<\/ul>\n<\/div>\t\t\t\t\t\t\t\t<\/div>\n\t\t\t\t<\/div>\n\t\t\t\t\t<\/div>\n\t\t\t\t<\/div>\n\t\t\t\t<\/div>\n\t\t","protected":false},"excerpt":{"rendered":"<p>Nossa unidades Brazl\u00e2ndia Ceil\u00e2ndia Estrutural Gama N\u00facleo Bandeirante Parano\u00e1 Planaltina Rencanto das Emas Samambaia Santa Maria S\u00e3o Sebasti\u00e3o Sobradinho Programa Bombeiros Mirim O Bombeiro Mirim \u00e9 um programa social do Corpo de Bombeiros Militar do Distrito Federal que oferece, para crian\u00e7as e adolescentes, atividades educativas, esportivas, culturais e recreativas, visando o bem-estar e o desenvolvimento [&hellip;]<\/p>\n","protected":false},"author":6,"featured_media":0,"parent":0,"menu_order":1,"comment_status":"closed","ping_status":"closed","template":"elementor_theme","meta":{"footnotes":""},"class_list":["post-2564","page","type-page","status-publish","hentry"],"blocksy_meta":[],"_links":{"self":[{"href":"https:\/\/www.cbm.df.gov.br\/apros\/wp-json\/wp\/v2\/pages\/2564","targetHints":{"allow":["GET"]}}],"collection":[{"href":"https:\/\/www.cbm.df.gov.br\/apros\/wp-json\/wp\/v2\/pages"}],"about":[{"href":"https:\/\/www.cbm.df.gov.br\/apros\/wp-json\/wp\/v2\/types\/page"}],"author":[{"embeddable":true,"href":"https:\/\/www.cbm.df.gov.br\/apros\/wp-json\/wp\/v2\/users\/6"}],"replies":[{"embeddable":true,"href":"https:\/\/www.cbm.df.gov.br\/apros\/wp-json\/wp\/v2\/comments?post=2564"}],"version-history":[{"count":40,"href":"https:\/\/www.cbm.df.gov.br\/apros\/wp-json\/wp\/v2\/pages\/2564\/revisions"}],"predecessor-version":[{"id":5334,"href":"https:\/\/www.cbm.df.gov.br\/apros\/wp-json\/wp\/v2\/pages\/2564\/revisions\/5334"}],"wp:attachment":[{"href":"https:\/\/www.cbm.df.gov.br\/apros\/wp-json\/wp\/v2\/media?parent=2564"}],"curies":[{"name":"wp","href":"https:\/\/api.w.org\/{rel}","templated":true}]}}