{"id":2796,"date":"2024-04-29T14:04:11","date_gmt":"2024-04-29T17:04:11","guid":{"rendered":"https:\/\/www.cbm.df.gov.br\/apros\/?page_id=2796"},"modified":"2024-08-12T10:51:03","modified_gmt":"2024-08-12T13:51:03","slug":"aleitamento-materno","status":"publish","type":"page","link":"https:\/\/www.cbm.df.gov.br\/apros\/aleitamento-materno\/","title":{"rendered":"Aleitamento Materno"},"content":{"rendered":"\t\t<div data-elementor-type=\"wp-page\" data-elementor-id=\"2796\" class=\"elementor elementor-2796\">\n\t\t\t\t<div class=\"elementor-element elementor-element-add3905 e-flex e-con-boxed e-con e-parent\" data-id=\"add3905\" data-element_type=\"container\" data-e-type=\"container\">\n\t\t\t\t\t<div class=\"e-con-inner\">\n\t\t\t\t<div class=\"elementor-element elementor-element-cebb1ce elementor-widget elementor-widget-heading\" data-id=\"cebb1ce\" data-element_type=\"widget\" data-e-type=\"widget\" data-widget_type=\"heading.default\">\n\t\t\t\t<div class=\"elementor-widget-container\">\n\t\t\t\t\t<h2 class=\"elementor-heading-title elementor-size-default\">Aleitamento Materno<\/h2>\t\t\t\t<\/div>\n\t\t\t\t<\/div>\n\t\t\t\t<div class=\"elementor-element elementor-element-ce9a421 elementor-widget elementor-widget-text-editor\" data-id=\"ce9a421\" data-element_type=\"widget\" data-e-type=\"widget\" data-widget_type=\"text-editor.default\">\n\t\t\t\t<div class=\"elementor-widget-container\">\n\t\t\t\t\t\t\t\t\t<p><strong>Entidades Respons\u00e1veis:<\/strong>\u00a0Secretaria de Estado de Sa\u00fade do Distrito Federal SESDF e Corpo de Bombeiros Militar do Distrito Federal \u2013 CBMDF<\/p><p>O Aleitamento Materno \u00e9 um programa social da Secretaria de Sa\u00fade, em parceria com o Corpo de Bombeiros Militar do DF, que tem como objetivo o suprimento dos Bancos de Leite Humano do Distrito Federal.<\/p><p>A prote\u00e7\u00e3o de vidas \u00e9 uma miss\u00e3o institucional do CBMDF. A amplia\u00e7\u00e3o da rede de Bancos de Leite Humano (BLH), associada \u00e0s normas sanit\u00e1rias e de capacita\u00e7\u00e3o t\u00e9cnica, tem demonstrado o compromisso do Distrito Federal para a redu\u00e7\u00e3o da mortalidade infantil. O CBMDF, comprometido com a miss\u00e3o imprescind\u00edvel de Salvar Vidas, apresenta-se como um importante componente da assist\u00eancia p\u00fablica \u00e0 sa\u00fade da popula\u00e7\u00e3o do Distrito Federal e entorno. Tal parceria conferiu \u00e0 Corpora\u00e7\u00e3o, em 1998, o t\u00edtulo de \u201cCorpo de Bombeiros Amigo da Crian\u00e7a\u201d, premia\u00e7\u00e3o concedida pela UNICEF, tornando-se a \u00fanica institui\u00e7\u00e3o, n\u00e3o hospitalar, a receber esta comenda.<\/p><p><strong>Destinat\u00e1rio do servi\u00e7o: P\u00fablico atendido<\/strong><\/p><p>O Programa Aleitamento Materno \u00e9 gratuito e voltado para mulheres, em per\u00edodo de amamenta\u00e7\u00e3o, que desejam doar Leite Humano para os Bancos de Leite do Distrito Federal. Os bancos e postos de coleta de leite funcionam para garantir alimenta\u00e7\u00e3o adequada \u00e0s crian\u00e7as que nascem com baixo peso, prematuras ou com algum problema de sa\u00fade e que precisam permanecer internadas, ap\u00f3s o nascimento, em decorr\u00eancia de tais situa\u00e7\u00f5es.<\/p><p><strong>Funcionamento do servi\u00e7o:<\/strong><\/p><p>A rede de Bancos de Leite Humano (BLH) tem como objetivo promover a sa\u00fade da mulher e da crian\u00e7a e contribuir para a redu\u00e7\u00e3o da mortalidade neonatal e melhorar os indicadores de aleitamento materno no Brasil. Para suprir o estoque de Leite Humano nos Bancos de Leite do Distrito Federal, 24 militares do Corpo de Bombeiros realizam a coleta domiciliar e o transporte do leite humano.<\/p><p>As coletas domiciliares s\u00e3o realizadas de segunda a sexta, conforme agendamento da doadora com a equipe do Corpo de Bombeiros Militar do Distrito Federal.<\/p><p><strong>Comunica\u00e7\u00e3o com o usu\u00e1rio: Como participar<\/strong><\/p><p>Para ser uma doadora basta ligar no telefone 160, op\u00e7\u00e3o 4, e fazer o seu cadastro.<\/p><p><strong>Requisitos para doa\u00e7\u00e3o\u00a0\u00a0\u00a0\u00a0\u00a0\u00a0<\/strong><\/p><p>\u2013 Estar amamentando ou ordenhando leite para o pr\u00f3prio filho.<br \/><span style=\"background-color: inherit; color: var(--theme-text-color); font-family: var(--theme-font-family); font-size: inherit; font-style: var(--theme-font-style, inherit); font-weight: var(--theme-font-weight); letter-spacing: var(--theme-letter-spacing); text-align: inherit; text-transform: var(--theme-text-transform);\">\u2013 N\u00e3o usar medicamentos ou subst\u00e2ncias incompat\u00edveis com a amamenta\u00e7\u00e3o.<br \/><\/span><span style=\"font-size: inherit; text-align: inherit; background-color: inherit; color: var(--theme-text-color); font-family: var(--theme-font-family); font-style: var(--theme-font-style, inherit); font-weight: var(--theme-font-weight); letter-spacing: var(--theme-letter-spacing); text-transform: var(--theme-text-transform);\">\u2013 Realizar exames<\/span><\/p><p><strong>Onde funciona<\/strong><\/p><p>O Programa Aleitamento Materno funciona nas seguintes Regi\u00f5es Administrativas:<\/p><p>Planaltina, Parano\u00e1, Taguatinga, Bras\u00edlia, Ceil\u00e2ndia, Santa Maria, Gama, Sobradinho, Brazl\u00e2ndia, Gama e Samambaia.<\/p><p><strong>Informa\u00e7\u00f5es:<\/strong><\/p><p>Para informa\u00e7\u00f5es o usu\u00e1rio pode acessar o site\u00a0Amamenta Bras\u00edlia:\u00a0<a href=\"https:\/\/sei.df.gov.br\/sei\/www.amamentabrasilia.saude.df.gov.br\">www.amamentabrasilia.saude.df.gov.br<\/a>\u00a0ou <br \/>o dos\u00a0Programas Comunit\u00e1rios na p\u00e1gina do Corpo de Bombeiros Militar do DF:\u00a0<a href=\"http:\/\/www.cbm.df.gov.br\/\">www.cbm.df.gov.br<\/a>\u00a0<\/p>\t\t\t\t\t\t\t\t<\/div>\n\t\t\t\t<\/div>\n\t\t\t\t\t<\/div>\n\t\t\t\t<\/div>\n\t\t\t\t<\/div>\n\t\t","protected":false},"excerpt":{"rendered":"<p>Aleitamento Materno Entidades Respons\u00e1veis:\u00a0Secretaria de Estado de Sa\u00fade do Distrito Federal SESDF e Corpo de Bombeiros Militar do Distrito Federal \u2013 CBMDF O Aleitamento Materno \u00e9 um programa social da Secretaria de Sa\u00fade, em parceria com o Corpo de Bombeiros Militar do DF, que tem como objetivo o suprimento dos Bancos de Leite Humano do [&hellip;]<\/p>\n","protected":false},"author":6,"featured_media":0,"parent":0,"menu_order":0,"comment_status":"closed","ping_status":"closed","template":"","meta":{"footnotes":""},"class_list":["post-2796","page","type-page","status-publish","hentry"],"blocksy_meta":[],"_links":{"self":[{"href":"https:\/\/www.cbm.df.gov.br\/apros\/wp-json\/wp\/v2\/pages\/2796","targetHints":{"allow":["GET"]}}],"collection":[{"href":"https:\/\/www.cbm.df.gov.br\/apros\/wp-json\/wp\/v2\/pages"}],"about":[{"href":"https:\/\/www.cbm.df.gov.br\/apros\/wp-json\/wp\/v2\/types\/page"}],"author":[{"embeddable":true,"href":"https:\/\/www.cbm.df.gov.br\/apros\/wp-json\/wp\/v2\/users\/6"}],"replies":[{"embeddable":true,"href":"https:\/\/www.cbm.df.gov.br\/apros\/wp-json\/wp\/v2\/comments?post=2796"}],"version-history":[{"count":17,"href":"https:\/\/www.cbm.df.gov.br\/apros\/wp-json\/wp\/v2\/pages\/2796\/revisions"}],"predecessor-version":[{"id":4439,"href":"https:\/\/www.cbm.df.gov.br\/apros\/wp-json\/wp\/v2\/pages\/2796\/revisions\/4439"}],"wp:attachment":[{"href":"https:\/\/www.cbm.df.gov.br\/apros\/wp-json\/wp\/v2\/media?parent=2796"}],"curies":[{"name":"wp","href":"https:\/\/api.w.org\/{rel}","templated":true}]}}