{"id":2799,"date":"2024-04-29T14:05:32","date_gmt":"2024-04-29T17:05:32","guid":{"rendered":"https:\/\/www.cbm.df.gov.br\/apros\/?page_id=2799"},"modified":"2024-09-03T06:33:20","modified_gmt":"2024-09-03T09:33:20","slug":"bombeiro-amigo","status":"publish","type":"page","link":"https:\/\/www.cbm.df.gov.br\/apros\/bombeiro-amigo\/","title":{"rendered":"Bombeiro Amigo"},"content":{"rendered":"\t\t<div data-elementor-type=\"wp-page\" data-elementor-id=\"2799\" class=\"elementor elementor-2799\">\n\t\t\t\t<div class=\"elementor-element elementor-element-9eb1180 e-flex e-con-boxed e-con e-parent\" data-id=\"9eb1180\" data-element_type=\"container\" data-e-type=\"container\">\n\t\t\t\t\t<div class=\"e-con-inner\">\n\t\t\t\t<div class=\"elementor-element elementor-element-2a5fded elementor-widget elementor-widget-text-editor\" data-id=\"2a5fded\" data-element_type=\"widget\" data-e-type=\"widget\" data-widget_type=\"text-editor.default\">\n\t\t\t\t<div class=\"elementor-widget-container\">\n\t\t\t\t\t\t\t\t\t<header class=\"entry-header clr\" style=\"margin: 0px; padding: 0px; border: 0px; outline: 0px; font-variant-numeric: inherit; font-variant-east-asian: inherit; font-variant-alternates: inherit; font-variant-position: inherit; font-stretch: inherit; line-height: inherit; font-optical-sizing: inherit; font-size-adjust: inherit; font-kerning: inherit; font-feature-settings: inherit; font-variation-settings: inherit; vertical-align: baseline; font-family: Heebo; color: #0a0a0a;\"><h2 class=\"single-post-title entry-title\" style=\"margin-bottom: 15px; padding-bottom: 20px; border-width: 0px 0px 1px; border-bottom-color: #f1f1f1; outline: 0px; line-height: 1.4; vertical-align: baseline; font-family: inherit; font-size: 34px; font-style: inherit; font-weight: 600; color: #333333; letter-spacing: 0.6px; border-style: initial initial solid initial;\">Programa Bombeiro Amigo<\/h2><\/header><div class=\"entry-content clr\" style=\"margin: 0px 0px 20px; padding: 0px; border: 0px; outline: 0px; font-variant-numeric: inherit; font-variant-east-asian: inherit; font-variant-alternates: inherit; font-variant-position: inherit; font-stretch: inherit; line-height: inherit; font-optical-sizing: inherit; font-size-adjust: inherit; font-kerning: inherit; font-feature-settings: inherit; font-variation-settings: inherit; vertical-align: baseline; font-family: Heebo; counter-reset: footnotes 0; color: #0a0a0a;\"><p style=\"margin-bottom: 20px; border-width: 0px; border-style: initial; outline: 0px; vertical-align: baseline; font-size: 16px;\">O Bombeiro Amigo \u00e9 um programa social do Corpo de Bombeiros Militar do Distrito Federal que oferece para pessoas idosas atividades educativas, esportivas, culturais, recreativas e de conviv\u00eancia, visando o bem-estar e a sa\u00fade global dos participantes.<\/p><p style=\"margin-bottom: 20px; border-width: 0px; border-style: initial; outline: 0px; vertical-align: baseline; font-size: 16px;\">\u00c9 importante ressaltar que o Programa Bombeiro est\u00e1 de acordo com o que prev\u00ea o Estatuto do Idoso (2003) que enfatiza a obriga\u00e7\u00e3o da fam\u00edlia, da comunidade, da sociedade e do Poder P\u00fablico de assegurar ao idoso seus direitos, com prioridade, e efetivas pol\u00edticas de valoriza\u00e7\u00e3o da vida, da sa\u00fade, da educa\u00e7\u00e3o, da alimenta\u00e7\u00e3o, do esporte, da cultura, do trabalho, da cidadania, do lazer, da liberdade, da dignidade e repeito \u00e0 conviv\u00eancia familiar e social.<\/p><p style=\"margin-bottom: 20px; border-width: 0px; border-style: initial; outline: 0px; vertical-align: baseline; font-size: 16px;\"><span style=\"margin: 0px; padding: 0px; border: 0px; outline: 0px; font-variant: inherit; font-stretch: inherit; line-height: inherit; font-optical-sizing: inherit; font-size-adjust: inherit; font-kerning: inherit; font-feature-settings: inherit; font-variation-settings: inherit; vertical-align: baseline; font-family: inherit; font-style: inherit; font-weight: 600;\">Destinat\u00e1rio do servi\u00e7o: P\u00fablico atendido<\/span><\/p><p style=\"margin-bottom: 20px; border-width: 0px; border-style: initial; outline: 0px; vertical-align: baseline; font-size: 16px;\">O Programa Bombeiro Amigo \u00e9 voltado para pessoas idosas, a partir dos 60 anos e atende, todo ano, mais de 800 participantes em seis Regi\u00f5es Administrativas do Distrito Federal.<\/p><p style=\"margin-bottom: 20px; border-width: 0px; border-style: initial; outline: 0px; vertical-align: baseline; font-size: 16px;\"><span style=\"margin: 0px; padding: 0px; border: 0px; outline: 0px; font-variant: inherit; font-stretch: inherit; line-height: inherit; font-optical-sizing: inherit; font-size-adjust: inherit; font-kerning: inherit; font-feature-settings: inherit; font-variation-settings: inherit; vertical-align: baseline; font-family: inherit; font-style: inherit; font-weight: 600;\">Funcionamento do servi\u00e7o:<\/span><\/p><p style=\"margin-bottom: 20px; border-width: 0px; border-style: initial; outline: 0px; vertical-align: baseline; font-size: 16px;\">O Bombeiro Amigo \u00e9 gratuito e funciona nos Grupamentos do Corpo de Bombeiros. O programa utiliza aulas te\u00f3ricas e pr\u00e1ticas com intuito de manter os participantes em atividade, na fase de envelhecimento, e estimular as rela\u00e7\u00f5es sociais e a conviv\u00eancia. As atividades incluem oficinas tem\u00e1ticas (artesanato, m\u00fasica, dan\u00e7a, inform\u00e1tica, horta); pr\u00e1ticas esportivas (gin\u00e1stica, hidrogin\u00e1stica, caminhada), al\u00e9m de confraterniza\u00e7\u00f5es, passeios culturais e recreativos.<\/p><p style=\"margin-bottom: 20px; border-width: 0px; border-style: initial; outline: 0px; vertical-align: baseline; font-size: 16px;\">As atividades funcionam de segunda a sexta, das 7h \u00e0s 18h, de acordo com a agenda semanal de atividades em que o participante estiver inscrito. Os passeios geralmente ocorrem nas sextas-feiras ou finais de semana.<\/p><p style=\"margin-bottom: 20px; border-width: 0px; border-style: initial; outline: 0px; vertical-align: baseline; font-size: 16px;\"><span style=\"margin: 0px; padding: 0px; border: 0px; outline: 0px; font-variant: inherit; font-stretch: inherit; line-height: inherit; font-optical-sizing: inherit; font-size-adjust: inherit; font-kerning: inherit; font-feature-settings: inherit; font-variation-settings: inherit; vertical-align: baseline; font-family: inherit; font-style: inherit; font-weight: 600;\">Comunica\u00e7\u00e3o com o usu\u00e1rio: Como participar<\/span><\/p><p style=\"margin-bottom: 20px; border-width: 0px; border-style: initial; outline: 0px; vertical-align: baseline; font-size: 16px;\">As inscri\u00e7\u00f5es para o Bombeiro Amigo s\u00e3o presenciais e realizadas nos Grupamentos Militares que possuem o programa. Para realizar a inscri\u00e7\u00e3o \u00e9 preciso consultar a oferta de vagas, na unidade mais pr\u00f3xima. A pessoa idosa deve comparecer para uma visita e, ap\u00f3s uma observa\u00e7\u00e3o, escolher a atividade que deseja participar.<\/p><p style=\"margin-bottom: 20px; border-width: 0px; border-style: initial; outline: 0px; vertical-align: baseline; font-size: 16px;\"><span style=\"margin: 0px; padding: 0px; border: 0px; outline: 0px; font-variant: inherit; font-stretch: inherit; line-height: inherit; font-optical-sizing: inherit; font-size-adjust: inherit; font-kerning: inherit; font-feature-settings: inherit; font-variation-settings: inherit; vertical-align: baseline; font-family: inherit; font-style: inherit; font-weight: 600;\">Documentos para inscri\u00e7\u00e3o<\/span><\/p><p style=\"margin-bottom: 20px; border-width: 0px; border-style: initial; outline: 0px; vertical-align: baseline; font-size: 16px;\">\u2013 Carteira de Identidade ou similar<\/p><p style=\"margin-bottom: 20px; border-width: 0px; border-style: initial; outline: 0px; vertical-align: baseline; font-size: 16px;\">\u2013 Comprovante de resid\u00eancia<\/p><p style=\"margin-bottom: 20px; border-width: 0px; border-style: initial; outline: 0px; vertical-align: baseline; font-size: 16px;\">\u2013 Atestado de Sa\u00fade (atividade f\u00edsica)<\/p><p style=\"margin-bottom: 20px; border-width: 0px; border-style: initial; outline: 0px; vertical-align: baseline; font-size: 16px;\">\u2013 2 fotos 3\u00d74<\/p><p style=\"margin-bottom: 20px; border-width: 0px; border-style: initial; outline: 0px; vertical-align: baseline; font-size: 16px;\"><span style=\"margin: 0px; padding: 0px; border: 0px; outline: 0px; font-variant: inherit; font-stretch: inherit; line-height: inherit; font-optical-sizing: inherit; font-size-adjust: inherit; font-kerning: inherit; font-feature-settings: inherit; font-variation-settings: inherit; vertical-align: baseline; font-family: inherit; font-style: inherit; font-weight: 600;\">Onde funciona<\/span><\/p><p style=\"margin-bottom: 20px; border-width: 0px; border-style: initial; outline: 0px; vertical-align: baseline; font-size: 16px;\">O Programa Bombeiro Amigo funciona nas seguintes unidades:<\/p><p style=\"margin-bottom: 20px; border-width: 0px; border-style: initial; outline: 0px; vertical-align: baseline; font-size: 16px;\">\u2013 Brazl\u00e2ndia: 7\u00ba Grupamento de Bombeiro Militar. \u00c1rea Especial n\u00ba 01 Lote s\/n.<\/p><p style=\"margin-bottom: 20px; border-width: 0px; border-style: initial; outline: 0px; vertical-align: baseline; font-size: 16px;\">\u2013 Ceil\u00e2ndia; 8\u00ba Grupamento de Bombeiro Militar. QNM 18 AE 02. Ceil\u00e2ndia Norte.<\/p><p style=\"margin-bottom: 20px; border-width: 0px; border-style: initial; outline: 0px; vertical-align: baseline; font-size: 16px;\">\u2013 Gama: 16\u00ba Grupamento de Bombeiro Militar. \u00c1rea Especial s\/n. Setor Norte.<\/p><p style=\"margin-bottom: 20px; border-width: 0px; border-style: initial; outline: 0px; vertical-align: baseline; font-size: 16px;\">\u2013 Samambaia: 12\u00ba Grupamento de Bombeiro Militar. QR 416 \u00c1rea Especial n\u00b0 01.<\/p><p style=\"margin-bottom: 20px; border-width: 0px; border-style: initial; outline: 0px; vertical-align: baseline; font-size: 16px;\">\u2013 Santa Maria: 18\u00ba Grupamento de Bombeiro Militar. QR 118 \u00c1rea Especial Norte.<\/p><p style=\"margin-bottom: 20px; border-width: 0px; border-style: initial; outline: 0px; vertical-align: baseline; font-size: 16px;\">\u2013 S\u00e3o Sebasti\u00e3o: 17\u00ba Grupamento de Bombeiro Militar. EQ 201\/202 AE s\/n.<\/p><p style=\"margin-bottom: 20px; border-width: 0px; border-style: initial; outline: 0px; vertical-align: baseline; font-size: 16px;\">\u2013 Guar\u00e1: 13\u00ba Grupamento de Bombeiro Militar. QE 02 \u00c1rea Especial s\/n. Guar\u00e1 I.<\/p><p style=\"margin-bottom: 20px; border-width: 0px; border-style: initial; outline: 0px; vertical-align: baseline; font-size: 16px;\"><span style=\"margin: 0px; padding: 0px; border: 0px; outline: 0px; font-variant: inherit; font-stretch: inherit; line-height: inherit; font-optical-sizing: inherit; font-size-adjust: inherit; font-kerning: inherit; font-feature-settings: inherit; font-variation-settings: inherit; vertical-align: baseline; font-family: inherit; font-style: inherit; font-weight: 600;\">Informa\u00e7\u00f5es:<\/span><\/p><p style=\"margin-bottom: 20px; border-width: 0px; border-style: initial; outline: 0px; vertical-align: baseline; font-size: 16px;\">Para maiores informa\u00e7\u00f5es,\u00a0o usu\u00e1rio pode consultar o link dos programas sociais na p\u00e1gina do Corpo de Bombeiros Militar do DF:\u00a0<a style=\"margin: 0px; padding: 0px; border: 0px; outline: 0px; font-variant: inherit; font-stretch: inherit; line-height: inherit; font-optical-sizing: inherit; font-size-adjust: inherit; font-kerning: inherit; font-feature-settings: inherit; font-variation-settings: inherit; vertical-align: baseline; font-family: inherit; font-style: inherit; font-weight: inherit; background-color: rgba(0, 0, 0, 0); color: #333333; text-decoration-line: underline; transition: 0.3s; cursor: pointer; text-underline-offset: 3px;\" href=\"http:\/\/www.cbm.df.gov.br\/\">www.cbm.df.gov.br\/apros<\/a><\/p><p>\u00a0<\/p><\/div>\t\t\t\t\t\t\t\t<\/div>\n\t\t\t\t<\/div>\n\t\t\t\t\t<\/div>\n\t\t\t\t<\/div>\n\t\t\t\t<\/div>\n\t\t","protected":false},"excerpt":{"rendered":"<p>Programa Bombeiro Amigo O Bombeiro Amigo \u00e9 um programa social do Corpo de Bombeiros Militar do Distrito Federal que oferece para pessoas idosas atividades educativas, esportivas, culturais, recreativas e de conviv\u00eancia, visando o bem-estar e a sa\u00fade global dos participantes. \u00c9 importante ressaltar que o Programa Bombeiro est\u00e1 de acordo com o que prev\u00ea o [&hellip;]<\/p>\n","protected":false},"author":6,"featured_media":0,"parent":0,"menu_order":0,"comment_status":"closed","ping_status":"closed","template":"","meta":{"footnotes":""},"class_list":["post-2799","page","type-page","status-publish","hentry"],"blocksy_meta":[],"_links":{"self":[{"href":"https:\/\/www.cbm.df.gov.br\/apros\/wp-json\/wp\/v2\/pages\/2799","targetHints":{"allow":["GET"]}}],"collection":[{"href":"https:\/\/www.cbm.df.gov.br\/apros\/wp-json\/wp\/v2\/pages"}],"about":[{"href":"https:\/\/www.cbm.df.gov.br\/apros\/wp-json\/wp\/v2\/types\/page"}],"author":[{"embeddable":true,"href":"https:\/\/www.cbm.df.gov.br\/apros\/wp-json\/wp\/v2\/users\/6"}],"replies":[{"embeddable":true,"href":"https:\/\/www.cbm.df.gov.br\/apros\/wp-json\/wp\/v2\/comments?post=2799"}],"version-history":[{"count":6,"href":"https:\/\/www.cbm.df.gov.br\/apros\/wp-json\/wp\/v2\/pages\/2799\/revisions"}],"predecessor-version":[{"id":4784,"href":"https:\/\/www.cbm.df.gov.br\/apros\/wp-json\/wp\/v2\/pages\/2799\/revisions\/4784"}],"wp:attachment":[{"href":"https:\/\/www.cbm.df.gov.br\/apros\/wp-json\/wp\/v2\/media?parent=2799"}],"curies":[{"name":"wp","href":"https:\/\/api.w.org\/{rel}","templated":true}]}}