{"id":1556,"date":"2022-08-31T17:12:50","date_gmt":"2022-08-31T20:12:50","guid":{"rendered":"https:\/\/www.cbm.df.gov.br\/corregedoria\/?page_id=1556"},"modified":"2023-12-11T14:57:57","modified_gmt":"2023-12-11T17:57:57","slug":"legislacao","status":"publish","type":"page","link":"https:\/\/www.cbm.df.gov.br\/compras\/legislacao\/","title":{"rendered":"2. Legisla\u00e7\u00e3o"},"content":{"rendered":"<p><img fetchpriority=\"high\" decoding=\"async\" class=\"aligncenter\" src=\"https:\/\/www.cbm.df.gov.br\/compras\/wp-content\/uploads\/2022\/09\/balanca-justica-725x483-1.jpg\" sizes=\"(max-width: 742px) 100vw, 742px\" srcset=\"https:\/\/www.cbm.df.gov.br\/compras\/wp-content\/uploads\/2022\/09\/balanca-justica-725x483-1.jpg 742w, https:\/\/www.cbm.df.gov.br\/compras\/wp-content\/uploads\/2022\/09\/balanca-justica-725x483-1-300x120.jpg 300w\" alt=\"\" width=\"742\" height=\"298\" \/><\/p>\n<p style=\"text-align: center;\"><em>Para acessar uma norma, clique em cima do nome dela\u00a0 e ser\u00e1 aberta em outra aba do navegador.<\/em><\/p>\n<h1 style=\"text-align: center;\"><b>Legisla\u00e7\u00e3o<\/b><\/h1>\n<h6><span style=\"font-weight: 400;\">Atualmente existem duas leis gerais de licita\u00e7\u00f5es em vigor: a Lei n\u00ba 8.666\/1993, com vig\u00eancia at\u00e9 dezembro de 2023 (MP n\u00ba 1.167\/2023) , e a Lei n\u00ba 14.133\/2021 &#8211; Nova de Lei de Licita\u00e7\u00f5es e Contratos.<\/span><\/h6>\n<h6><b>Quem precisa licitar? (Lei n\u00ba 14.133\/2021, Art. 1\u00ba)<\/b><\/h6>\n<h6><span style=\"font-weight: 400;\">As normas da Lei n\u00ba 14.133\/2021 aplicam-se \u00e0s Administra\u00e7\u00f5es P\u00fablicas diretas, aut\u00e1rquicas e fundacionais da Uni\u00e3o, dos Estados, do Distrito Federal e dos Munic\u00edpios, e abrange:\u00a0<\/span><\/h6>\n<ul>\n<li>\n<h6><span style=\"font-weight: 400;\">os \u00f3rg\u00e3os dos Poderes Legislativo e Judici\u00e1rio da Uni\u00e3o, dos Estados e do Distrito Federal e os \u00f3rg\u00e3os do Poder Legislativo dos Munic\u00edpios, quando no desempenho de fun\u00e7\u00e3o administrativa;\u00a0<\/span><\/h6>\n<\/li>\n<li>\n<h6><span style=\"font-weight: 400;\">os fundos especiais e as demais entidades controladas direta ou indiretamente pela Administra\u00e7\u00e3o P\u00fablica.\u00a0<\/span><\/h6>\n<\/li>\n<\/ul>\n<h6><span style=\"font-weight: 400;\">As empresas p\u00fablicas, as sociedades de economia mista e as suas subsidi\u00e1rias n\u00e3o s\u00e3o abrangidas por esta Lei, possuindo regramento pr\u00f3prio na Lei n\u00ba 13.303\/2016 \u2013 Lei das Estatais.<\/span><\/h6>\n<h6><b>Por que licitar? (Lei n\u00ba 14.133\/2021, Art. 11)<\/b><\/h6>\n<h6><span style=\"font-weight: 400;\">S\u00e3o objetivos da licita\u00e7\u00e3o:<\/span><\/h6>\n<ul>\n<li>\n<h6><span style=\"font-weight: 400;\">assegurar a sele\u00e7\u00e3o da proposta apta a gerar o resultado de contrata\u00e7\u00e3o mais vantajoso para a Administra\u00e7\u00e3o P\u00fablica, inclusive no que se refere ao ciclo de vida do objeto;<\/span><\/h6>\n<\/li>\n<li>\n<h6><span style=\"font-weight: 400;\">assegurar tratamento ison\u00f4mico entre os licitantes, bem como a justa competi\u00e7\u00e3o;<\/span><\/h6>\n<\/li>\n<li>\n<h6><span style=\"font-weight: 400;\">evitar contrata\u00e7\u00f5es com sobrepre\u00e7o ou com pre\u00e7os manifestamente inexequ\u00edveis e superfaturamento na execu\u00e7\u00e3o dos contratos;<\/span><\/h6>\n<\/li>\n<li>\n<h6><span style=\"font-weight: 400;\">incentivar a inova\u00e7\u00e3o e o desenvolvimento nacional sustent\u00e1vel.<\/span><\/h6>\n<\/li>\n<\/ul>\n<h5 style=\"text-align: center;\"><span style=\"font-weight: 400;\">Lei n\u00ba 14.133\/2021 &#8211; Nova de Lei de Licita\u00e7\u00f5es e Contratos.<\/span><\/h5>\n<p style=\"margin-bottom: var(--content-spacing); font-size: 16px; text-align: justify; color: #000000; font-family: Montserrat, sans-serif; font-weight: 400;\">\u25aa <a style=\"transition: var(--transition); --textdecoration: underline; background-color: inherit; font-size: inherit; font-style: var(--fontStyle, inherit); letter-spacing: var(--letterSpacing); text-transform: var(--textTransform);\" href=\"https:\/\/www.cbm.df.gov.br\/compras\/wp-content\/uploads\/2023\/11\/L14133_NOVA_LEI_LICITACOES1.pdf\" target=\"_blank\" rel=\"noopener\"><span style=\"font-weight: 400;\">Lei n\u00ba 14.133\/2021<\/span><\/a><\/p>\n<h6><em><span style=\"font-weight: 400;\">Lei de Licita\u00e7\u00f5es e Contratos Administrativos.<\/span><\/em><\/h6>\n<h5>\u00a0<\/h5>\n<h5 style=\"text-align: center;\"><span style=\"font-weight: 400;\">Lei n\u00ba 8.666\/1993 \u2013 Lei Geral de Licita\u00e7\u00f5es e Contratos (VIG\u00caNCIA AT\u00c9 DEZ\/2023)<\/span><\/h5>\n<p>\u25aa <a style=\"transition: var(--transition); --textdecoration: underline; background-color: inherit; font-size: inherit; font-style: var(--fontStyle, inherit); letter-spacing: var(--letterSpacing); text-transform: var(--textTransform);\" href=\"https:\/\/www.cbm.df.gov.br\/compras\/wp-content\/uploads\/2023\/11\/L8666_LICITACOES1.pdf\" target=\"_blank\" rel=\"noopener\"><span style=\"font-weight: 400;\">Lei n\u00ba 8.666\/1993<\/span><\/a><\/p>\n<h6><em><span style=\"font-weight: 400;\">Regulamenta o art. 37, inciso XXI, da Constitui\u00e7\u00e3o Federal, institui normas para licita\u00e7\u00f5es e contratos da Administra\u00e7\u00e3o P\u00fablica e d\u00e1 outras provid\u00eancias.<\/span><\/em><\/h6>\n<h5>\u00a0<\/h5>\n<h6><b>Principais diferen\u00e7as entre a 8.666\/1993 e a 14.133\/2021<\/b><\/h6>\n<h6><span style=\"font-weight: 400;\">A Nova Lei de Licita\u00e7\u00f5es trouxe v\u00e1rias novidades, entre elas:<\/span><\/h6>\n<ul>\n<li>\n<h6><span style=\"font-weight: 400;\">expandiu os objetivos e os princ\u00edpios da licita\u00e7\u00e3o;<\/span><\/h6>\n<\/li>\n<li>\n<h6><span style=\"font-weight: 400;\">alterou as fases da licita\u00e7\u00e3o;<\/span><\/h6>\n<\/li>\n<li>\n<h6><span style=\"font-weight: 400;\">as modalidades de licita\u00e7\u00e3o variam de acordo com a natureza do objeto e n\u00e3o mais conforme com o valor da contrata\u00e7\u00e3o;<\/span><\/h6>\n<\/li>\n<li>\n<h6><span style=\"font-weight: 400;\">criou uma modalidade de licita\u00e7\u00e3o: o di\u00e1logo competitivo;<\/span><\/h6>\n<\/li>\n<li>\n<h6><span style=\"font-weight: 400;\">deixou de prever as modalidades Convite e Tomada de Pre\u00e7os;<\/span><\/h6>\n<\/li>\n<li>\u00a0<span style=\"color: var(--heading-color, var(--heading-5-color, var(--headings-color))); font-family: var(--fontFamily); font-size: var(--fontSize); font-style: var(--fontStyle, inherit); letter-spacing: var(--letterSpacing); text-transform: var(--textTransform); background-color: transparent;\">alterou o rol de casos em que a licita\u00e7\u00e3o \u00e9 dispens\u00e1vel ou inexig\u00edvel<\/span><strong><span style=\"color: var(--heading-color, var(--heading-5-color, var(--headings-color))); font-family: var(--fontFamily); font-size: var(--fontSize); font-style: var(--fontStyle, inherit); letter-spacing: var(--letterSpacing); text-transform: var(--textTransform); background-color: transparent;\">.<\/span><\/strong><\/li>\n<\/ul>\n<h5>\u00a0<\/h5>\n<h5 style=\"text-align: center;\"><b>PREG\u00c3O ELETR\u00d4NICO<\/b><\/h5>\n<ul>\n<li><a href=\"https:\/\/www.cbm.df.gov.br\/compras\/wp-content\/uploads\/2023\/11\/D10024_PREGAO_ELETRONICO1.pdf\"><span style=\"font-weight: 400;\">Decreto N\u00ba 10.024, de 20 de Setembro de 2019.<\/span><\/a><\/li>\n<\/ul>\n<h6><em><span style=\"font-weight: 400;\">Regulamenta a licita\u00e7\u00e3o, na modalidade preg\u00e3o, na forma eletr\u00f4nica, para a aquisi\u00e7\u00e3o de bens e a contrata\u00e7\u00e3o de servi\u00e7os comuns, inclu\u00eddos os servi\u00e7os comuns de engenharia, e disp\u00f5e sobre o uso da dispensa eletr\u00f4nica, no \u00e2mbito da administra\u00e7\u00e3o p\u00fablica federal.<\/span><\/em><\/h6>\n<h5>\u00a0<\/h5>\n<h5 style=\"text-align: center;\"><b>SISTEMA DE REGISTRO DE PRE\u00c7OS<\/b><\/h5>\n<ul>\n<li><a href=\"https:\/\/www.cbm.df.gov.br\/compras\/wp-content\/uploads\/2023\/11\/D11462_REGISTRO_PRECOS.pdf\"><span style=\"font-weight: 400;\">Decreto N\u00ba 11.462, De 31 de Mar\u00e7o de 2023<\/span> <\/a><\/li>\n<\/ul>\n<h6><em><span style=\"font-weight: 400;\">Regulamenta os art. 82 a art. 86 da Lei n\u00ba 14.133, de 1\u00ba de abril de 2021, para dispor sobre o sistema de registro de pre\u00e7os para a contrata\u00e7\u00e3o de bens e servi\u00e7os, inclusive obras e servi\u00e7os de engenharia, no \u00e2mbito da Administra\u00e7\u00e3o P\u00fablica federal direta, aut\u00e1rquica e fundacional.<\/span><\/em><\/h6>\n<h5>\u00a0<\/h5>\n<h5 style=\"text-align: center;\"><b>ESTUDO T\u00c9CNICO PRELIMINAR<\/b><\/h5>\n<ul>\n<li><a href=\"https:\/\/www.cbm.df.gov.br\/compras\/wp-content\/uploads\/2023\/11\/IN_No_40_DE_22_DE_maio_DE_2020_ETP1.pdf\"><span style=\"font-weight: 400;\">Instru\u00e7\u00e3o Normativa N\u00ba 40, De 22 De Maio De 2020 &#8211; Disp\u00f5e sobre a elabora\u00e7\u00e3o dos Estudos T\u00e9cnicos Preliminares \u2013 ETP<\/span><\/a><\/li>\n<\/ul>\n<h6><em><span style=\"font-weight: 400;\">Disp\u00f5e sobre a elabora\u00e7\u00e3o dos Estudos T\u00e9cnicos Preliminares &#8211; ETP &#8211; para a aquisi\u00e7\u00e3o de bens e a contrata\u00e7\u00e3o de servi\u00e7os e obras, no \u00e2mbito da Administra\u00e7\u00e3o P\u00fablica federal direta, aut\u00e1rquica e fundacional, e sobre o Sistema ETP digital.<\/span><\/em><\/h6>\n<h5>\u00a0<\/h5>\n<h5 style=\"text-align: center;\"><b>PESQUISA DE PRE\u00c7O<\/b><\/h5>\n<ul>\n<li style=\"font-weight: 400;\" aria-level=\"2\"><a href=\"https:\/\/www.cbm.df.gov.br\/compras\/wp-content\/uploads\/2023\/11\/Portaria_514_de_16_11_2018_PESQUISA_DE_PRECO1_compressed.pdf\"><span style=\"font-weight: 400;\">Portaria n\u00ba 514, de 16 de Novembro de 2018<\/span><\/a><\/li>\n<\/ul>\n<h6><em><span style=\"font-weight: 400;\">Regulamenta os procedimentos administrativos b\u00e1sicos para realiza\u00e7\u00e3o de pesquisa de pre\u00e7os na aquisi\u00e7\u00e3o de bens e contrata\u00e7\u00e3o de servi\u00e7os em geral na forma do Decreto Distrital n\u00ba 39.453, de 14 de novembro de 2018.<\/span><\/em><\/h6>\n\n\n<p><\/p>\n","protected":false},"excerpt":{"rendered":"<p>Para acessar uma norma, clique em cima do nome dela\u00a0 e ser\u00e1 aberta em outra aba do navegador. Legisla\u00e7\u00e3o Atualmente existem duas leis gerais de licita\u00e7\u00f5es em vigor: a Lei n\u00ba 8.666\/1993, com vig\u00eancia at\u00e9 dezembro de 2023 (MP n\u00ba 1.167\/2023) , e a Lei n\u00ba 14.133\/2021 &#8211; Nova de Lei de Licita\u00e7\u00f5es e Contratos. [&hellip;]<\/p>\n","protected":false},"author":1,"featured_media":0,"parent":0,"menu_order":0,"comment_status":"closed","ping_status":"closed","template":"","meta":{"footnotes":""},"class_list":["post-1556","page","type-page","status-publish","hentry"],"blocksy_meta":{"styles_descriptor":{"styles":{"desktop":"","tablet":"","mobile":""},"google_fonts":[],"version":6}},"_links":{"self":[{"href":"https:\/\/www.cbm.df.gov.br\/compras\/wp-json\/wp\/v2\/pages\/1556","targetHints":{"allow":["GET"]}}],"collection":[{"href":"https:\/\/www.cbm.df.gov.br\/compras\/wp-json\/wp\/v2\/pages"}],"about":[{"href":"https:\/\/www.cbm.df.gov.br\/compras\/wp-json\/wp\/v2\/types\/page"}],"author":[{"embeddable":true,"href":"https:\/\/www.cbm.df.gov.br\/compras\/wp-json\/wp\/v2\/users\/1"}],"replies":[{"embeddable":true,"href":"https:\/\/www.cbm.df.gov.br\/compras\/wp-json\/wp\/v2\/comments?post=1556"}],"version-history":[{"count":150,"href":"https:\/\/www.cbm.df.gov.br\/compras\/wp-json\/wp\/v2\/pages\/1556\/revisions"}],"predecessor-version":[{"id":2497,"href":"https:\/\/www.cbm.df.gov.br\/compras\/wp-json\/wp\/v2\/pages\/1556\/revisions\/2497"}],"wp:attachment":[{"href":"https:\/\/www.cbm.df.gov.br\/compras\/wp-json\/wp\/v2\/media?parent=1556"}],"curies":[{"name":"wp","href":"https:\/\/api.w.org\/{rel}","templated":true}]}}