{"id":1557,"date":"2022-08-31T17:12:50","date_gmt":"2022-08-31T20:12:50","guid":{"rendered":"https:\/\/www.cbm.df.gov.br\/corregedoria\/?page_id=1557"},"modified":"2023-12-11T15:07:30","modified_gmt":"2023-12-11T18:07:30","slug":"fluxogramas","status":"publish","type":"page","link":"https:\/\/www.cbm.df.gov.br\/compras\/fluxogramas\/","title":{"rendered":"3. Fluxogramas"},"content":{"rendered":"\n<p><\/p>\n\n\n\n<p><\/p>\n\n\n\n<p class=\"has-text-align-center has-black-color has-text-color has-medium-font-size\"><strong>SOLICITA\u00c7\u00c3O DE COMPRAS<\/strong><\/p>\n\n\n\n<figure class=\"wp-block-image aligncenter size-large is-resized\"><img fetchpriority=\"high\" decoding=\"async\" width=\"1024\" height=\"457\" src=\"https:\/\/www.cbm.df.gov.br\/compras\/wp-content\/uploads\/2023\/12\/Fluxograma_compras-1024x457.jpg\" alt=\"\" class=\"wp-image-2498\" style=\"aspect-ratio:2.4854368932038833;width:1450px;height:auto\" srcset=\"https:\/\/www.cbm.df.gov.br\/compras\/wp-content\/uploads\/2023\/12\/Fluxograma_compras-1024x457.jpg 1024w, https:\/\/www.cbm.df.gov.br\/compras\/wp-content\/uploads\/2023\/12\/Fluxograma_compras-300x134.jpg 300w, https:\/\/www.cbm.df.gov.br\/compras\/wp-content\/uploads\/2023\/12\/Fluxograma_compras-768x343.jpg 768w, https:\/\/www.cbm.df.gov.br\/compras\/wp-content\/uploads\/2023\/12\/Fluxograma_compras-1536x686.jpg 1536w, https:\/\/www.cbm.df.gov.br\/compras\/wp-content\/uploads\/2023\/12\/Fluxograma_compras.jpg 1894w\" sizes=\"(max-width: 1024px) 100vw, 1024px\" \/><\/figure>\n\n\n\n<p><\/p>\n\n\n\n<p><\/p>\n\n\n\n<div style=\"height:30px\" aria-hidden=\"true\" class=\"wp-block-spacer\"><\/div>\n\n\n\n<p class=\"has-text-align-center has-palette-color-4-color has-text-color has-medium-font-size\"><strong>AQUISI\u00c7\u00c3O DE MATERIAIS<\/strong><\/p>\n\n\n\n<figure class=\"wp-block-image aligncenter size-large is-resized\"><img decoding=\"async\" width=\"1024\" height=\"557\" src=\"https:\/\/www.cbm.df.gov.br\/compras\/wp-content\/uploads\/2023\/12\/Fluxograma_aquisicao_materiais-1024x557.jpg\" alt=\"\" class=\"wp-image-2500\" style=\"width:1450px;height:auto\" srcset=\"https:\/\/www.cbm.df.gov.br\/compras\/wp-content\/uploads\/2023\/12\/Fluxograma_aquisicao_materiais-1024x557.jpg 1024w, https:\/\/www.cbm.df.gov.br\/compras\/wp-content\/uploads\/2023\/12\/Fluxograma_aquisicao_materiais-300x163.jpg 300w, https:\/\/www.cbm.df.gov.br\/compras\/wp-content\/uploads\/2023\/12\/Fluxograma_aquisicao_materiais-768x418.jpg 768w, https:\/\/www.cbm.df.gov.br\/compras\/wp-content\/uploads\/2023\/12\/Fluxograma_aquisicao_materiais.jpg 1486w\" sizes=\"(max-width: 1024px) 100vw, 1024px\" \/><\/figure>\n\n\n\n<div style=\"height:30px\" aria-hidden=\"true\" class=\"wp-block-spacer\"><\/div>\n\n\n\n<p><\/p>\n\n\n\n<p><\/p>\n\n\n\n<p><\/p>\n\n\n\n<p class=\"has-text-align-center has-palette-color-4-color has-text-color has-medium-font-size\"><strong>EXECU\u00c7\u00c3O DE SERVI\u00c7OS<\/strong><\/p>\n\n\n\n<figure class=\"wp-block-image aligncenter size-large is-resized\"><img decoding=\"async\" width=\"1024\" height=\"556\" src=\"https:\/\/www.cbm.df.gov.br\/compras\/wp-content\/uploads\/2023\/12\/Fluxograma_execucao_servicos-1024x556.jpg\" alt=\"\" class=\"wp-image-2501\" style=\"width:1450px;height:auto\" srcset=\"https:\/\/www.cbm.df.gov.br\/compras\/wp-content\/uploads\/2023\/12\/Fluxograma_execucao_servicos-1024x556.jpg 1024w, https:\/\/www.cbm.df.gov.br\/compras\/wp-content\/uploads\/2023\/12\/Fluxograma_execucao_servicos-300x163.jpg 300w, https:\/\/www.cbm.df.gov.br\/compras\/wp-content\/uploads\/2023\/12\/Fluxograma_execucao_servicos-768x417.jpg 768w, https:\/\/www.cbm.df.gov.br\/compras\/wp-content\/uploads\/2023\/12\/Fluxograma_execucao_servicos.jpg 1447w\" sizes=\"(max-width: 1024px) 100vw, 1024px\" \/><\/figure>\n\n\n\n<div style=\"height:30px\" aria-hidden=\"true\" class=\"wp-block-spacer\"><\/div>\n\n\n\n<p><\/p>\n\n\n\n<p><\/p>\n\n\n\n<p class=\"has-text-align-center has-palette-color-4-color has-text-color has-medium-font-size\"><strong>MAPEAMENTO DE PROCESSO<\/strong><\/p>\n\n\n\n<figure class=\"wp-block-image aligncenter size-large is-resized\"><img loading=\"lazy\" decoding=\"async\" width=\"1024\" height=\"770\" src=\"https:\/\/www.cbm.df.gov.br\/compras\/wp-content\/uploads\/2023\/10\/Mapeamento-de-Processos-1024x770.jpg\" alt=\"\" class=\"wp-image-2423\" style=\"width:997px;height:auto\" srcset=\"https:\/\/www.cbm.df.gov.br\/compras\/wp-content\/uploads\/2023\/10\/Mapeamento-de-Processos-1024x770.jpg 1024w, https:\/\/www.cbm.df.gov.br\/compras\/wp-content\/uploads\/2023\/10\/Mapeamento-de-Processos-300x226.jpg 300w, https:\/\/www.cbm.df.gov.br\/compras\/wp-content\/uploads\/2023\/10\/Mapeamento-de-Processos-768x578.jpg 768w, https:\/\/www.cbm.df.gov.br\/compras\/wp-content\/uploads\/2023\/10\/Mapeamento-de-Processos.jpg 1270w\" sizes=\"(max-width: 1024px) 100vw, 1024px\" \/><\/figure>\n\n\n\n<div style=\"height:30px\" aria-hidden=\"true\" class=\"wp-block-spacer\"><\/div>\n\n\n\n<div style=\"height:55px\" aria-hidden=\"true\" class=\"wp-block-spacer\"><\/div>\n\n\n","protected":false},"excerpt":{"rendered":"<p>SOLICITA\u00c7\u00c3O DE COMPRAS AQUISI\u00c7\u00c3O DE MATERIAIS EXECU\u00c7\u00c3O DE SERVI\u00c7OS MAPEAMENTO DE PROCESSO<\/p>\n","protected":false},"author":1,"featured_media":0,"parent":0,"menu_order":0,"comment_status":"closed","ping_status":"closed","template":"","meta":{"footnotes":""},"class_list":["post-1557","page","type-page","status-publish","hentry"],"blocksy_meta":{"styles_descriptor":{"styles":{"desktop":"","tablet":"","mobile":""},"google_fonts":[],"version":6}},"_links":{"self":[{"href":"https:\/\/www.cbm.df.gov.br\/compras\/wp-json\/wp\/v2\/pages\/1557","targetHints":{"allow":["GET"]}}],"collection":[{"href":"https:\/\/www.cbm.df.gov.br\/compras\/wp-json\/wp\/v2\/pages"}],"about":[{"href":"https:\/\/www.cbm.df.gov.br\/compras\/wp-json\/wp\/v2\/types\/page"}],"author":[{"embeddable":true,"href":"https:\/\/www.cbm.df.gov.br\/compras\/wp-json\/wp\/v2\/users\/1"}],"replies":[{"embeddable":true,"href":"https:\/\/www.cbm.df.gov.br\/compras\/wp-json\/wp\/v2\/comments?post=1557"}],"version-history":[{"count":61,"href":"https:\/\/www.cbm.df.gov.br\/compras\/wp-json\/wp\/v2\/pages\/1557\/revisions"}],"predecessor-version":[{"id":2505,"href":"https:\/\/www.cbm.df.gov.br\/compras\/wp-json\/wp\/v2\/pages\/1557\/revisions\/2505"}],"wp:attachment":[{"href":"https:\/\/www.cbm.df.gov.br\/compras\/wp-json\/wp\/v2\/media?parent=1557"}],"curies":[{"name":"wp","href":"https:\/\/api.w.org\/{rel}","templated":true}]}}