{"id":1607,"date":"2022-09-01T09:53:47","date_gmt":"2022-09-01T12:53:47","guid":{"rendered":"https:\/\/www.cbm.df.gov.br\/corregedoria\/?page_id=1607"},"modified":"2024-07-05T16:47:42","modified_gmt":"2024-07-05T19:47:42","slug":"corregedoria-do-cbmdf","status":"publish","type":"page","link":"https:\/\/www.cbm.df.gov.br\/compras\/","title":{"rendered":"1. P\u00e1gina de Compras do CBMDF"},"content":{"rendered":"<p><img fetchpriority=\"high\" decoding=\"async\" class=\"aligncenter\" src=\"https:\/\/www.cbm.df.gov.br\/compras\/wp-content\/uploads\/2023\/11\/capa_4.png\" sizes=\"(max-width: 1272px) 100vw, 1272px\" srcset=\"https:\/\/www.cbm.df.gov.br\/compras\/wp-content\/uploads\/2023\/11\/capa_4.png 1280w, https:\/\/www.cbm.df.gov.br\/compras\/wp-content\/uploads\/2023\/11\/capa_4-300x169.png 300w, https:\/\/www.cbm.df.gov.br\/compras\/wp-content\/uploads\/2023\/11\/capa_4-1024x576.png 1024w, https:\/\/www.cbm.df.gov.br\/compras\/wp-content\/uploads\/2023\/11\/capa_4-768x432.png 768w\" alt=\"\" width=\"1272\" height=\"716\" \/><\/p>\r\n\r\n<p>Seja bem-vindo \u00e0 p\u00e1gina de Compras do CBMDF.<\/p>\r\n\r\n\r\n\r\n<p>Aqui est\u00e3o disponibilizadas informa\u00e7\u00f5es pr\u00e1ticas referentes aos processos de compras e aquisi\u00e7\u00f5es dentro do CBMDF. Essas informa\u00e7\u00f5es visam facilitar e fomentar tais conhecimentos a todos, especialmente aos encarregados dos processos.<\/p>\r\n\r\n\r\n\r\n<p>Por meio do menu, est\u00e3o dispon\u00edveis:<\/p>\r\n\r\n\r\n\r\n<p>a) comece aqui;<\/p>\r\n\r\n\r\n\r\n<p>b) legisla\u00e7\u00e3o pertinente;<\/p>\r\n\r\n\r\n\r\n<p>c) fluxogramas;<\/p>\r\n\r\n\r\n\r\n<p>d) apostilas;<\/p>\r\n\r\n\r\n\r\n<p>e) modelos de documentos SEI; e<\/p>\r\n\r\n\r\n\r\n<p>f) perguntas frequentes.<\/p>\r\n\r\n\r\n\r\n<p>&nbsp;<\/p>\r\n\r\n\r\n\r\n<p>&nbsp;<\/p>\r\n","protected":false},"excerpt":{"rendered":"<p>Seja bem-vindo \u00e0 p\u00e1gina de Compras do CBMDF. Aqui est\u00e3o disponibilizadas informa\u00e7\u00f5es pr\u00e1ticas referentes aos processos de compras e aquisi\u00e7\u00f5es dentro do CBMDF. Essas informa\u00e7\u00f5es visam facilitar e fomentar tais conhecimentos a todos, especialmente aos encarregados dos processos. Por meio do menu, est\u00e3o dispon\u00edveis: a) comece aqui; b) legisla\u00e7\u00e3o pertinente; c) fluxogramas; d) apostilas; e) [&hellip;]<\/p>\n","protected":false},"author":1,"featured_media":0,"parent":0,"menu_order":0,"comment_status":"closed","ping_status":"closed","template":"","meta":{"footnotes":""},"class_list":["post-1607","page","type-page","status-publish","hentry"],"blocksy_meta":{"styles_descriptor":{"styles":{"desktop":"","tablet":"","mobile":""},"google_fonts":[],"version":6}},"_links":{"self":[{"href":"https:\/\/www.cbm.df.gov.br\/compras\/wp-json\/wp\/v2\/pages\/1607","targetHints":{"allow":["GET"]}}],"collection":[{"href":"https:\/\/www.cbm.df.gov.br\/compras\/wp-json\/wp\/v2\/pages"}],"about":[{"href":"https:\/\/www.cbm.df.gov.br\/compras\/wp-json\/wp\/v2\/types\/page"}],"author":[{"embeddable":true,"href":"https:\/\/www.cbm.df.gov.br\/compras\/wp-json\/wp\/v2\/users\/1"}],"replies":[{"embeddable":true,"href":"https:\/\/www.cbm.df.gov.br\/compras\/wp-json\/wp\/v2\/comments?post=1607"}],"version-history":[{"count":113,"href":"https:\/\/www.cbm.df.gov.br\/compras\/wp-json\/wp\/v2\/pages\/1607\/revisions"}],"predecessor-version":[{"id":2667,"href":"https:\/\/www.cbm.df.gov.br\/compras\/wp-json\/wp\/v2\/pages\/1607\/revisions\/2667"}],"wp:attachment":[{"href":"https:\/\/www.cbm.df.gov.br\/compras\/wp-json\/wp\/v2\/media?parent=1607"}],"curies":[{"name":"wp","href":"https:\/\/api.w.org\/{rel}","templated":true}]}}