{"id":2506,"date":"2023-12-11T15:28:00","date_gmt":"2023-12-11T18:28:00","guid":{"rendered":"https:\/\/www.cbm.df.gov.br\/compras\/?page_id=2506"},"modified":"2023-12-12T16:27:59","modified_gmt":"2023-12-12T19:27:59","slug":"5-modelos-de-documentos-sei","status":"publish","type":"page","link":"https:\/\/www.cbm.df.gov.br\/compras\/5-modelos-de-documentos-sei\/","title":{"rendered":"5. Modelos"},"content":{"rendered":"\n<figure class=\"wp-block-image alignright size-full is-resized\"><a href=\"https:\/\/sei.df.gov.br\/sip\/login.php?sigla_orgao_sistema=GDF&amp;sigla_sistema=SEI\"><img fetchpriority=\"high\" decoding=\"async\" width=\"626\" height=\"300\" src=\"https:\/\/www.cbm.df.gov.br\/compras\/wp-content\/uploads\/2023\/12\/323185-Banner-Atualizacao-SEI-2.png\" alt=\"\" class=\"wp-image-2544\" style=\"width:517px;height:auto\" srcset=\"https:\/\/www.cbm.df.gov.br\/compras\/wp-content\/uploads\/2023\/12\/323185-Banner-Atualizacao-SEI-2.png 626w, https:\/\/www.cbm.df.gov.br\/compras\/wp-content\/uploads\/2023\/12\/323185-Banner-Atualizacao-SEI-2-300x144.png 300w\" sizes=\"(max-width: 626px) 100vw, 626px\" \/><\/a><figcaption class=\"wp-element-caption\">                                   Clique na imagem para acessar o SEI<\/figcaption><\/figure>\n\n\n\n<p>Clique nos links disponibilizados abaixo para ter acesso aos modelos de documentos SEI.<\/p>\n\n\n\n<ol class=\"wp-block-list\">\n<li><a href=\"https:\/\/www.cbm.df.gov.br\/compras\/wp-content\/uploads\/2023\/12\/MODELO_-DOD.pdf\" data-type=\"link\" data-id=\"https:\/\/www.cbm.df.gov.br\/compras\/wp-content\/uploads\/2023\/12\/MODELO_-DOD.pdf\" target=\"_blank\" rel=\"noreferrer noopener\">Modelo de Documento Oficial de Demanda<\/a> (<a href=\"https:\/\/sei.df.gov.br\/sei\/controlador.php?acao=procedimento_trabalhar&amp;acao_origem=protocolo_pesquisa_rapida&amp;id_protocolo=117356497&amp;infra_sistema=100000100&amp;infra_unidade_atual=110001184&amp;infra_hash=7f0d54b47d62219d5dccaaf3232c8b9fc083fdddf072166f9b333adc649da760\" target=\"_blank\" rel=\"noreferrer noopener\">104444822<\/a> e <a href=\"https:\/\/sei.df.gov.br\/sei\/controlador.php?acao=procedimento_trabalhar&amp;acao_origem=protocolo_pesquisa_rapida&amp;id_protocolo=123404006&amp;infra_sistema=100000100&amp;infra_unidade_atual=110001184&amp;infra_hash=1518ccb1bafcdfd880fbf0b830a0c2a45a0b82adb97eade3be4d7f3ae98f684c\" target=\"_blank\" rel=\"noreferrer noopener\">109882934<\/a>)<\/li>\n\n\n\n<li><a href=\"https:\/\/www.cbm.df.gov.br\/compras\/wp-content\/uploads\/2023\/12\/MODELO-ETP.pdf\" data-type=\"link\" data-id=\"https:\/\/www.cbm.df.gov.br\/compras\/wp-content\/uploads\/2023\/12\/MODELO-ETP.pdf\" target=\"_blank\" rel=\"noreferrer noopener\">Modelo &#8211; Estudo T\u00e9cnico Preliminar &#8211; ETP<\/a> (<a href=\"https:\/\/sei.df.gov.br\/sei\/controlador.php?acao=procedimento_trabalhar&amp;acao_origem=protocolo_pesquisa_rapida&amp;id_protocolo=123832928&amp;infra_sistema=100000100&amp;infra_unidade_atual=110001184&amp;infra_hash=06ebfaa245dd5d457bf967f9dbb663c27b04591c711f5dd15301826d91d8eab0\" target=\"_blank\" rel=\"noreferrer noopener\">110196774<\/a>)<\/li>\n\n\n\n<li><a href=\"https:\/\/www.cbm.df.gov.br\/compras\/wp-content\/uploads\/2023\/12\/MODELO-MAPA-DE-RISCOS.pdf\" target=\"_blank\" rel=\"noreferrer noopener\">Modelo &#8211; Mapa de Riscos<\/a> (<a href=\"https:\/\/sei.df.gov.br\/sei\/controlador.php?acao=procedimento_trabalhar&amp;acao_origem=protocolo_pesquisa_rapida&amp;id_protocolo=121966388&amp;infra_sistema=100000100&amp;infra_unidade_atual=110001184&amp;infra_hash=a9c8bed68963c3c2f4cdafd7f129a65cf1e2fc58927b809344598d1dbb391aea\" target=\"_blank\" rel=\"noreferrer noopener\">108610959<\/a>)<\/li>\n\n\n\n<li><a href=\"https:\/\/www.cbm.df.gov.br\/compras\/wp-content\/uploads\/2023\/12\/Modelo-de-Pedido-de-Aquisicao-de-Materiais.pdf\" target=\"_blank\" rel=\"noreferrer noopener\">Modelo de Pedido de Aquisi\u00e7\u00e3o de Materiais &#8211; PAM<\/a> (<a href=\"https:\/\/sei.df.gov.br\/sei\/controlador.php?acao=procedimento_trabalhar&amp;acao_origem=protocolo_pesquisa_rapida&amp;id_protocolo=129506575&amp;infra_sistema=100000100&amp;infra_unidade_atual=110001184&amp;infra_hash=5ecb5c57abe2db57b79b04822b560854a9bbd9ec812bce7a04730853c7a30a29\" target=\"_blank\" rel=\"noreferrer noopener\">115122160<\/a>)<\/li>\n\n\n\n<li><a href=\"https:\/\/www.cbm.df.gov.br\/compras\/wp-content\/uploads\/2023\/12\/Modelo-de-Pedido-de-Execucao-de-Servico.pdf\" target=\"_blank\" rel=\"noreferrer noopener\">Modelo de Pedido de Aquisi\u00e7\u00e3o de Servi\u00e7o &#8211; PES<\/a> (<a href=\"https:\/\/sei.df.gov.br\/sei\/controlador.php?acao=procedimento_trabalhar&amp;acao_origem=protocolo_pesquisa_rapida&amp;id_protocolo=135935044&amp;infra_sistema=100000100&amp;infra_unidade_atual=110001184&amp;infra_hash=b9c0afdbb0d4a195d158351bffe6dee98b1a210172aff27f9a6e22f03353b93c\" target=\"_blank\" rel=\"noreferrer noopener\">121000459<\/a>)<\/li>\n\n\n\n<li><a href=\"https:\/\/www.cbm.df.gov.br\/compras\/wp-content\/uploads\/2023\/12\/modelo-planilha-financeira.pdf\" target=\"_blank\" rel=\"noreferrer noopener\">Modelo de Planilha Financeira<\/a> (<a href=\"https:\/\/sei.df.gov.br\/sei\/controlador.php?acao=procedimento_trabalhar&amp;acao_origem=protocolo_pesquisa_rapida&amp;id_protocolo=117499745&amp;infra_sistema=100000100&amp;infra_unidade_atual=110001184&amp;infra_hash=cda786bf5d8b295d7a6a85286377365a816570bd4f402593323fc8887e6b9895\" target=\"_blank\" rel=\"noreferrer noopener\">104575047<\/a>)<\/li>\n\n\n\n<li><a href=\"https:\/\/www.cbm.df.gov.br\/compras\/wp-content\/uploads\/2023\/12\/SEI_GDF-86083943-Termo-de-Referencia.pdf\" target=\"_blank\" rel=\"noreferrer noopener\">Modelo de Termo de Refer\u00eancia<\/a> (<a href=\"https:\/\/sei.df.gov.br\/sei\/controlador.php?acao=procedimento_trabalhar&amp;acao_origem=protocolo_pesquisa_rapida&amp;id_protocolo=97337268&amp;infra_sistema=100000100&amp;infra_unidade_atual=110001184&amp;infra_hash=2c774046fdc7a76d21650be8031930fb6ce6bf6bb4e649dd0ee270e2f7629e72\" target=\"_blank\" rel=\"noreferrer noopener\">86083943<\/a>)<\/li>\n\n\n\n<li><a href=\"https:\/\/www.cbm.df.gov.br\/compras\/wp-content\/uploads\/2023\/12\/Modelo-de-declaracao-de-nao-parcelamento.pdf\" target=\"_blank\" rel=\"noreferrer noopener\">Modelo &#8211; Declara\u00e7\u00e3o de n\u00e3o parcelamento da inten\u00e7\u00e3o de compra<\/a> (<a href=\"https:\/\/sei.df.gov.br\/sei\/controlador.php?acao=procedimento_trabalhar&amp;acao_origem=protocolo_pesquisa_rapida&amp;id_protocolo=118841310&amp;infra_sistema=100000100&amp;infra_unidade_atual=110001184&amp;infra_hash=15b9ef64c6bceb5aec118a07f20a364f9db2ce5f3839da21c420d355ab8cc16d\" target=\"_blank\" rel=\"noreferrer noopener\">105792884<\/a>)<\/li>\n<\/ol>\n\n\n\n<figure class=\"wp-block-image alignleft size-full is-resized\"><img decoding=\"async\" width=\"400\" height=\"400\" src=\"https:\/\/www.cbm.df.gov.br\/compras\/wp-content\/uploads\/2023\/12\/logo_cbmdf-removebg-preview.png\" alt=\"\" class=\"wp-image-2553\" style=\"width:97px;height:auto\" srcset=\"https:\/\/www.cbm.df.gov.br\/compras\/wp-content\/uploads\/2023\/12\/logo_cbmdf-removebg-preview.png 400w, https:\/\/www.cbm.df.gov.br\/compras\/wp-content\/uploads\/2023\/12\/logo_cbmdf-removebg-preview-300x300.png 300w, https:\/\/www.cbm.df.gov.br\/compras\/wp-content\/uploads\/2023\/12\/logo_cbmdf-removebg-preview-150x150.png 150w\" sizes=\"(max-width: 400px) 100vw, 400px\" \/><\/figure>\n\n\n\n<h4 class=\"wp-block-heading\"><a href=\"https:\/\/www.cbm.df.gov.br\/lai\/licitacoes\/licitacoes\/\" target=\"_blank\" rel=\"noreferrer noopener\">Licita\u00e7\u00f5es do Corpo de Bombeiros Militar do Distrito Federal<\/a><\/h4>\n\n\n\n<p>Compras e Aquisi\u00e7\u00f5es do CBMDF que obtiveram \u00eaxito de 2014 a 2023.<\/p>\n\n\n\n<p><\/p>\n\n\n\n<p><\/p>\n","protected":false},"excerpt":{"rendered":"<p>Clique nos links disponibilizados abaixo para ter acesso aos modelos de documentos SEI. Licita\u00e7\u00f5es do Corpo de Bombeiros Militar do Distrito Federal Compras e Aquisi\u00e7\u00f5es do CBMDF que obtiveram \u00eaxito de 2014 a 2023.<\/p>\n","protected":false},"author":4,"featured_media":0,"parent":0,"menu_order":0,"comment_status":"closed","ping_status":"closed","template":"","meta":{"footnotes":""},"class_list":["post-2506","page","type-page","status-publish","hentry"],"blocksy_meta":[],"_links":{"self":[{"href":"https:\/\/www.cbm.df.gov.br\/compras\/wp-json\/wp\/v2\/pages\/2506","targetHints":{"allow":["GET"]}}],"collection":[{"href":"https:\/\/www.cbm.df.gov.br\/compras\/wp-json\/wp\/v2\/pages"}],"about":[{"href":"https:\/\/www.cbm.df.gov.br\/compras\/wp-json\/wp\/v2\/types\/page"}],"author":[{"embeddable":true,"href":"https:\/\/www.cbm.df.gov.br\/compras\/wp-json\/wp\/v2\/users\/4"}],"replies":[{"embeddable":true,"href":"https:\/\/www.cbm.df.gov.br\/compras\/wp-json\/wp\/v2\/comments?post=2506"}],"version-history":[{"count":37,"href":"https:\/\/www.cbm.df.gov.br\/compras\/wp-json\/wp\/v2\/pages\/2506\/revisions"}],"predecessor-version":[{"id":2615,"href":"https:\/\/www.cbm.df.gov.br\/compras\/wp-json\/wp\/v2\/pages\/2506\/revisions\/2615"}],"wp:attachment":[{"href":"https:\/\/www.cbm.df.gov.br\/compras\/wp-json\/wp\/v2\/media?parent=2506"}],"curies":[{"name":"wp","href":"https:\/\/api.w.org\/{rel}","templated":true}]}}