{"id":1556,"date":"2022-08-31T17:12:50","date_gmt":"2022-08-31T20:12:50","guid":{"rendered":"https:\/\/www.cbm.df.gov.br\/corregedoria\/?page_id=1556"},"modified":"2024-04-26T16:48:34","modified_gmt":"2024-04-26T19:48:34","slug":"legislacao","status":"publish","type":"page","link":"https:\/\/www.cbm.df.gov.br\/corregedoria\/?page_id=1556","title":{"rendered":"Legisla\u00e7\u00e3o"},"content":{"rendered":"\t\t<div data-elementor-type=\"wp-page\" data-elementor-id=\"1556\" class=\"elementor elementor-1556\">\n\t\t\t\t\t\t<section class=\"elementor-section elementor-top-section elementor-element elementor-element-1c10f984 elementor-section-boxed elementor-section-height-default elementor-section-height-default\" data-id=\"1c10f984\" data-element_type=\"section\" data-e-type=\"section\">\n\t\t\t\t\t\t<div class=\"elementor-container elementor-column-gap-default\">\n\t\t\t\t\t<div class=\"elementor-column elementor-col-100 elementor-top-column elementor-element elementor-element-43bc05de\" data-id=\"43bc05de\" data-element_type=\"column\" data-e-type=\"column\">\n\t\t\t<div class=\"elementor-widget-wrap elementor-element-populated\">\n\t\t\t\t\t\t<div class=\"elementor-element elementor-element-e9e9b4b elementor-widget elementor-widget-image\" data-id=\"e9e9b4b\" data-element_type=\"widget\" data-e-type=\"widget\" data-widget_type=\"image.default\">\n\t\t\t\t<div class=\"elementor-widget-container\">\n\t\t\t\t\t\t\t\t\t\t\t\t\t\t\t<img fetchpriority=\"high\" decoding=\"async\" width=\"742\" height=\"298\" src=\"https:\/\/www.cbm.df.gov.br\/corregedoria\/wp-content\/uploads\/2022\/09\/balanca-justica-725x483-1.jpg\" class=\"attachment-medium_large size-medium_large wp-image-1909\" alt=\"\" srcset=\"https:\/\/www.cbm.df.gov.br\/corregedoria\/wp-content\/uploads\/2022\/09\/balanca-justica-725x483-1.jpg 742w, https:\/\/www.cbm.df.gov.br\/corregedoria\/wp-content\/uploads\/2022\/09\/balanca-justica-725x483-1-300x120.jpg 300w\" sizes=\"(max-width: 742px) 100vw, 742px\" \/>\t\t\t\t\t\t\t\t\t\t\t\t\t\t\t<\/div>\n\t\t\t\t<\/div>\n\t\t\t\t<div class=\"elementor-element elementor-element-27072128 elementor-drop-cap-yes elementor-drop-cap-view-default elementor-widget elementor-widget-text-editor\" data-id=\"27072128\" data-element_type=\"widget\" data-e-type=\"widget\" data-settings=\"{&quot;drop_cap&quot;:&quot;yes&quot;}\" data-widget_type=\"text-editor.default\">\n\t\t\t\t<div class=\"elementor-widget-container\">\n\t\t\t\t\t\t\t\t\t<p><\/p>\n<p style=\"text-align: center;\"><span style=\"color: #808080;\"><em>Para acessar uma norma, clique em cima do nome dela (letra em vermelha). A norma ser\u00e1 aberta em outra aba do navegador.<\/em><\/span><\/p>\n<div>\n<h5 style=\"--theme-font-weight: 700; --theme-font-size: 20px; --theme-line-height: 1.5; margin-top: var(--content-spacing); margin-bottom: calc(var(--has-content-spacing, 1)*(0.3em + 10px)); font-size: var(--fontSize); text-align: center; line-height: var(--lineHeight); font-family: var(--fontFamily); font-weight: var(--fontWeight); font-style: normal; letter-spacing: normal; text-transform: none; text-decoration-thickness: initial; text-decoration-style: initial; text-decoration-color: initial; --fontWeight: 700; --fontSize: 20px; --lineHeight: 1.5; --fontweight: 700; --fontsize: 20px; --lineheight: 1.5;\"><strong>PROCEDIMENTO DE APURA\u00c7\u00c3O PRELIMINAR (PAP)<\/strong><\/h5>\n<\/div>\n<p style=\"margin-bottom: var(--content-spacing); font-size: 16px; text-align: justify; color: #000000; font-family: Montserrat, sans-serif; font-weight: 400;\">\n<\/p><p style=\"margin-bottom: var(--content-spacing); font-size: 16px; text-align: justify; color: #000000; font-family: Montserrat, sans-serif; font-weight: 400;\">\n<\/p><p style=\"margin-bottom: var(--content-spacing); font-size: 16px; text-align: justify; color: #000000; font-family: Montserrat, sans-serif; font-weight: 400;\">\u25aa&nbsp;<a style=\"transition: var(--transition); --textdecoration: underline; background-color: inherit; font-size: inherit; font-style: var(--fontStyle, inherit); letter-spacing: var(--letterSpacing); text-transform: var(--textTransform);\" href=\"https:\/\/www.cbm.df.gov.br\/corregedoria\/wp-content\/uploads\/2022\/09\/Instrucao-Normativa-01-2017-PAP.pdf\" target=\"_blank\" rel=\"noopener\"><span style=\"font-weight: bold;\">Instru\u00e7\u00e3o Normativa n\u00ba 1\/2017<\/span><\/a>&nbsp;<\/p>\n<p style=\"margin-bottom: var(--content-spacing); font-size: 16px; text-align: justify; color: #000000; font-family: Montserrat, sans-serif; font-weight: 400;\">\n<\/p><p style=\"margin-bottom: var(--content-spacing); font-size: 16px; text-align: justify; color: #000000; font-family: Montserrat, sans-serif; font-weight: 400;\">\n<\/p><p style=\"margin-bottom: var(--content-spacing); font-size: 16px; text-align: justify; color: #000000; font-family: Montserrat, sans-serif; font-weight: 400;\"><em>Normatiza o Procedimento de Apura\u00e7\u00e3o Preliminar (PAP), processo administrativo disciplinar sumar\u00edssimo (ou seja, muito c\u00e9lere) inquisitorial (isto \u00e9, meramente investigativo), que visa obter elementos de informa\u00e7\u00e3o visando arquivar o feito ou instaurar uma sindic\u00e2ncia. Em outras palavras, o PAP \u00e9 um processo pr\u00e9vio a um processo administrativo disciplinar ou ao arquivamento de uma not\u00edcia de fato.<\/em><\/p>\n<p style=\"margin-bottom: var(--content-spacing); font-size: 16px; text-align: justify; color: #000000; font-family: Montserrat, sans-serif; font-weight: 400;\"><em><br><\/em><\/p>\n<h5 style=\"--fontWeight: 700; --fontSize: 20px; --lineHeight: 1.5; margin-top: var(--content-spacing); margin-bottom: calc(var(--has-content-spacing, 1)*(0.3em + 10px)); font-size: var(--fontSize); text-align: center; line-height: var(--lineHeight); font-family: var(--fontFamily); font-weight: var(--fontWeight); font-style: normal; letter-spacing: normal; text-transform: none; text-decoration-thickness: initial; text-decoration-style: initial; text-decoration-color: initial; --fontweight: 700; --fontsize: 20px; --lineheight: 1.5;\"><strong>MEMORANDOS ACUSAT\u00d3RIOS<\/strong><\/h5>\n<p style=\"margin-bottom: var(--content-spacing); font-size: 16px; text-align: justify;\">\n<\/p><p style=\"margin-bottom: var(--content-spacing); font-size: 16px; text-align: justify;\">\n<\/p><p style=\"margin-bottom: var(--content-spacing); font-size: 16px; text-align: justify;\">\u25aa&nbsp;<a href=\"https:\/\/www.cbm.df.gov.br\/corregedoria\/wp-content\/uploads\/2023\/09\/Portaria-n.o-23-2023_Memorando-acusatorio-e-memorando-acusatorio-sumarissimo.pdf\" target=\"_blank\" style=\"background-color: inherit; font-size: var(--fontSize); font-style: var(--fontStyle, inherit); letter-spacing: var(--letterSpacing); text-transform: var(--textTransform);\"><b>Portaria n\u00ba 23\/2023<\/b><\/a><\/p>\n<p style=\"margin-bottom: var(--content-spacing); font-size: 16px; text-align: justify;\">\n<\/p><p style=\"margin-bottom: var(--content-spacing); font-size: 16px; text-align: justify;\">\n<\/p><p style=\"margin-bottom: var(--content-spacing); text-align: justify;\"><span style=\"background-color: inherit;\"><i>Institui o Memorando Acusat\u00f3rio e o Memorando Acusat\u00f3rio Sumar\u00edssimo, processos disciplinares que possuem rito simplificado e n\u00e3o t\u00eam complexidade probat\u00f3ria, pois se utilizam de provas pr\u00e9-constitu\u00eddas (isto \u00e9, j\u00e1 existentes, como imagens e v\u00eddeos, por exemplo).<\/i><\/span><\/p>\n<div><a href=\"https:\/\/www.cbm.df.gov.br\/corregedoria\/wp-content\/uploads\/2023\/09\/anexo-A-instauracao.pdf\" target=\"_blank\"><b>Anexo A<\/b>&nbsp;&#8211; <u>instaura\u00e7\u00e3o<\/u> do Memorando Acusat\u00f3rio.<\/a><font color=\"#000000\" face=\"Montserrat, sans-serif\"><i style=\"\"><b><br><\/b><\/i><\/font><\/div>\n<div>\n<p><a href=\"https:\/\/www.cbm.df.gov.br\/corregedoria\/wp-content\/uploads\/2023\/09\/anexo-B-defesa-escrita.pdf\" target=\"_blank\"><b>Anexo B<\/b> &#8211; apresenta\u00e7\u00e3o da <u>Defesa Escrita<\/u> pelo Acusado.<\/a><font color=\"#000000\" face=\"Montserrat, sans-serif\"><i style=\"\"><br><\/i><\/font><a href=\"https:\/\/www.cbm.df.gov.br\/corregedoria\/wp-content\/uploads\/2023\/09\/anexo-C-nomeacao-de-defensor-dativo.pdf\" target=\"_blank\"><b>Anexo C<\/b> &#8211; nomea\u00e7\u00e3o de <u>Defensor Dativo<\/u> (se necess\u00e1rio).<\/a><font color=\"#000000\" face=\"Montserrat, sans-serif\"><i style=\"\"><br><\/i><\/font><a href=\"https:\/\/www.cbm.df.gov.br\/corregedoria\/wp-content\/uploads\/2023\/09\/anexo-D-intimacao-de-testemunha.pdf\" target=\"_blank\"><b>Anexo D<\/b> &#8211; intima\u00e7\u00e3o de testemunha (se houver).<\/a><font color=\"#000000\" face=\"Montserrat, sans-serif\"><i style=\"\"><br><\/i><\/font><a href=\"https:\/\/www.cbm.df.gov.br\/corregedoria\/wp-content\/uploads\/2023\/09\/anexo-E-informar-oitiva-de-testemunha-ao-acusado.pdf\" target=\"_blank\"><b>Anexo E<\/b> &#8211; informar o acusado sobre a oitiva de testemunha (se houver).<\/a><font color=\"#000000\" face=\"Montserrat, sans-serif\"><i style=\"\"><br><\/i><\/font><a href=\"https:\/\/www.cbm.df.gov.br\/corregedoria\/wp-content\/uploads\/2023\/09\/anexo-F-oitiva-de-testemunha.pdf\" target=\"_blank\"><b>Anexo F<\/b> &#8211; termo de <u>oitiva de testemunha<\/u> (se houver).<\/a><font color=\"#000000\" face=\"Montserrat, sans-serif\"><i style=\"\"><br><\/i><\/font><a href=\"https:\/\/www.cbm.df.gov.br\/corregedoria\/wp-content\/uploads\/2023\/09\/anexo-G-relatorio-do-encarregado.pdf\" target=\"_blank\"><b>Anexo G<\/b> &#8211; <u>relat\u00f3rio<\/u> final do Memorando Acusat\u00f3rio (ato do Encarregado).<\/a><br><a href=\"https:\/\/www.cbm.df.gov.br\/corregedoria\/wp-content\/uploads\/2023\/09\/anexo-H-solucao-1.pdf\" target=\"_blank\"><b>Anexo H <\/b>&#8211; <u>solu\u00e7\u00e3o<\/u> (julgamento) do Memorando Acusat\u00f3rio (ato da autoridade instauradora).<\/a><br><br><\/p>\n<p style=\"margin-bottom: var(--content-spacing); font-size: 16px; text-align: justify;\"><b style=\"\"><i>\u25aa<\/i>&nbsp;<\/b><a href=\"https:\/\/www.cbm.df.gov.br\/corregedoria\/wp-content\/uploads\/2024\/04\/Diretriz-Memorandos-Acusatorios.pdf\" target=\"_blank\" style=\"background-color: inherit; font-size: var(--theme-font-size); font-style: var(--theme-font-style, inherit); letter-spacing: var(--theme-letter-spacing); text-transform: var(--theme-text-transform);\"><b>Diretriz n\u00ba 1\/2024-CTROL\/CBMDF<\/b><\/a><\/p>\n<p style=\"margin-bottom: var(--content-spacing); font-size: 16px; text-align: justify;\"><em><\/em><\/p>\n<p style=\"margin-bottom: var(--content-spacing); font-size: 16px; text-align: justify;\"><i>Detalha os tr\u00e2mites procedimentais do memorando acusat\u00f3rio, sum\u00e1rio e sumar\u00edssimo, sobretudo no SEI (Sistema Eletr\u00f4nico de Informa\u00e7\u00e3o).<\/i><\/p>\n<p><br><\/p>\n<\/div>\n<h5 style=\"--fontWeight: 700; --fontSize: 20px; --lineHeight: 1.5; margin-top: var(--content-spacing); margin-bottom: calc(var(--has-content-spacing, 1)*(0.3em + 10px)); font-size: var(--fontSize); text-align: center; line-height: var(--lineHeight); font-family: var(--fontFamily); font-weight: var(--fontWeight); font-style: normal; letter-spacing: normal; text-transform: none; text-decoration-thickness: initial; text-decoration-style: initial; text-decoration-color: initial; --fontweight: 700; --fontsize: 20px; --lineheight: 1.5;\"><strong>SINDIC\u00c2NCIA<\/strong><\/h5>\n<p>\u25aa&nbsp;<a style=\"background-color: inherit; font-size: inherit; font-style: var(--fontStyle, inherit); letter-spacing: var(--letterSpacing); text-transform: var(--textTransform);\" href=\"https:\/\/www.cbm.df.gov.br\/corregedoria\/wp-content\/uploads\/2022\/09\/D4346_2002-RDE.pdf\" target=\"_blank\" rel=\"noopener\"><b>Decreto Federal n\u00ba 4.346\/2002<\/b><\/a><\/p>\n<p><em style=\"background-color: inherit; font-weight: var(--fontWeight); letter-spacing: var(--letterSpacing); text-transform: var(--textTransform);\">Regulamento Disciplinar do Ex\u00e9rcito (RDE): especifica as transgress\u00f5es disciplinares e estabelece normas relativas a puni\u00e7\u00f5es disciplinares, comportamento militar das pra\u00e7as, recursos e recompensas.<\/em><\/p>\n<p><\/p>\n<p><\/p>\n<p><\/p>\n<p><\/p>\n<p>\u25aa&nbsp;<a style=\"background-color: inherit; font-size: inherit; font-style: var(--fontStyle, inherit); letter-spacing: var(--letterSpacing); text-transform: var(--textTransform);\" href=\"https:\/\/www.cbm.df.gov.br\/corregedoria\/wp-content\/uploads\/2022\/09\/Dec-Dist-23317_2002-manda-aplicar-o-RDE-e-preve-recurso.pdf\" target=\"_blank\" rel=\"noopener\"><b>Decreto Distrital n\u00ba 23.317\/2002<\/b><\/a><\/p>\n<p><em>Determina a aplica\u00e7\u00e3o do RDE ao CBMDF e disciplina as autoridades com compet\u00eancia para instruir processos disciplinares, punir disciplinarmente e solucionar recursos disciplinares.<\/em><\/p>\n<p><\/p>\n<p><\/p>\n<p><span style=\"background-color: inherit; font-size: inherit; font-style: var(--fontStyle, inherit); font-weight: var(--fontWeight); letter-spacing: var(--letterSpacing); text-transform: var(--textTransform);\">\u25aa&nbsp;<\/span><a href=\"https:\/\/www.cbm.df.gov.br\/corregedoria\/wp-content\/uploads\/2022\/09\/Portaria-3_2018-Sindicancias-no-CBMDF.pdf\" target=\"_blank\" rel=\"noopener\"><b>Portaria n\u00ba 3\/2018<\/b><\/a><\/p>\n<p><\/p>\n<p><\/p>\n<p><em>Regula a instaura\u00e7\u00e3o, a tramita\u00e7\u00e3o e o julgamento das sindic\u00e2ncias. A sindic\u00e2ncia \u00e9 um processo administrativo disciplinar que visa julgar uma transgress\u00e3o disciplinar, isto \u00e9, uma a\u00e7\u00e3o contr\u00e1ria \u00e0 \u00e9tica, aos deveres e \u00e0s obriga\u00e7\u00f5es militares, ou, ainda, uma a\u00e7\u00e3o que afete a honra pessoal, o pundonor militar ou o decoro da classe.<\/em><\/p>\n<p><\/p>\n<p><\/p>\n<p><span style=\"background-color: inherit; font-size: inherit; font-style: var(--fontStyle, inherit); font-weight: var(--fontWeight); letter-spacing: var(--letterSpacing); text-transform: var(--textTransform);\">\u25aa&nbsp;<\/span><a href=\"https:\/\/www.cbm.df.gov.br\/corregedoria\/wp-content\/uploads\/2022\/09\/IN-2_2019-anexo-11-sindicancias-no-SEI.pdf\" target=\"_blank\" rel=\"noopener\"><b>Instru\u00e7\u00e3o Normativa n\u00ba 2\/2019-CTROL\/CBMDF<\/b><\/a><\/p>\n<p><\/p>\n<p><\/p>\n<p><em>Regula a instaura\u00e7\u00e3o, a tramita\u00e7\u00e3o e o julgamento das sindic\u00e2ncias no Sistema Eletr\u00f4nico de Informa\u00e7\u00f5es (SEI). Para tanto, informa-se que h\u00e1 um processo sigiloso principal (da sindic\u00e2ncia em si) e um outro processo relacionado ao principal, relativo a dilig\u00eancias (cita\u00e7\u00e3o e intima\u00e7\u00f5es) \u00e0s sindic\u00e2ncias. Feita a dilig\u00eancia, apenas o ato processual \u00e9 juntado ao processo principal pelo Encarregado.<\/em><\/p>\n<p><\/p>\n<p><\/p>\n<p><span style=\"background-color: inherit; font-size: inherit; font-style: var(--fontStyle, inherit); font-weight: var(--fontWeight); letter-spacing: var(--letterSpacing); text-transform: var(--textTransform);\">\u25aa&nbsp;<\/span><a href=\"https:\/\/www.cbm.df.gov.br\/corregedoria\/wp-content\/uploads\/2022\/09\/IN-02_2008-Dosimetria.pdf\" target=\"_blank\" rel=\"noopener\"><b>Instru\u00e7\u00e3o Normativa n\u00ba 02\/2008-CG\/AUD-CBMDF<\/b><\/a><\/p>\n<p><\/p>\n<p><\/p>\n<p><em>Disciplina a dosimetria no julgamento das transgress\u00f5es disciplinares, isto \u00e9, regulamenta os limites para a aplica\u00e7\u00e3o da san\u00e7\u00e3o administrativa disciplinar, criando par\u00e2metros para a defini\u00e7\u00e3o da quantidade de pena correspondente \u00e0s transgress\u00f5es leve, m\u00e9dia ou grave.<\/em><\/p>\n<p><\/p>\n<p><\/p>\n<p>\u25aa&nbsp;<a style=\"background-color: inherit; font-size: inherit; font-style: var(--fontStyle, inherit); letter-spacing: var(--letterSpacing); text-transform: var(--textTransform);\" href=\"https:\/\/www.cbm.df.gov.br\/corregedoria\/wp-content\/uploads\/2022\/09\/IN-3_2013-cumprimento-das-punicoes.pdf\" target=\"_blank\" rel=\"noopener\"><b>Instru\u00e7\u00e3o Normativa n\u00b0 1\/2013-COGED\/CTROL-CBMDF<\/b><\/a><\/p>\n<p><\/p>\n<p><\/p>\n<p><em>Regula o cumprimento das puni\u00e7\u00f5es disciplinares, isto \u00e9, disciplina a execu\u00e7\u00e3o das penas disciplinares de pris\u00e3o, deten\u00e7\u00e3o e impedimento nas Organiza\u00e7\u00f5es Bombeiro Militar.<\/em><\/p>\n<p><\/p>\n<p><\/p>\n<p>\u25aa&nbsp;<a style=\"background-color: inherit; font-size: inherit; font-style: var(--fontStyle, inherit); letter-spacing: var(--letterSpacing); text-transform: var(--textTransform);\" href=\"https:\/\/www.cbm.df.gov.br\/corregedoria\/wp-content\/uploads\/2022\/09\/IN-1_2020-interpor-recursos-por-via-remota.pdf\" target=\"_blank\" rel=\"noopener\"><b>Instru\u00e7\u00e3o Normativa n\u00ba 1\/2020-CTROL\/CBMDF<\/b><\/a><\/p>\n<p><\/p>\n<p><\/p>\n<p><em>Disp\u00f5e sobre a interposi\u00e7\u00e3o de recursos nos processos administrativos disciplinares por via remota, qual seja, por meio do Sistema Eletr\u00f4nico de Informa\u00e7\u00f5es (SEI).<\/em><\/p>\n<p><\/p>\n<p><\/p>\n<p>\u25aa&nbsp;<a style=\"background-color: inherit; font-size: inherit; font-style: var(--fontStyle, inherit); letter-spacing: var(--letterSpacing); text-transform: var(--textTransform);\" href=\"https:\/\/www.cbm.df.gov.br\/corregedoria\/wp-content\/uploads\/2022\/09\/IN-1_2012-defesa-em-processos-disciplinares.pdf\" target=\"_blank\" rel=\"noopener\"><b>Instru\u00e7\u00e3o Normativa n\u00ba 1\/2012-COGED\/CTROL<\/b><\/a><\/p>\n<p><\/p>\n<p><\/p>\n<p><em>Regulamenta o exerc\u00edcio da defesa nos processos administrativos disciplinares.<\/em><\/p>\n<p><\/p>\n<p><\/p>\n<p><\/p>\n<h5 style=\"text-align: center;\"><strong>PROCESSOS DEMISS\u00d3RIOS:&nbsp;<\/strong><strong style=\"color: var(--heading-color, var(--heading-5-color, var(--headings-color))); font-family: var(--fontFamily); font-size: var(--fontSize); font-style: var(--fontStyle, inherit); letter-spacing: var(--letterSpacing); text-transform: var(--textTransform); background-color: inherit;\">PAL (Processo Administrativo de Licenciamento), Conselho de Disciplina e Conselho de Justifica\u00e7\u00e3o<\/strong><\/h5>\n<p><\/p>\n<p><\/p>\n<p><span style=\"font-size: inherit; text-align: inherit; background-color: inherit; font-style: var(--fontStyle, inherit); font-weight: var(--fontWeight); letter-spacing: var(--letterSpacing); text-transform: var(--textTransform);\">\u25aa&nbsp;<\/span><a style=\"font-size: inherit; text-align: inherit; background-color: inherit; font-style: var(--fontStyle, inherit); font-weight: var(--fontWeight); letter-spacing: var(--letterSpacing); text-transform: var(--textTransform);\" href=\"https:\/\/www.cbm.df.gov.br\/corregedoria\/wp-content\/uploads\/2022\/09\/Lei-6477_77-Conselho-de-Disciplina.pdf\" target=\"_blank\" rel=\"noopener\"><b>Lei n\u00ba 6.477,&nbsp;de 1\u00ba de dezembro de 1977<\/b><\/a><\/p>\n<p><\/p>\n<p><\/p>\n<p><em>Disp\u00f5e sobre o Conselho de Disciplina, processo administrativo disciplinar destinado a julgar a capacidade do Aspirante-a-Oficial ou da pra\u00e7a com estabilidade assegurada em permanecer na Corpora\u00e7\u00e3o. O Conselho de Disciplina, composto por 3 oficiais, \u00e9 o \u00f3rg\u00e3o colegiado respons\u00e1vel pela instru\u00e7\u00e3o e relat\u00f3rio final do processo, cujo destinat\u00e1rio \u00e9 o Comandante Geral.<\/em><\/p>\n<p><\/p>\n<p><\/p>\n<p>\u25aa&nbsp;<a style=\"background-color: inherit; font-size: inherit; font-style: var(--fontStyle, inherit); letter-spacing: var(--letterSpacing); text-transform: var(--textTransform);\" href=\"https:\/\/www.cbm.df.gov.br\/corregedoria\/wp-content\/uploads\/2022\/09\/Portaria-67_2002-regulamento-do-CD.pdf\" target=\"_blank\" rel=\"noopener\"><b>Portaria n\u00ba 67\/2002<\/b><\/a><\/p>\n<p><\/p>\n<p><\/p>\n<p><em>Regulamenta o funcionamento do Conselho de Disciplina.<\/em><\/p>\n<p><\/p>\n<p><\/p>\n<p>\u25aa&nbsp;<a style=\"background-color: inherit; font-size: inherit; font-style: var(--fontStyle, inherit); letter-spacing: var(--letterSpacing); text-transform: var(--textTransform);\" href=\"https:\/\/www.cbm.df.gov.br\/corregedoria\/wp-content\/uploads\/2022\/09\/Lei-no-6577_78-Conselho-de-Justificacao.pdf\" target=\"_blank\" rel=\"noopener\"><b>Lei n\u00ba 6.577, de 30 de setembro de 1978<\/b><\/a><\/p>\n<p><\/p>\n<p><\/p>\n<p><em>Disp\u00f5e sobre o Conselho de Justifica\u00e7\u00e3o, processo administrativo disciplinar destinado a julgar a capacidade do oficial em permanecer na Corpora\u00e7\u00e3o. O Conselho de Justifica\u00e7\u00e3o, composto por 3 oficiais, \u00e9 o \u00f3rg\u00e3o colegiado respons\u00e1vel pela instru\u00e7\u00e3o e relat\u00f3rio final do processo, cujo destinat\u00e1rio \u00e9 o Governador do Distrito Federal.<\/em><\/p>\n<p><\/p>\n<p><\/p>\n<p>\u25aa&nbsp;<a style=\"background-color: inherit; font-size: inherit; font-style: var(--fontStyle, inherit); letter-spacing: var(--letterSpacing); text-transform: var(--textTransform);\" href=\"https:\/\/www.cbm.df.gov.br\/corregedoria\/wp-content\/uploads\/2022\/09\/Portaria-23_1998-PAL.pdf\" target=\"_blank\" rel=\"noopener\"><b>Portaria n\u00ba 23\/98<\/b><\/a><\/p>\n<p><\/p>\n<p><\/p>\n<p><i>Disp\u00f5e sobre o processo administrativo de licenciamento a bem da disciplina (PAL), processo administrativo disciplinar destinado a julgar a capacidade da pra\u00e7a sem estabilidade em permanecer na Corpora\u00e7\u00e3o. O PAL possui apenas um Encarregado, respons\u00e1vel pela instru\u00e7\u00e3o e relat\u00f3rio final do processo, cujo destinat\u00e1rio \u00e9 o Comandante Geral.<\/i><\/p>\n<h5 style=\"--fontWeight: 700; --fontSize: 20px; --lineHeight: 1.5; margin-top: var(--content-spacing); margin-bottom: calc(var(--has-content-spacing, 1)*(.3em + 10px)); font-size: var(--fontSize); text-align: center; line-height: var(--lineHeight); font-family: var(--fontFamily); font-weight: var(--fontWeight); font-style: normal; letter-spacing: normal; text-transform: none; text-decoration-thickness: initial; text-decoration-style: initial; text-decoration-color: initial;\"><strong>IPD (Instru\u00e7\u00e3o Provis\u00f3ria de Deser\u00e7\u00e3o)<br><\/strong><\/h5>\n<p style=\"margin-bottom: var(--content-spacing); font-size: 16px; text-align: justify;\">\n<\/p><p style=\"margin-bottom: var(--content-spacing); font-size: 16px; text-align: justify;\">\n<\/p><p style=\"margin-bottom: var(--content-spacing); font-size: 16px; text-align: justify;\">\u25aa&nbsp;<a href=\"https:\/\/www.cbm.df.gov.br\/corregedoria\/wp-content\/uploads\/2023\/08\/Portaria-no-10-Competencias-e-atribuicoes-referentes-a-Instrucao-Provisoria-de-Desercao-IPD.pdf\" target=\"_blank\" style=\"background-color: inherit; font-size: var(--fontSize); font-style: var(--fontStyle, inherit); letter-spacing: var(--letterSpacing); text-transform: var(--textTransform);\"><b>Portaria n\u00b0 10, de 27 de mar\u00e7o de 2014<\/b><\/a><\/p>\n<p style=\"margin-bottom: var(--content-spacing); text-align: justify;\"><span style=\"background-color: inherit;\"><i>Instru\u00e7\u00e3o Normativa sobre as etapas e&nbsp;<\/i><\/span><i style=\"font-size: inherit; background-color: inherit; font-weight: var(--fontWeight); letter-spacing: var(--letterSpacing); text-transform: var(--textTransform);\">compet\u00eancias da Instru\u00e7\u00e3o&nbsp;<\/i><i style=\"font-size: inherit; background-color: inherit; font-weight: var(--fontWeight); letter-spacing: var(--letterSpacing); text-transform: var(--textTransform);\">Provis\u00f3ria de Deser\u00e7\u00e3o.<\/i><\/p>\n<p style=\"margin-bottom: var(--content-spacing); text-align: justify;\"><i style=\"font-size: inherit; background-color: inherit; font-weight: var(--fontWeight); letter-spacing: var(--letterSpacing); text-transform: var(--textTransform);\"><br><\/i><\/p>\n<p style=\"margin-bottom: var(--content-spacing); text-align: justify;\"><i style=\"background-color: inherit; text-transform: var(--textTransform); letter-spacing: var(--letterSpacing); font-weight: var(--fontWeight); font-size: inherit;\">D<\/i><\/p>\n<p><\/p>\n<p><\/p>\t\t\t\t\t\t\t\t<\/div>\n\t\t\t\t<\/div>\n\t\t\t\t\t<\/div>\n\t\t<\/div>\n\t\t\t\t\t<\/div>\n\t\t<\/section>\n\t\t\t\t<\/div>\n\t\t","protected":false},"excerpt":{"rendered":"<p>Para acessar uma norma, clique em cima do nome dela (letra em vermelha). A norma ser\u00e1 aberta em outra aba do navegador. PROCEDIMENTO DE APURA\u00c7\u00c3O PRELIMINAR (PAP) \u25aa&nbsp;Instru\u00e7\u00e3o Normativa n\u00ba 1\/2017&nbsp; Normatiza o Procedimento de Apura\u00e7\u00e3o Preliminar (PAP), processo administrativo disciplinar sumar\u00edssimo (ou seja, muito c\u00e9lere) inquisitorial (isto \u00e9, meramente investigativo), que visa obter elementos [&hellip;]<\/p>\n","protected":false},"author":2,"featured_media":0,"parent":0,"menu_order":0,"comment_status":"closed","ping_status":"closed","template":"","meta":{"footnotes":""},"class_list":["post-1556","page","type-page","status-publish","hentry"],"blocksy_meta":{"styles_descriptor":{"styles":{"desktop":"","tablet":"","mobile":""},"google_fonts":[],"version":6}},"_links":{"self":[{"href":"https:\/\/www.cbm.df.gov.br\/corregedoria\/index.php?rest_route=\/wp\/v2\/pages\/1556","targetHints":{"allow":["GET"]}}],"collection":[{"href":"https:\/\/www.cbm.df.gov.br\/corregedoria\/index.php?rest_route=\/wp\/v2\/pages"}],"about":[{"href":"https:\/\/www.cbm.df.gov.br\/corregedoria\/index.php?rest_route=\/wp\/v2\/types\/page"}],"author":[{"embeddable":true,"href":"https:\/\/www.cbm.df.gov.br\/corregedoria\/index.php?rest_route=\/wp\/v2\/users\/2"}],"replies":[{"embeddable":true,"href":"https:\/\/www.cbm.df.gov.br\/corregedoria\/index.php?rest_route=%2Fwp%2Fv2%2Fcomments&post=1556"}],"version-history":[{"count":154,"href":"https:\/\/www.cbm.df.gov.br\/corregedoria\/index.php?rest_route=\/wp\/v2\/pages\/1556\/revisions"}],"predecessor-version":[{"id":2464,"href":"https:\/\/www.cbm.df.gov.br\/corregedoria\/index.php?rest_route=\/wp\/v2\/pages\/1556\/revisions\/2464"}],"wp:attachment":[{"href":"https:\/\/www.cbm.df.gov.br\/corregedoria\/index.php?rest_route=%2Fwp%2Fv2%2Fmedia&parent=1556"}],"curies":[{"name":"wp","href":"https:\/\/api.w.org\/{rel}","templated":true}]}}