{"id":1557,"date":"2022-08-31T17:12:50","date_gmt":"2022-08-31T20:12:50","guid":{"rendered":"https:\/\/www.cbm.df.gov.br\/corregedoria\/?page_id=1557"},"modified":"2024-05-09T12:17:04","modified_gmt":"2024-05-09T15:17:04","slug":"fluxogramas","status":"publish","type":"page","link":"https:\/\/www.cbm.df.gov.br\/corregedoria\/?page_id=1557","title":{"rendered":"Fluxogramas"},"content":{"rendered":"\n<p><em>Processos\/Procedimentos mapeados:<\/em> <em>Sindic\u00e2ncia, Memorandos Acusat\u00f3rios, Dosimetria das Transgress\u00f5es Disciplinares, Inqu\u00e9rito Policial Militar (IPM), Conselho de Disciplina, Processo Administrativo de Licenciamento a bem da Disciplina (PAL), PAP (Procedimento Apurat\u00f3rio Preliminar), IPD (Instru\u00e7\u00e3o Provis\u00f3ria de Deser\u00e7\u00e3o)<\/em><\/p>\n\n\n\n<figure class=\"wp-block-image aligncenter\"><img fetchpriority=\"high\" decoding=\"async\" width=\"631\" height=\"335\" src=\"https:\/\/www.cbm.df.gov.br\/corregedoria\/wp-content\/uploads\/2022\/09\/Fluxograma-de-Processo.jpg\" alt=\"\" class=\"wp-image-2041\" srcset=\"https:\/\/www.cbm.df.gov.br\/corregedoria\/wp-content\/uploads\/2022\/09\/Fluxograma-de-Processo.jpg 631w, https:\/\/www.cbm.df.gov.br\/corregedoria\/wp-content\/uploads\/2022\/09\/Fluxograma-de-Processo-300x159.jpg 300w\" sizes=\"(max-width: 631px) 100vw, 631px\" \/><\/figure>\n\n\n\n<p>Os detalhes que n\u00e3o estiverem previstos nos fluxogramas estar\u00e3o contidos na se\u00e7\u00e3o Perguntas Frequentes, que aborda muitas situa\u00e7\u00f5es e quest\u00f5es pr\u00e1ticas.<\/p>\n\n\n\n<p class=\"has-text-align-center has-palette-color-4-color has-text-color has-medium-font-size\"><strong>SINDIC\u00c2NCIA<\/strong><\/p>\n\n\n\n<figure class=\"wp-block-image aligncenter size-large\"><img decoding=\"async\" width=\"1005\" height=\"1024\" src=\"https:\/\/www.cbm.df.gov.br\/corregedoria\/wp-content\/uploads\/2023\/05\/Fluxograma_Sindicancia-1-1005x1024.jpg\" alt=\"\" class=\"wp-image-2254\" srcset=\"https:\/\/www.cbm.df.gov.br\/corregedoria\/wp-content\/uploads\/2023\/05\/Fluxograma_Sindicancia-1-1005x1024.jpg 1005w, https:\/\/www.cbm.df.gov.br\/corregedoria\/wp-content\/uploads\/2023\/05\/Fluxograma_Sindicancia-1-294x300.jpg 294w, https:\/\/www.cbm.df.gov.br\/corregedoria\/wp-content\/uploads\/2023\/05\/Fluxograma_Sindicancia-1-768x783.jpg 768w, https:\/\/www.cbm.df.gov.br\/corregedoria\/wp-content\/uploads\/2023\/05\/Fluxograma_Sindicancia-1-1507x1536.jpg 1507w, https:\/\/www.cbm.df.gov.br\/corregedoria\/wp-content\/uploads\/2023\/05\/Fluxograma_Sindicancia-1.bmp 1554w\" sizes=\"(max-width: 1005px) 100vw, 1005px\" \/><\/figure>\n\n\n\n<div style=\"height:30px\" aria-hidden=\"true\" class=\"wp-block-spacer\"><\/div>\n\n\n\n<p class=\"has-text-align-center has-palette-color-4-color has-text-color has-medium-font-size\"><strong>MEMORANDOS ACUSAT\u00d3RIOS<\/strong><\/p>\n\n\n\n<figure class=\"wp-block-image aligncenter size-large is-resized\"><img decoding=\"async\" width=\"1024\" height=\"854\" src=\"https:\/\/www.cbm.df.gov.br\/corregedoria\/wp-content\/uploads\/2023\/10\/Fluxogramas_Memorandos_Acusatorios-1-1024x854.jpg\" alt=\"\" class=\"wp-image-2404\" style=\"width:1026px;height:auto\" srcset=\"https:\/\/www.cbm.df.gov.br\/corregedoria\/wp-content\/uploads\/2023\/10\/Fluxogramas_Memorandos_Acusatorios-1-1024x854.jpg 1024w, https:\/\/www.cbm.df.gov.br\/corregedoria\/wp-content\/uploads\/2023\/10\/Fluxogramas_Memorandos_Acusatorios-1-300x250.jpg 300w, https:\/\/www.cbm.df.gov.br\/corregedoria\/wp-content\/uploads\/2023\/10\/Fluxogramas_Memorandos_Acusatorios-1-768x640.jpg 768w, https:\/\/www.cbm.df.gov.br\/corregedoria\/wp-content\/uploads\/2023\/10\/Fluxogramas_Memorandos_Acusatorios-1-1536x1281.jpg 1536w, https:\/\/www.cbm.df.gov.br\/corregedoria\/wp-content\/uploads\/2023\/10\/Fluxogramas_Memorandos_Acusatorios-1.bmp 1704w\" sizes=\"(max-width: 1024px) 100vw, 1024px\" \/><\/figure>\n\n\n\n<div style=\"height:30px\" aria-hidden=\"true\" class=\"wp-block-spacer\"><\/div>\n\n\n\n<p class=\"has-text-align-center has-palette-color-4-color has-text-color has-medium-font-size\"><strong>DOSIMETRIA DAS TRANSGRESS\u00d5ES DISCIPLINARES<\/strong><\/p>\n\n\n\n<figure class=\"wp-block-image aligncenter size-large\"><img loading=\"lazy\" decoding=\"async\" width=\"1024\" height=\"813\" src=\"https:\/\/www.cbm.df.gov.br\/corregedoria\/wp-content\/uploads\/2023\/12\/fluxograma-dosimetria-1-1024x813.png\" alt=\"\" class=\"wp-image-2435\" srcset=\"https:\/\/www.cbm.df.gov.br\/corregedoria\/wp-content\/uploads\/2023\/12\/fluxograma-dosimetria-1-1024x813.png 1024w, https:\/\/www.cbm.df.gov.br\/corregedoria\/wp-content\/uploads\/2023\/12\/fluxograma-dosimetria-1-300x238.png 300w, https:\/\/www.cbm.df.gov.br\/corregedoria\/wp-content\/uploads\/2023\/12\/fluxograma-dosimetria-1-768x610.png 768w, https:\/\/www.cbm.df.gov.br\/corregedoria\/wp-content\/uploads\/2023\/12\/fluxograma-dosimetria-1.png 1493w\" sizes=\"(max-width: 1024px) 100vw, 1024px\" \/><\/figure>\n\n\n\n<figure class=\"wp-block-image aligncenter size-large\"><img loading=\"lazy\" decoding=\"async\" width=\"1024\" height=\"631\" src=\"https:\/\/www.cbm.df.gov.br\/corregedoria\/wp-content\/uploads\/2023\/12\/fluxograma-dosimetria-2-1024x631.png\" alt=\"\" class=\"wp-image-2436\" srcset=\"https:\/\/www.cbm.df.gov.br\/corregedoria\/wp-content\/uploads\/2023\/12\/fluxograma-dosimetria-2-1024x631.png 1024w, https:\/\/www.cbm.df.gov.br\/corregedoria\/wp-content\/uploads\/2023\/12\/fluxograma-dosimetria-2-300x185.png 300w, https:\/\/www.cbm.df.gov.br\/corregedoria\/wp-content\/uploads\/2023\/12\/fluxograma-dosimetria-2-768x473.png 768w, https:\/\/www.cbm.df.gov.br\/corregedoria\/wp-content\/uploads\/2023\/12\/fluxograma-dosimetria-2.png 1497w\" sizes=\"(max-width: 1024px) 100vw, 1024px\" \/><\/figure>\n\n\n\n<div style=\"height:30px\" aria-hidden=\"true\" class=\"wp-block-spacer\"><\/div>\n\n\n\n<p class=\"has-text-align-center has-palette-color-4-color has-text-color has-medium-font-size\"><strong>INQU\u00c9RITO POLICIAL MILITAR (IPM)<\/strong><\/p>\n\n\n\n<figure class=\"wp-block-image aligncenter size-large\"><img loading=\"lazy\" decoding=\"async\" width=\"1024\" height=\"761\" src=\"https:\/\/www.cbm.df.gov.br\/corregedoria\/wp-content\/uploads\/2023\/03\/IPM-fluxograma-1024x761.jpg\" alt=\"\" class=\"wp-image-2201\" srcset=\"https:\/\/www.cbm.df.gov.br\/corregedoria\/wp-content\/uploads\/2023\/03\/IPM-fluxograma-1024x761.jpg 1024w, https:\/\/www.cbm.df.gov.br\/corregedoria\/wp-content\/uploads\/2023\/03\/IPM-fluxograma-300x223.jpg 300w, https:\/\/www.cbm.df.gov.br\/corregedoria\/wp-content\/uploads\/2023\/03\/IPM-fluxograma-768x571.jpg 768w, https:\/\/www.cbm.df.gov.br\/corregedoria\/wp-content\/uploads\/2023\/03\/IPM-fluxograma-1536x1142.jpg 1536w, https:\/\/www.cbm.df.gov.br\/corregedoria\/wp-content\/uploads\/2023\/03\/IPM-fluxograma.bmp 1558w\" sizes=\"(max-width: 1024px) 100vw, 1024px\" \/><\/figure>\n\n\n\n<div style=\"height:30px\" aria-hidden=\"true\" class=\"wp-block-spacer\"><\/div>\n\n\n\n<p class=\"has-text-align-center has-palette-color-4-color has-text-color has-medium-font-size\"><strong>CONSELHO DE DISCIPLINA<\/strong><\/p>\n\n\n\n<figure class=\"wp-block-image aligncenter size-large\"><img loading=\"lazy\" decoding=\"async\" width=\"1024\" height=\"745\" src=\"https:\/\/www.cbm.df.gov.br\/corregedoria\/wp-content\/uploads\/2023\/08\/Fluxograma_CD-1-1024x745.jpg\" alt=\"\" class=\"wp-image-2327\" srcset=\"https:\/\/www.cbm.df.gov.br\/corregedoria\/wp-content\/uploads\/2023\/08\/Fluxograma_CD-1-1024x745.jpg 1024w, https:\/\/www.cbm.df.gov.br\/corregedoria\/wp-content\/uploads\/2023\/08\/Fluxograma_CD-1-300x218.jpg 300w, https:\/\/www.cbm.df.gov.br\/corregedoria\/wp-content\/uploads\/2023\/08\/Fluxograma_CD-1-768x559.jpg 768w, https:\/\/www.cbm.df.gov.br\/corregedoria\/wp-content\/uploads\/2023\/08\/Fluxograma_CD-1.bmp 1168w\" sizes=\"(max-width: 1024px) 100vw, 1024px\" \/><\/figure>\n\n\n\n<div style=\"height:30px\" aria-hidden=\"true\" class=\"wp-block-spacer\"><\/div>\n\n\n\n<p class=\"has-text-align-center has-palette-color-4-color has-text-color has-medium-font-size\"><strong>PROCESSO ADMINISTRATIVO DE LICENCIAMENTO A BEM DA DISCIPLINA (PAL)<\/strong><\/p>\n\n\n\n<figure class=\"wp-block-image aligncenter size-large\"><img loading=\"lazy\" decoding=\"async\" width=\"1024\" height=\"725\" src=\"https:\/\/www.cbm.df.gov.br\/corregedoria\/wp-content\/uploads\/2022\/09\/fluxograma_PAL-1024x725.jpg\" alt=\"\" class=\"wp-image-1626\" srcset=\"https:\/\/www.cbm.df.gov.br\/corregedoria\/wp-content\/uploads\/2022\/09\/fluxograma_PAL-1024x725.jpg 1024w, https:\/\/www.cbm.df.gov.br\/corregedoria\/wp-content\/uploads\/2022\/09\/fluxograma_PAL-300x212.jpg 300w, https:\/\/www.cbm.df.gov.br\/corregedoria\/wp-content\/uploads\/2022\/09\/fluxograma_PAL-768x544.jpg 768w, https:\/\/www.cbm.df.gov.br\/corregedoria\/wp-content\/uploads\/2022\/09\/fluxograma_PAL.bmp 1460w\" sizes=\"(max-width: 1024px) 100vw, 1024px\" \/><\/figure>\n\n\n\n<div style=\"height:30px\" aria-hidden=\"true\" class=\"wp-block-spacer\"><\/div>\n\n\n\n<p class=\"has-text-align-center has-palette-color-4-color has-text-color has-medium-font-size\"><strong>PAP (PROCEDIMENTO APURAT\u00d3RIO PRELIMINAR)<\/strong><\/p>\n\n\n\n<figure class=\"wp-block-image aligncenter size-large is-resized\"><img loading=\"lazy\" decoding=\"async\" width=\"1024\" height=\"789\" src=\"https:\/\/www.cbm.df.gov.br\/corregedoria\/wp-content\/uploads\/2022\/09\/PAP-fluxograma-1-1024x789.jpg\" alt=\"\" class=\"wp-image-2133\" style=\"width:768px;height:592px\" srcset=\"https:\/\/www.cbm.df.gov.br\/corregedoria\/wp-content\/uploads\/2022\/09\/PAP-fluxograma-1-1024x789.jpg 1024w, https:\/\/www.cbm.df.gov.br\/corregedoria\/wp-content\/uploads\/2022\/09\/PAP-fluxograma-1-300x231.jpg 300w, https:\/\/www.cbm.df.gov.br\/corregedoria\/wp-content\/uploads\/2022\/09\/PAP-fluxograma-1-768x592.jpg 768w, https:\/\/www.cbm.df.gov.br\/corregedoria\/wp-content\/uploads\/2022\/09\/PAP-fluxograma-1.bmp 1072w\" sizes=\"(max-width: 1024px) 100vw, 1024px\" \/><\/figure>\n\n\n\n<div style=\"height:30px\" aria-hidden=\"true\" class=\"wp-block-spacer\"><\/div>\n\n\n\n<p class=\"has-text-align-center has-palette-color-4-color has-text-color has-medium-font-size\"><strong>IPD (INSTRU\u00c7\u00c3O PROVIS\u00d3RIA DE DESER\u00c7\u00c3O)<\/strong><\/p>\n\n\n\n<figure class=\"wp-block-image aligncenter size-large\"><img loading=\"lazy\" decoding=\"async\" width=\"1024\" height=\"152\" src=\"https:\/\/www.cbm.df.gov.br\/corregedoria\/wp-content\/uploads\/2023\/08\/IPD-1024x152.jpg\" alt=\"\" class=\"wp-image-2330\" srcset=\"https:\/\/www.cbm.df.gov.br\/corregedoria\/wp-content\/uploads\/2023\/08\/IPD-1024x152.jpg 1024w, https:\/\/www.cbm.df.gov.br\/corregedoria\/wp-content\/uploads\/2023\/08\/IPD-300x44.jpg 300w, https:\/\/www.cbm.df.gov.br\/corregedoria\/wp-content\/uploads\/2023\/08\/IPD-768x114.jpg 768w, https:\/\/www.cbm.df.gov.br\/corregedoria\/wp-content\/uploads\/2023\/08\/IPD.bmp 1390w\" sizes=\"(max-width: 1024px) 100vw, 1024px\" \/><\/figure>\n\n\n\n<div style=\"height:55px\" aria-hidden=\"true\" class=\"wp-block-spacer\"><\/div>\n\n\n","protected":false},"excerpt":{"rendered":"<p>Processos\/Procedimentos mapeados: Sindic\u00e2ncia, Memorandos Acusat\u00f3rios, Dosimetria das Transgress\u00f5es Disciplinares, Inqu\u00e9rito Policial Militar (IPM), Conselho de Disciplina, Processo Administrativo de Licenciamento a bem da Disciplina (PAL), PAP (Procedimento Apurat\u00f3rio Preliminar), IPD (Instru\u00e7\u00e3o Provis\u00f3ria de Deser\u00e7\u00e3o) Os detalhes que n\u00e3o estiverem previstos nos fluxogramas estar\u00e3o contidos na se\u00e7\u00e3o Perguntas Frequentes, que aborda muitas situa\u00e7\u00f5es e quest\u00f5es pr\u00e1ticas. [&hellip;]<\/p>\n","protected":false},"author":2,"featured_media":0,"parent":0,"menu_order":0,"comment_status":"closed","ping_status":"closed","template":"","meta":{"footnotes":""},"class_list":["post-1557","page","type-page","status-publish","hentry"],"blocksy_meta":{"styles_descriptor":{"styles":{"desktop":"","tablet":"","mobile":""},"google_fonts":[],"version":6}},"_links":{"self":[{"href":"https:\/\/www.cbm.df.gov.br\/corregedoria\/index.php?rest_route=\/wp\/v2\/pages\/1557","targetHints":{"allow":["GET"]}}],"collection":[{"href":"https:\/\/www.cbm.df.gov.br\/corregedoria\/index.php?rest_route=\/wp\/v2\/pages"}],"about":[{"href":"https:\/\/www.cbm.df.gov.br\/corregedoria\/index.php?rest_route=\/wp\/v2\/types\/page"}],"author":[{"embeddable":true,"href":"https:\/\/www.cbm.df.gov.br\/corregedoria\/index.php?rest_route=\/wp\/v2\/users\/2"}],"replies":[{"embeddable":true,"href":"https:\/\/www.cbm.df.gov.br\/corregedoria\/index.php?rest_route=%2Fwp%2Fv2%2Fcomments&post=1557"}],"version-history":[{"count":46,"href":"https:\/\/www.cbm.df.gov.br\/corregedoria\/index.php?rest_route=\/wp\/v2\/pages\/1557\/revisions"}],"predecessor-version":[{"id":2468,"href":"https:\/\/www.cbm.df.gov.br\/corregedoria\/index.php?rest_route=\/wp\/v2\/pages\/1557\/revisions\/2468"}],"wp:attachment":[{"href":"https:\/\/www.cbm.df.gov.br\/corregedoria\/index.php?rest_route=%2Fwp%2Fv2%2Fmedia&parent=1557"}],"curies":[{"name":"wp","href":"https:\/\/api.w.org\/{rel}","templated":true}]}}