{"id":1607,"date":"2022-09-01T09:53:47","date_gmt":"2022-09-01T12:53:47","guid":{"rendered":"https:\/\/www.cbm.df.gov.br\/corregedoria\/?page_id=1607"},"modified":"2023-09-26T10:43:57","modified_gmt":"2023-09-26T13:43:57","slug":"corregedoria-do-cbmdf","status":"publish","type":"page","link":"https:\/\/www.cbm.df.gov.br\/corregedoria\/","title":{"rendered":"Corregedoria do CBMDF"},"content":{"rendered":"\t\t<div data-elementor-type=\"wp-page\" data-elementor-id=\"1607\" class=\"elementor elementor-1607\">\n\t\t\t\t<div class=\"elementor-element elementor-element-6a12403 e-flex e-con-boxed e-con e-parent\" data-id=\"6a12403\" data-element_type=\"container\" data-e-type=\"container\">\n\t\t\t\t\t<div class=\"e-con-inner\">\n\t\t\t\t<div class=\"elementor-element elementor-element-e34a1a7 elementor-arrows-position-inside elementor-pagination-position-outside elementor-widget elementor-widget-image-carousel\" data-id=\"e34a1a7\" data-element_type=\"widget\" data-e-type=\"widget\" data-settings=\"{&quot;lazyload&quot;:&quot;yes&quot;,&quot;pause_on_hover&quot;:&quot;no&quot;,&quot;navigation&quot;:&quot;both&quot;,&quot;autoplay&quot;:&quot;yes&quot;,&quot;pause_on_interaction&quot;:&quot;yes&quot;,&quot;autoplay_speed&quot;:5000,&quot;infinite&quot;:&quot;yes&quot;,&quot;speed&quot;:500}\" data-widget_type=\"image-carousel.default\">\n\t\t\t\t<div class=\"elementor-widget-container\">\n\t\t\t\t\t\t\t<div class=\"elementor-image-carousel-wrapper swiper\" role=\"region\" aria-roledescription=\"carousel\" aria-label=\"Carrossel de imagens\" dir=\"ltr\">\n\t\t\t<div class=\"elementor-image-carousel swiper-wrapper swiper-image-stretch\" aria-live=\"off\">\n\t\t\t\t\t\t\t\t<div class=\"swiper-slide\" role=\"group\" aria-roledescription=\"slide\" aria-label=\"1 de 5\"><figure class=\"swiper-slide-inner\"><img class=\"swiper-slide-image swiper-lazy\" data-src=\"https:\/\/www.cbm.df.gov.br\/corregedoria\/wp-content\/uploads\/2022\/09\/Coged-3.png\" alt=\"Coged\" \/><div class=\"swiper-lazy-preloader\"><\/div><\/figure><\/div><div class=\"swiper-slide\" role=\"group\" aria-roledescription=\"slide\" aria-label=\"2 de 5\"><figure class=\"swiper-slide-inner\"><img class=\"swiper-slide-image swiper-lazy\" data-src=\"https:\/\/www.cbm.df.gov.br\/corregedoria\/wp-content\/uploads\/2022\/09\/perguntas.jpg\" alt=\"perguntas\" \/><div class=\"swiper-lazy-preloader\"><\/div><\/figure><\/div><div class=\"swiper-slide\" role=\"group\" aria-roledescription=\"slide\" aria-label=\"3 de 5\"><figure class=\"swiper-slide-inner\"><img class=\"swiper-slide-image swiper-lazy\" data-src=\"https:\/\/www.cbm.df.gov.br\/corregedoria\/wp-content\/uploads\/2022\/09\/fluxograma_intro.bmp\" alt=\"fluxograma_intro\" \/><div class=\"swiper-lazy-preloader\"><\/div><\/figure><\/div><div class=\"swiper-slide\" role=\"group\" aria-roledescription=\"slide\" aria-label=\"4 de 5\"><figure class=\"swiper-slide-inner\"><img class=\"swiper-slide-image swiper-lazy\" data-src=\"https:\/\/www.cbm.df.gov.br\/corregedoria\/wp-content\/uploads\/2022\/09\/legislacao-intro.bmp\" alt=\"legisla\u00e7\u00e3o-intro\" \/><div class=\"swiper-lazy-preloader\"><\/div><\/figure><\/div><div class=\"swiper-slide\" role=\"group\" aria-roledescription=\"slide\" aria-label=\"5 de 5\"><figure class=\"swiper-slide-inner\"><img class=\"swiper-slide-image swiper-lazy\" data-src=\"https:\/\/www.cbm.df.gov.br\/corregedoria\/wp-content\/uploads\/2023\/05\/cartilhas_carrossel-1.png\" alt=\"cartilhas_carrossel\" \/><div class=\"swiper-lazy-preloader\"><\/div><\/figure><\/div>\t\t\t<\/div>\n\t\t\t\t\t\t\t\t\t\t\t\t<div class=\"elementor-swiper-button elementor-swiper-button-prev\" role=\"button\" tabindex=\"0\">\n\t\t\t\t\t\t<i aria-hidden=\"true\" class=\"eicon-chevron-left\"><\/i>\t\t\t\t\t<\/div>\n\t\t\t\t\t<div class=\"elementor-swiper-button elementor-swiper-button-next\" role=\"button\" tabindex=\"0\">\n\t\t\t\t\t\t<i aria-hidden=\"true\" class=\"eicon-chevron-right\"><\/i>\t\t\t\t\t<\/div>\n\t\t\t\t\n\t\t\t\t\t\t\t\t\t<div class=\"swiper-pagination\"><\/div>\n\t\t\t\t\t\t\t\t\t<\/div>\n\t\t\t\t\t\t<\/div>\n\t\t\t\t<\/div>\n\t\t\t\t\t<\/div>\n\t\t\t\t<\/div>\n\t\t\t\t<section class=\"elementor-section elementor-top-section elementor-element elementor-element-1b021942 elementor-section-boxed elementor-section-height-default elementor-section-height-default\" data-id=\"1b021942\" data-element_type=\"section\" data-e-type=\"section\">\n\t\t\t\t\t\t<div class=\"elementor-container elementor-column-gap-default\">\n\t\t\t\t\t<div class=\"elementor-column elementor-col-100 elementor-top-column elementor-element elementor-element-4b08c745\" data-id=\"4b08c745\" data-element_type=\"column\" data-e-type=\"column\">\n\t\t\t<div class=\"elementor-widget-wrap elementor-element-populated\">\n\t\t\t\t\t\t<div class=\"elementor-element elementor-element-62d6f050 elementor-widget elementor-widget-text-editor\" data-id=\"62d6f050\" data-element_type=\"widget\" data-e-type=\"widget\" data-widget_type=\"text-editor.default\">\n\t\t\t\t<div class=\"elementor-widget-container\">\n\t\t\t\t\t\t\t\t\t<p><\/p>\n<p>Seja bem-vindo \u00e0 p\u00e1gina da Corregedoria do CBMDF.<\/p>\n<p><\/p>\n<p><\/p>\n<p>Aqui est\u00e3o disponibilizadas informa\u00e7\u00f5es pr\u00e1ticas referentes aos processos administrativos disciplinares da Corpora\u00e7\u00e3o: Sindic\u00e2ncia, Memorandos Acusat\u00f3rios, Procedimento Apurat\u00f3rio Preliminar (PAP),&nbsp;processos demiss\u00f3rios (Conselho de Disciplina, Conselho de Justifica\u00e7\u00e3o e Processo Administrativo de Licenciamento &#8211; PAL),<span style=\"background-color: inherit; font-size: inherit; text-align: inherit; font-family: var(--fontFamily); font-weight: var(--fontWeight); letter-spacing: var(--letterSpacing); text-transform: var(--textTransform);\">&nbsp;Inqu\u00e9rito Policial Militar (IPM) e Instru\u00e7\u00e3o Provis\u00f3ria de Deser\u00e7\u00e3o (IPD).<\/span><\/p>\n<p><\/p>\n<p><\/p>\n<p>Essas informa\u00e7\u00f5es visam facilitar e fomentar tais conhecimentos a toda a tropa, em especial aos encarregados dos processos.<\/p>\n<p><\/p>\n<p><\/p>\n<p>Por meio do menu, est\u00e3o dispon\u00edveis:&nbsp;<span style=\"color: var(--palettecolor4); font-size: inherit; text-align: inherit; background-color: inherit; font-family: var(--fontFamily); font-style: var(--fontStyle, inherit); font-weight: var(--fontWeight); letter-spacing: var(--letterSpacing); text-transform: var(--textTransform);\"><strong>a)<\/strong>&nbsp;<\/span><strong style=\"background-color: inherit; color: var(--color); font-size: inherit; text-align: inherit; font-family: var(--fontFamily); font-style: var(--fontStyle, inherit); letter-spacing: var(--letterSpacing); text-transform: var(--textTransform);\">legisla\u00e7\u00e3o pertinente<\/strong><span style=\"font-size: inherit; text-align: inherit; background-color: inherit; color: var(--palettecolor4); font-family: var(--fontFamily); font-style: var(--fontStyle, inherit); font-weight: var(--fontWeight); letter-spacing: var(--letterSpacing); text-transform: var(--textTransform);\">, com ementas pr\u00e1ticas; <\/span><span style=\"font-size: inherit; text-align: inherit; background-color: inherit; color: var(--palettecolor4); font-family: var(--fontFamily); font-style: var(--fontStyle, inherit); font-weight: var(--fontWeight); letter-spacing: var(--letterSpacing); text-transform: var(--textTransform);\"><strong>b)<\/strong>&nbsp;<\/span><strong style=\"background-color: inherit; color: var(--color); font-size: inherit; text-align: inherit; font-family: var(--fontFamily); font-style: var(--fontStyle, inherit); letter-spacing: var(--letterSpacing); text-transform: var(--textTransform);\">fluxogramas&nbsp;<\/strong><span style=\"font-size: inherit; text-align: inherit; background-color: inherit; color: var(--palettecolor4); font-family: var(--fontFamily); font-style: var(--fontStyle, inherit); font-weight: var(--fontWeight); letter-spacing: var(--letterSpacing); text-transform: var(--textTransform);\">dos processos <\/span><em style=\"background-color: inherit; color: var(--palettecolor4); font-family: var(--fontFamily); font-weight: var(--fontWeight); letter-spacing: var(--letterSpacing); text-transform: var(--textTransform);\">(gr\u00e1ficos did\u00e1ticos do itiner\u00e1rio processual);<\/em><span style=\"font-size: inherit; text-align: inherit; background-color: inherit; color: var(--palettecolor4); font-family: var(--fontFamily); font-style: var(--fontStyle, inherit); font-weight: var(--fontWeight); letter-spacing: var(--letterSpacing); text-transform: var(--textTransform);\">&nbsp;<strong>c) perguntas e respostas frequentes<\/strong><\/span><span style=\"font-size: inherit; text-align: inherit; background-color: inherit; color: var(--palettecolor4); font-family: var(--fontFamily); font-style: var(--fontStyle, inherit); font-weight: var(--fontWeight); letter-spacing: var(--letterSpacing); text-transform: var(--textTransform);\">, organizadas por assuntos <\/span><em style=\"background-color: inherit; color: var(--palettecolor4); font-family: var(--fontFamily); font-weight: var(--fontWeight); letter-spacing: var(--letterSpacing); text-transform: var(--textTransform);\">(todos os assuntos, testemunhas, oitivas, intima\u00e7\u00e3o, interrogat\u00f3rio, atos processuais, sindic\u00e2ncias, prazos e assuntos diversos);&nbsp;<\/em><span style=\"font-size: inherit; text-align: inherit; background-color: inherit; color: var(--palettecolor4); font-family: var(--fontFamily); font-style: var(--fontStyle, inherit); font-weight: var(--fontWeight); letter-spacing: var(--letterSpacing); text-transform: var(--textTransform);\"><strong>d)<\/strong>&nbsp;<\/span><strong style=\"font-size: inherit; text-align: inherit; background-color: inherit; color: var(--color); font-family: var(--fontFamily); font-style: var(--fontStyle, inherit); letter-spacing: var(--letterSpacing); text-transform: var(--textTransform);\">cartilhas informativas<\/strong><span style=\"font-size: inherit; text-align: inherit; background-color: inherit; color: var(--palettecolor4); font-family: var(--fontFamily); font-style: var(--fontStyle, inherit); font-weight: var(--fontWeight); letter-spacing: var(--letterSpacing); text-transform: var(--textTransform);\">&nbsp;sobre temas variados.<\/span><\/p>\n<p><\/p>\t\t\t\t\t\t\t\t<\/div>\n\t\t\t\t<\/div>\n\t\t\t\t\t<\/div>\n\t\t<\/div>\n\t\t\t\t\t<\/div>\n\t\t<\/section>\n\t\t<div class=\"elementor-element elementor-element-3e3ae47 e-flex e-con-boxed e-con e-parent\" data-id=\"3e3ae47\" data-element_type=\"container\" data-e-type=\"container\">\n\t\t\t\t\t<div class=\"e-con-inner\">\n\t\t\t\t\t<\/div>\n\t\t\t\t<\/div>\n\t\t\t\t<\/div>\n\t\t","protected":false},"excerpt":{"rendered":"<p>Seja bem-vindo \u00e0 p\u00e1gina da Corregedoria do CBMDF. Aqui est\u00e3o disponibilizadas informa\u00e7\u00f5es pr\u00e1ticas referentes aos processos administrativos disciplinares da Corpora\u00e7\u00e3o: Sindic\u00e2ncia, Memorandos Acusat\u00f3rios, Procedimento Apurat\u00f3rio Preliminar (PAP),&nbsp;processos demiss\u00f3rios (Conselho de Disciplina, Conselho de Justifica\u00e7\u00e3o e Processo Administrativo de Licenciamento &#8211; PAL),&nbsp;Inqu\u00e9rito Policial Militar (IPM) e Instru\u00e7\u00e3o Provis\u00f3ria de Deser\u00e7\u00e3o (IPD). Essas informa\u00e7\u00f5es visam facilitar e [&hellip;]<\/p>\n","protected":false},"author":2,"featured_media":0,"parent":0,"menu_order":0,"comment_status":"closed","ping_status":"closed","template":"","meta":{"footnotes":""},"class_list":["post-1607","page","type-page","status-publish","hentry"],"blocksy_meta":{"styles_descriptor":{"styles":{"desktop":"","tablet":"","mobile":""},"google_fonts":[],"version":6}},"_links":{"self":[{"href":"https:\/\/www.cbm.df.gov.br\/corregedoria\/index.php?rest_route=\/wp\/v2\/pages\/1607","targetHints":{"allow":["GET"]}}],"collection":[{"href":"https:\/\/www.cbm.df.gov.br\/corregedoria\/index.php?rest_route=\/wp\/v2\/pages"}],"about":[{"href":"https:\/\/www.cbm.df.gov.br\/corregedoria\/index.php?rest_route=\/wp\/v2\/types\/page"}],"author":[{"embeddable":true,"href":"https:\/\/www.cbm.df.gov.br\/corregedoria\/index.php?rest_route=\/wp\/v2\/users\/2"}],"replies":[{"embeddable":true,"href":"https:\/\/www.cbm.df.gov.br\/corregedoria\/index.php?rest_route=%2Fwp%2Fv2%2Fcomments&post=1607"}],"version-history":[{"count":83,"href":"https:\/\/www.cbm.df.gov.br\/corregedoria\/index.php?rest_route=\/wp\/v2\/pages\/1607\/revisions"}],"predecessor-version":[{"id":2504,"href":"https:\/\/www.cbm.df.gov.br\/corregedoria\/index.php?rest_route=\/wp\/v2\/pages\/1607\/revisions\/2504"}],"wp:attachment":[{"href":"https:\/\/www.cbm.df.gov.br\/corregedoria\/index.php?rest_route=%2Fwp%2Fv2%2Fmedia&parent=1607"}],"curies":[{"name":"wp","href":"https:\/\/api.w.org\/{rel}","templated":true}]}}