{"id":1607,"date":"2022-09-01T09:53:47","date_gmt":"2022-09-01T12:53:47","guid":{"rendered":"https:\/\/www.cbm.df.gov.br\/corregedoria\/?page_id=1607"},"modified":"2025-12-08T16:51:08","modified_gmt":"2025-12-08T19:51:08","slug":"corregedoria-do-cbmdf","status":"publish","type":"page","link":"https:\/\/www.cbm.df.gov.br\/gaeph\/","title":{"rendered":"GAEPH"},"content":{"rendered":"\n<figure class=\"wp-block-image alignwide size-large\"><img fetchpriority=\"high\" decoding=\"async\" width=\"1024\" height=\"307\" src=\"https:\/\/www.cbm.df.gov.br\/gaeph\/wp-content\/uploads\/2025\/12\/Sem-nome-1000-x-300-mm-1-1024x307.png\" alt=\"\" class=\"wp-image-2970\" srcset=\"https:\/\/www.cbm.df.gov.br\/gaeph\/wp-content\/uploads\/2025\/12\/Sem-nome-1000-x-300-mm-1-1024x307.png 1024w, https:\/\/www.cbm.df.gov.br\/gaeph\/wp-content\/uploads\/2025\/12\/Sem-nome-1000-x-300-mm-1-300x90.png 300w, https:\/\/www.cbm.df.gov.br\/gaeph\/wp-content\/uploads\/2025\/12\/Sem-nome-1000-x-300-mm-1-768x230.png 768w, https:\/\/www.cbm.df.gov.br\/gaeph\/wp-content\/uploads\/2025\/12\/Sem-nome-1000-x-300-mm-1-1536x461.png 1536w, https:\/\/www.cbm.df.gov.br\/gaeph\/wp-content\/uploads\/2025\/12\/Sem-nome-1000-x-300-mm-1-2048x614.png 2048w\" sizes=\"(max-width: 1024px) 100vw, 1024px\" \/><\/figure>\n\n\n\n<p><\/p>\n\n\n\n<p class=\"has-text-align-center has-small-font-size\"><style>\/*! elementor - v3.14.0 - 26-06-2023 *\/&amp;amp;lt;br \/> .elementor-widget-image-carousel .swiper,.elementor-widget-image-carousel .swiper-container{position:static}.elementor-widget-image-carousel .swiper-container .swiper-slide figure,.elementor-widget-image-carousel .swiper .swiper-slide figure{line-height:inherit}.elementor-widget-image-carousel .swiper-slide{text-align:center}.elementor-image-carousel-wrapper:not(.swiper-container-initialized):not(.swiper-initialized) .swiper-slide{max-width:calc(100% \/ var(--e-image-carousel-slides-to-show, 3))}<\/style><\/p>\n\n\n\n<p>Este \u00e9 o site institucional do Grupamento de Atendimento de Emerg\u00eancia Pr\u00e9-Hospitalar.<br><br>Aqui, encontrar\u00e1 todas as informa\u00e7\u00f5es t\u00e9cnicas e legais, como as instru\u00e7\u00f5es normativas e portarias pertinentes ao exerc\u00edcio da atividade de APH do socorrista do CBMDF, bem como material de apoio e educacional, como os POPs, manual atualizado de APH do CBMDF, atendimento em Libras, dentre outros. <br><br>Em caso de d\u00favida ou requerimento de alguma outra informa\u00e7\u00e3o que falte na p\u00e1gina, entrar em contato com a SUCOE pelo telefone\/WhatsApp 3193-0220.<\/p>\n\n\n\n<p><\/p>\n","protected":false},"excerpt":{"rendered":"<p>Este \u00e9 o site institucional do Grupamento de Atendimento de Emerg\u00eancia Pr\u00e9-Hospitalar. Aqui, encontrar\u00e1 todas as informa\u00e7\u00f5es t\u00e9cnicas e legais, como as instru\u00e7\u00f5es normativas e portarias pertinentes ao exerc\u00edcio da atividade de APH do socorrista do CBMDF, bem como material de apoio e educacional, como os POPs, manual atualizado de APH do CBMDF, atendimento em [&hellip;]<\/p>\n","protected":false},"author":4,"featured_media":0,"parent":0,"menu_order":0,"comment_status":"closed","ping_status":"closed","template":"","meta":{"footnotes":""},"class_list":["post-1607","page","type-page","status-publish","hentry"],"blocksy_meta":{"styles_descriptor":{"styles":{"desktop":"","tablet":"","mobile":""},"google_fonts":[],"version":6}},"_links":{"self":[{"href":"https:\/\/www.cbm.df.gov.br\/gaeph\/wp-json\/wp\/v2\/pages\/1607","targetHints":{"allow":["GET"]}}],"collection":[{"href":"https:\/\/www.cbm.df.gov.br\/gaeph\/wp-json\/wp\/v2\/pages"}],"about":[{"href":"https:\/\/www.cbm.df.gov.br\/gaeph\/wp-json\/wp\/v2\/types\/page"}],"author":[{"embeddable":true,"href":"https:\/\/www.cbm.df.gov.br\/gaeph\/wp-json\/wp\/v2\/users\/4"}],"replies":[{"embeddable":true,"href":"https:\/\/www.cbm.df.gov.br\/gaeph\/wp-json\/wp\/v2\/comments?post=1607"}],"version-history":[{"count":96,"href":"https:\/\/www.cbm.df.gov.br\/gaeph\/wp-json\/wp\/v2\/pages\/1607\/revisions"}],"predecessor-version":[{"id":2971,"href":"https:\/\/www.cbm.df.gov.br\/gaeph\/wp-json\/wp\/v2\/pages\/1607\/revisions\/2971"}],"wp:attachment":[{"href":"https:\/\/www.cbm.df.gov.br\/gaeph\/wp-json\/wp\/v2\/media?parent=1607"}],"curies":[{"name":"wp","href":"https:\/\/api.w.org\/{rel}","templated":true}]}}