{"id":74,"date":"2026-03-04T12:00:50","date_gmt":"2026-03-04T15:00:50","guid":{"rendered":"https:\/\/www2.cbm.df.gov.br\/lai\/?page_id=74"},"modified":"2026-05-04T13:43:46","modified_gmt":"2026-05-04T16:43:46","slug":"sobre","status":"publish","type":"page","link":"https:\/\/www.cbm.df.gov.br\/lai\/","title":{"rendered":"Sobre"},"content":{"rendered":"\t\t<div data-elementor-type=\"wp-page\" data-elementor-id=\"74\" class=\"elementor elementor-74\" data-elementor-post-type=\"page\">\n\t\t\t\t\t\t<section class=\"elementor-section elementor-top-section elementor-element elementor-element-35c0b273 elementor-section-boxed elementor-section-height-default elementor-section-height-default\" data-id=\"35c0b273\" data-element_type=\"section\" data-e-type=\"section\">\n\t\t\t\t\t\t<div class=\"elementor-container elementor-column-gap-default\">\n\t\t\t\t\t<div class=\"elementor-column elementor-col-100 elementor-top-column elementor-element elementor-element-323be414\" data-id=\"323be414\" data-element_type=\"column\" data-e-type=\"column\">\n\t\t\t<div class=\"elementor-widget-wrap elementor-element-populated\">\n\t\t\t\t\t\t<div class=\"elementor-element elementor-element-735306a3 elementor-widget__width-initial elementor-widget elementor-widget-text-editor\" data-id=\"735306a3\" data-element_type=\"widget\" data-e-type=\"widget\" data-widget_type=\"text-editor.default\">\n\t\t\t\t<div class=\"elementor-widget-container\">\n\t\t\t\t\t\t\t\t\t<h1 id=\"acesso-a-informacao\">\u00a0\u00a0\u00a0 Acesso \u00e0 Informa\u00e7\u00e3o<\/h1>\n<p><!-- \/wp:heading --><\/p>\n<p><!-- wp:paragraph {\"align\":\"left\"} --><\/p>\n<p class=\"has-text-align-left\">\u00a0\u00a0\u00a0\u00a0\u00a0\u00a0 O acesso a informa\u00e7\u00f5es produzidas\u00a0 e armazenadas pelo\u00a0 Estado \u00e9 um direito do cidad\u00e3o garantido pela Constitui\u00e7\u00e3o Federal.<\/p>\n<p><!-- \/wp:paragraph --><\/p>\n<p><!-- wp:paragraph --><\/p>\n<p>\u00a0\u00a0\u00a0\u00a0\u00a0\u00a0 No Distrito Federal, esse direito \u00e9 regulamentado pela\u00a0<a href=\"https:\/\/www.sinj.df.gov.br\/sinj\/Norma\/72983\/Lei_4990_12_12_2012.h\">Lei Distrital n\u00ba 4.990, de 12 de dezembro de 2012<\/a>, elaborada nos termos da\u00a0<a href=\"http:\/\/www.planalto.gov.br\/ccivil_03\/_ato2011-2014\/2011\/lei\/l12527.htm\" target=\"_blank\" rel=\"noreferrer noopener\">Lei Federal n\u00ba 12.527, de 2011<\/a>.<\/p>\n<p>\u00a0\u00a0\u00a0\u00a0\u00a0 A Lei de Acesso \u00e0 Informa\u00e7\u00e3o \u2013 LAI estabelece procedimentos e prazos para que todos os \u00f3rg\u00e3os p\u00fablicos prestem informa\u00e7\u00f5es aos cidad\u00e3os, seja por meio da Internet ou por meio do Servi\u00e7o de Informa\u00e7\u00f5es ao Cidad\u00e3o \u2013 SIC, que funcionam nas ouvidorias do GDF.<\/p>\n<p><!-- \/wp:paragraph --><\/p>\n<p><!-- wp:paragraph --><\/p>\n<p>\u00a0\u00a0\u00a0\u00a0 Nesta se\u00e7\u00e3o, \u00e9 poss\u00edvel consultar dados sobre o funcionamento do \u00f3rg\u00e3o, a\u00e7\u00f5es, programas, despesas, contratos, servidores, dentre outros. Al\u00e9m disso, o GDF disponibiliza para consulta o\u00a0<a href=\"http:\/\/www.transparencia.df.gov.br\/#\/\" target=\"_blank\" rel=\"noreferrer noopener\">Portal da Transpar\u00eancia do Distrito Federal<\/a>.<\/p>\n<p><!-- \/wp:paragraph --><\/p>\n<p><!-- wp:paragraph --><\/p>\n<p>\u00a0\u00a0\u00a0\u00a0 Caso n\u00e3o encontre no site do \u00f3rg\u00e3o ou no Portal da Transpar\u00eancia a informa\u00e7\u00e3o que procura, fa\u00e7a um pedido ao Servi\u00e7o de Informa\u00e7\u00f5es ao Cidad\u00e3o por meio do sistema\u00a0<a href=\"https:\/\/www.participa.df.gov.br\" target=\"_blank\" rel=\"noreferrer noopener\">e-SIC<\/a>.<\/p>\n<p><!-- \/wp:paragraph --><\/p>\n<p><!-- wp:paragraph --><\/p>\n<p>\u00a0\u00a0\u00a0\u00a0 Se preferir fazer um pedido pessoalmente, consulte o local e hor\u00e1rio de funcionamento do SIC clicando em Servi\u00e7o de Informa\u00e7\u00f5es ao Cidad\u00e3o \u2013 SIC no menu ao lado.\u00a0\u00a0<br \/>\u00a0\u00a0\u00a0\u00a0 Caso n\u00e3o busque uma informa\u00e7\u00e3o e queira somente fazer uma sugest\u00e3o, elogio, cr\u00edtica ou reclama\u00e7\u00e3o, saiba como\u00a0<a href=\"http:\/\/www.ouv.df.gov.br\/#\/\" target=\"_blank\" rel=\"noreferrer noopener\">aqui<\/a>.\u00a0 \u00a0 \u00a0\u00a0<\/p>\n<p><!-- \/wp:paragraph --><\/p>\n<p><!-- wp:paragraph --><\/p>\n<h4 style=\"text-align: right\">Atualizado em 04 de maio\u00a0de 2026.<\/h4>\n<p><!-- \/wp:paragraph --><\/p>\n<p>\u00a0<\/p>\t\t\t\t\t\t\t\t<\/div>\n\t\t\t\t<\/div>\n\t\t\t\t\t<\/div>\n\t\t<\/div>\n\t\t\t\t\t<\/div>\n\t\t<\/section>\n\t\t\t\t<section class=\"elementor-section elementor-top-section elementor-element elementor-element-acff8bd elementor-section-boxed elementor-section-height-default elementor-section-height-default\" data-id=\"acff8bd\" data-element_type=\"section\" data-e-type=\"section\">\n\t\t\t\t\t\t<div class=\"elementor-container elementor-column-gap-default\">\n\t\t\t\t\t<div class=\"elementor-column elementor-col-100 elementor-top-column elementor-element elementor-element-39e4b63\" data-id=\"39e4b63\" data-element_type=\"column\" data-e-type=\"column\">\n\t\t\t<div class=\"elementor-widget-wrap\">\n\t\t\t\t\t\t\t<\/div>\n\t\t<\/div>\n\t\t\t\t\t<\/div>\n\t\t<\/section>\n\t\t\t\t<\/div>\n\t\t","protected":false},"excerpt":{"rendered":"<p>\u00a0\u00a0\u00a0 Acesso \u00e0 Informa\u00e7\u00e3o \u00a0\u00a0\u00a0\u00a0\u00a0\u00a0 O acesso a informa\u00e7\u00f5es produzidas\u00a0 e armazenadas pelo\u00a0 Estado \u00e9 um direito do cidad\u00e3o garantido pela Constitui\u00e7\u00e3o Federal. \u00a0\u00a0\u00a0\u00a0\u00a0\u00a0 No Distrito Federal, esse direito \u00e9 regulamentado pela\u00a0Lei Distrital n\u00ba 4.990, de 12 de dezembro de 2012, elaborada nos termos da\u00a0Lei Federal n\u00ba 12.527, de 2011. \u00a0\u00a0\u00a0\u00a0\u00a0 A Lei de Acesso [&hellip;]<\/p>\n","protected":false},"author":1,"featured_media":0,"parent":0,"menu_order":0,"comment_status":"closed","ping_status":"closed","template":"","meta":{"_crdt_document":"","ocean_post_layout":"","ocean_both_sidebars_style":"","ocean_both_sidebars_content_width":0,"ocean_both_sidebars_sidebars_width":0,"ocean_sidebar":"0","ocean_second_sidebar":"0","ocean_disable_margins":"enable","ocean_add_body_class":"","ocean_shortcode_before_top_bar":"","ocean_shortcode_after_top_bar":"","ocean_shortcode_before_header":"","ocean_shortcode_after_header":"","ocean_has_shortcode":"","ocean_shortcode_after_title":"","ocean_shortcode_before_footer_widgets":"","ocean_shortcode_after_footer_widgets":"","ocean_shortcode_before_footer_bottom":"","ocean_shortcode_after_footer_bottom":"","ocean_display_top_bar":"default","ocean_display_header":"default","ocean_header_style":"","ocean_center_header_left_menu":"0","ocean_custom_header_template":"0","ocean_custom_logo":0,"ocean_custom_retina_logo":0,"ocean_custom_logo_max_width":0,"ocean_custom_logo_tablet_max_width":0,"ocean_custom_logo_mobile_max_width":0,"ocean_custom_logo_max_height":0,"ocean_custom_logo_tablet_max_height":0,"ocean_custom_logo_mobile_max_height":0,"ocean_header_custom_menu":"0","ocean_menu_typo_font_family":"0","ocean_menu_typo_font_subset":"","ocean_menu_typo_font_size":0,"ocean_menu_typo_font_size_tablet":0,"ocean_menu_typo_font_size_mobile":0,"ocean_menu_typo_font_size_unit":"px","ocean_menu_typo_font_weight":"","ocean_menu_typo_font_weight_tablet":"","ocean_menu_typo_font_weight_mobile":"","ocean_menu_typo_transform":"","ocean_menu_typo_transform_tablet":"","ocean_menu_typo_transform_mobile":"","ocean_menu_typo_line_height":0,"ocean_menu_typo_line_height_tablet":0,"ocean_menu_typo_line_height_mobile":0,"ocean_menu_typo_line_height_unit":"","ocean_menu_typo_spacing":0,"ocean_menu_typo_spacing_tablet":0,"ocean_menu_typo_spacing_mobile":0,"ocean_menu_typo_spacing_unit":"","ocean_menu_link_color":"","ocean_menu_link_color_hover":"","ocean_menu_link_color_active":"","ocean_menu_link_background":"","ocean_menu_link_hover_background":"","ocean_menu_link_active_background":"","ocean_menu_social_links_bg":"","ocean_menu_social_hover_links_bg":"","ocean_menu_social_links_color":"","ocean_menu_social_hover_links_color":"","ocean_disable_title":"default","ocean_disable_heading":"default","ocean_post_title":"","ocean_post_subheading":"","ocean_post_title_style":"","ocean_post_title_background_color":"","ocean_post_title_background":0,"ocean_post_title_bg_image_position":"","ocean_post_title_bg_image_attachment":"","ocean_post_title_bg_image_repeat":"","ocean_post_title_bg_image_size":"","ocean_post_title_height":0,"ocean_post_title_bg_overlay":0.5,"ocean_post_title_bg_overlay_color":"","ocean_disable_breadcrumbs":"default","ocean_breadcrumbs_color":"","ocean_breadcrumbs_separator_color":"","ocean_breadcrumbs_links_color":"","ocean_breadcrumbs_links_hover_color":"","ocean_display_footer_widgets":"default","ocean_display_footer_bottom":"default","ocean_custom_footer_template":"0","footnotes":""},"class_list":["post-74","page","type-page","status-publish","hentry","entry"],"_links":{"self":[{"href":"https:\/\/www.cbm.df.gov.br\/lai\/wp-json\/wp\/v2\/pages\/74","targetHints":{"allow":["GET"]}}],"collection":[{"href":"https:\/\/www.cbm.df.gov.br\/lai\/wp-json\/wp\/v2\/pages"}],"about":[{"href":"https:\/\/www.cbm.df.gov.br\/lai\/wp-json\/wp\/v2\/types\/page"}],"author":[{"embeddable":true,"href":"https:\/\/www.cbm.df.gov.br\/lai\/wp-json\/wp\/v2\/users\/1"}],"replies":[{"embeddable":true,"href":"https:\/\/www.cbm.df.gov.br\/lai\/wp-json\/wp\/v2\/comments?post=74"}],"version-history":[{"count":153,"href":"https:\/\/www.cbm.df.gov.br\/lai\/wp-json\/wp\/v2\/pages\/74\/revisions"}],"predecessor-version":[{"id":41062,"href":"https:\/\/www.cbm.df.gov.br\/lai\/wp-json\/wp\/v2\/pages\/74\/revisions\/41062"}],"wp:attachment":[{"href":"https:\/\/www.cbm.df.gov.br\/lai\/wp-json\/wp\/v2\/media?parent=74"}],"curies":[{"name":"wp","href":"https:\/\/api.w.org\/{rel}","templated":true}]}}