{"id":1096,"date":"2025-04-06T17:15:15","date_gmt":"2025-04-06T20:15:15","guid":{"rendered":"https:\/\/www.cbm.df.gov.br\/motomecanizado\/?page_id=1096"},"modified":"2025-04-16T14:57:48","modified_gmt":"2025-04-16T17:57:48","slug":"historico","status":"publish","type":"page","link":"https:\/\/www.cbm.df.gov.br\/motomecanizado\/historico\/","title":{"rendered":"Hist\u00f3rico"},"content":{"rendered":"\n<div class=\"wp-block-stackable-spacer alignwide stk-block-spacer stk--no-padding stk-block stk-b2c1613\" data-block-id=\"b2c1613\"><style>.stk-b2c1613 {height:71px !important;}@media screen and (max-width:999px){.stk-b2c1613 {height:70px !important;}}<\/style><\/div>\n\n\n\n<div class=\"wp-block-stackable-columns aligncenter stk-block-columns stk-block stk-9d25175\" data-block-id=\"9d25175\"><style>.stk-9d25175 {margin-bottom:40px !important;}<\/style><div class=\"stk-row stk-inner-blocks has-text-align-left stk-block-content stk-content-align stk-9d25175-column\">\n<div class=\"wp-block-stackable-column stk-block-column stk-column stk-block stk-355d12c\" data-v=\"4\" data-block-id=\"355d12c\"><style>.stk-355d12c-container{margin-top:0px !important;margin-right:auto !important;margin-bottom:0px !important;margin-left:auto !important;background-color:transparent !important;border-radius:0px !important;overflow:hidden !important;min-height:0px !important;max-width:100% !important;min-width:auto !important;padding-top:0px !important;padding-right:0px !important;padding-bottom:0px !important;padding-left:0px !important;}.stk-355d12c {max-width:80% !important;min-width:auto !important;margin-right:auto !important;margin-left:auto !important;}.stk-355d12c-container:before{background-color:transparent !important;}@media screen and (max-width:689px){.stk-355d12c-container{max-width:100% !important;min-width:auto !important;}}<\/style><div class=\"stk-column-wrapper stk-block-column__content stk-container stk-355d12c-container stk-hover-parent\"><div class=\"stk-block-content stk-inner-blocks stk-355d12c-inner-blocks\">\n<div class=\"wp-block-stackable-heading stk-block-heading stk-block-heading--v2 stk-block stk-cf02387\" id=\"criacao-da-semot\" data-block-id=\"cf02387\"><style>.stk-cf02387 {margin-top:24px !important;margin-bottom:24px !important;}.stk-cf02387 .stk-block-heading__text{line-height:1.3em !important;font-weight:800 !important;}@media screen and (max-width:999px){.stk-cf02387 .stk-block-heading__text{font-size:25px !important;}}<\/style><h1 class=\"stk-block-heading__text has-text-align-center\">CRIA\u00c7\u00c3O DA SEMOT<\/h1><\/div>\n\n\n\n<p class=\"wp-block-paragraph\">O Comandante do Corpo de Bombeiros Militar do Distrito Federal (CBMDF), atrav\u00e9s da Portaria n\u00b0 12, de 28 de junho de 2023, publicada no Suplemento ao Boletim Geral n\u00b0 121, de 29 de junho de 2023, criou em car\u00e1ter experimental, a<strong> Se\u00e7\u00e3o de Opera\u00e7\u00f5es Motomecanizadas do Comando Especializado (COESP).<\/strong><\/p>\n\n\n\n<p class=\"wp-block-paragraph\">A <strong>SEMOT<\/strong> \u00e9 Se\u00e7\u00e3o subordinada ao <strong>COESP<\/strong>, respons\u00e1vel pelas atividades operacionais motomecanizadas que empregam viaturas operacionais do CBMDF nas miss\u00f5es de salvamento, combate a inc\u00eandio, atendimento pr\u00e9-hospitalar e prote\u00e7\u00e3o ambiental.<\/p>\n<\/div><\/div><\/div>\n<\/div><\/div>\n\n\n\n<div data-wp-interactive=\"core\/file\" class=\"wp-block-file aligncenter\"><object data-wp-bind--hidden=\"!state.hasPdfPreview\" hidden class=\"wp-block-file__embed\" data=\"https:\/\/www.cbm.df.gov.br\/motomecanizado\/wp-content\/uploads\/2025\/04\/Suplemento-121-29jun2023.pdf\" type=\"application\/pdf\" style=\"width:100%;height:600px\" aria-label=\"Incorporado de Suplemento-121-29jun2023.\"><\/object><a id=\"wp-block-file--media-399126a4-367a-40a2-83f0-a12a701d359b\" href=\"https:\/\/www.cbm.df.gov.br\/motomecanizado\/wp-content\/uploads\/2025\/04\/Suplemento-121-29jun2023.pdf\">Suplemento-121-29jun2023<\/a><a href=\"https:\/\/www.cbm.df.gov.br\/motomecanizado\/wp-content\/uploads\/2025\/04\/Suplemento-121-29jun2023.pdf\" class=\"wp-block-file__button wp-element-button\" download aria-describedby=\"wp-block-file--media-399126a4-367a-40a2-83f0-a12a701d359b\">Baixar<\/a><\/div>\n\n\n\n<div class=\"wp-block-stackable-text stk-block-text stk-block stk-922babb\" data-block-id=\"922babb\"><style>.stk-922babb {margin-top:24px !important;margin-bottom:24px !important;}<\/style><p class=\"stk-block-text__text has-text-align-center\"><strong>Prorroga\u00e7\u00e3o <\/strong>do prazo da fase experimental da Se\u00e7\u00e3o de Opera\u00e7\u00f5es Motomecanizadas do Comando Especializado (SEMOT\/COESP).<\/p><\/div>\n\n\n\n<div data-wp-interactive=\"core\/file\" class=\"wp-block-file aligncenter\"><object data-wp-bind--hidden=\"!state.hasPdfPreview\" hidden class=\"wp-block-file__embed\" data=\"https:\/\/www.cbm.df.gov.br\/motomecanizado\/wp-content\/uploads\/2025\/04\/BG-060-28mar2025.pdf\" type=\"application\/pdf\" style=\"width:100%;height:600px\" aria-label=\"Incorporado de BG-060-28mar2025.\"><\/object><a id=\"wp-block-file--media-8bb01317-370d-4480-a5df-bde36a56562d\" href=\"https:\/\/www.cbm.df.gov.br\/motomecanizado\/wp-content\/uploads\/2025\/04\/BG-060-28mar2025.pdf\">BG-060-28mar2025<\/a><a href=\"https:\/\/www.cbm.df.gov.br\/motomecanizado\/wp-content\/uploads\/2025\/04\/BG-060-28mar2025.pdf\" class=\"wp-block-file__button wp-element-button\" download aria-describedby=\"wp-block-file--media-8bb01317-370d-4480-a5df-bde36a56562d\">Baixar<\/a><\/div>\n\n\n\n<p class=\"wp-block-paragraph\"><\/p>\n","protected":false},"excerpt":{"rendered":"<p>CRIA\u00c7\u00c3O DA SEMOT O Comandante do Corpo de Bombeiros Militar do Distrito Federal (CBMDF), atrav\u00e9s da Portaria n\u00b0 12, de 28 de junho de 2023, publicada no Suplemento ao Boletim Geral n\u00b0 121, de 29 de junho de 2023, criou em car\u00e1ter experimental, a Se\u00e7\u00e3o de Opera\u00e7\u00f5es Motomecanizadas do Comando Especializado (COESP). A SEMOT \u00e9 [&hellip;]<\/p>\n","protected":false},"author":6,"featured_media":0,"parent":0,"menu_order":1,"comment_status":"closed","ping_status":"closed","template":"","meta":{"_crdt_document":"","footnotes":""},"class_list":["post-1096","page","type-page","status-publish","hentry"],"blocksy_meta":{"page_title_panel":"","has_hero_section":"default","2338014cd58420ac6277da2eda79d99d":"","hero_section":"type-1","hero_elements":[{"id":"custom_title","enabled":true,"heading_tag":"h1","title":"Home","__id":"pTJlGeMADtASkePSFRidP"},{"id":"custom_description","enabled":true,"description_visibility":{"desktop":true,"tablet":true,"mobile":false},"__id":"KzUacFt65ZTfocZ2bh29I"},{"id":"custom_meta","enabled":false,"meta_elements":[{"id":"author","enabled":true,"label":"By","has_author_avatar":"yes","avatar_size":25},{"id":"post_date","enabled":true,"label":"On","date_format_source":"default","date_format":"M j, Y"},{"id":"updated_date","enabled":false,"label":"On","date_format_source":"default","date_format":"M j, Y"},{"id":"categories","enabled":false,"label":"In","style":"simple"},{"id":"comments","enabled":true}],"page_meta_elements":{"joined":true,"articles_count":true,"comments":true},"__id":"krLBMy_PncFMa652J4oE0"},{"id":"breadcrumbs","enabled":false,"__id":"mK7MlLws6ALNH4ah5u_VG"}],"07a27012473e42403446aa50c8cce948":"","hero_alignment1":"center","hero_margin":40,"hero_alignment2":"center","hero_vertical_alignment":"center","5cdd21d09401f798d8764e6a3caea1c4":"","hero_structure":"narrow","d5c7b3676b8ae9af5344453b24daefe6":"","page_title_bg_type":"featured_image","custom_hero_background":{"attachment_id":null},"page_title_image_size":"full","parallax":{"desktop":false,"tablet":false,"mobile":false},"871c6fcd94f28db655d92054dbf7163c":"","hero_height":"250px","pageTitleFont":{"family":"Default","variation":"Default","size":"30px","line-height":"CT_CSS_SKIP_RULE","letter-spacing":"CT_CSS_SKIP_RULE","text-transform":"CT_CSS_SKIP_RULE","text-decoration":"CT_CSS_SKIP_RULE"},"pageTitleFontColor":{"default":{"color":"CT_CSS_SKIP_RULEDEFAULT"}},"pageMetaFont":{"family":"Default","variation":"n6","size":"12px","line-height":"1.3","letter-spacing":"CT_CSS_SKIP_RULE","text-transform":"uppercase","text-decoration":"CT_CSS_SKIP_RULE"},"pageMetaFontColor":{"default":{"color":"CT_CSS_SKIP_RULEDEFAULT"},"hover":{"color":"CT_CSS_SKIP_RULEDEFAULT"}},"page_meta_button_type_font_colors":{"default":{"color":"CT_CSS_SKIP_RULEDEFAULT"},"hover":{"color":"CT_CSS_SKIP_RULEDEFAULT"}},"page_meta_button_type_background_colors":{"default":{"color":"CT_CSS_SKIP_RULEDEFAULT"},"hover":{"color":"CT_CSS_SKIP_RULEDEFAULT"}},"pageExcerptFont":{"family":"Default","variation":"Default","size":"CT_CSS_SKIP_RULE","line-height":"CT_CSS_SKIP_RULE","letter-spacing":"CT_CSS_SKIP_RULE","text-transform":"CT_CSS_SKIP_RULE","text-decoration":"CT_CSS_SKIP_RULE"},"pageExcerptColor":{"default":{"color":"CT_CSS_SKIP_RULEDEFAULT"}},"breadcrumbsFont":{"family":"Default","variation":"Default","size":"CT_CSS_SKIP_RULE","line-height":"CT_CSS_SKIP_RULE","letter-spacing":"CT_CSS_SKIP_RULE","text-transform":"CT_CSS_SKIP_RULE","text-decoration":"CT_CSS_SKIP_RULE"},"breadcrumbsFontColor":{"default":{"color":"CT_CSS_SKIP_RULEDEFAULT"},"initial":{"color":"CT_CSS_SKIP_RULEDEFAULT"},"hover":{"color":"CT_CSS_SKIP_RULEDEFAULT"}},"pageTitleOverlay":{"background_type":"color","background_pattern":"type-1","background_image":{"attachment_id":null,"x":0,"y":0},"gradient":"linear-gradient(135deg,rgba(6,147,227,1) 0%,rgb(155,81,224) 100%)","background_repeat":"repeat","background_size":"auto","background_attachment":"scroll","patternColor":{"default":{"color":"#e5e7ea"}},"overlayColor":{"default":{"color":"CT_CSS_SKIP_RULE"}},"backgroundColor":{"default":{"color":"CT_CSS_SKIP_RULE"}}},"pageTitleBackground":{"background_type":"color","background_pattern":"type-1","background_image":{"attachment_id":null,"x":0,"y":0},"gradient":"linear-gradient(135deg,rgba(6,147,227,1) 0%,rgb(155,81,224) 100%)","background_repeat":"repeat","background_size":"auto","background_attachment":"scroll","patternColor":{"default":{"color":"#e5e7ea"}},"overlayColor":{"default":{"color":"CT_CSS_SKIP_RULE"}},"backgroundColor":{"default":{"color":"var(--theme-palette-color-6)"}}},"pageTitlePadding":{"top":"50px","bottom":"50px","left":"auto","right":"auto","linked":true},"99111b16e557b08b807a9c73316bc668":"","page_structure_type":"default","15d4f4219e0e895016050992f6d0db09":"","content_style_source":"inherit","content_style":"wide","vertical_spacing_source":"inherit","content_area_spacing":"none","background":{"background_type":"color","background_pattern":"type-1","background_image":{"attachment_id":null,"x":0,"y":0},"gradient":"linear-gradient(135deg,rgba(6,147,227,1) 0%,rgb(155,81,224) 100%)","background_repeat":"repeat","background_size":"auto","background_attachment":"scroll","patternColor":{"default":{"color":"#e5e7ea"}},"overlayColor":{"default":{"color":"CT_CSS_SKIP_RULE"}},"backgroundColor":{"default":{"color":"CT_CSS_SKIP_RULE"}}},"content_background":{"background_type":"color","background_pattern":"type-1","background_image":{"attachment_id":null,"x":0,"y":0},"gradient":"linear-gradient(135deg,rgba(6,147,227,1) 0%,rgb(155,81,224) 100%)","background_repeat":"repeat","background_size":"auto","background_attachment":"scroll","patternColor":{"default":{"color":"#e5e7ea"}},"overlayColor":{"default":{"color":"CT_CSS_SKIP_RULE"}},"backgroundColor":{"default":{"color":"var(--theme-palette-color-8)"}}},"content_boxed_shadow":{"inherit":false,"blur":18,"spread":-6,"v_offset":12,"h_offset":0,"inset":false,"enable":true,"color":{"color":"rgba(34, 56, 101, 0.04)"}},"content_boxed_border":{"width":1,"style":"none","color":{"color":"rgba(44,62,80,0.2)"}},"content_boxed_radius":{"top":"3px","bottom":"3px","left":"3px","right":"3px","linked":true},"boxed_content_spacing":{"desktop":{"top":"40px","bottom":"40px","left":"40px","right":"40px","linked":true},"tablet":{"top":"35px","bottom":"35px","left":"35px","right":"35px","linked":true},"mobile":{"top":"20px","bottom":"20px","left":"20px","right":"20px","linked":true}},"ffae9585e5c22d8689d4b4f5a30bc707":"","disable_featured_image":"no","disable_share_box":"no","disable_header":"no","disable_footer":"no","styles_descriptor":{"styles":{"desktop":"","tablet":"","mobile":""},"google_fonts":[],"version":6}},"_links":{"self":[{"href":"https:\/\/www.cbm.df.gov.br\/motomecanizado\/wp-json\/wp\/v2\/pages\/1096","targetHints":{"allow":["GET"]}}],"collection":[{"href":"https:\/\/www.cbm.df.gov.br\/motomecanizado\/wp-json\/wp\/v2\/pages"}],"about":[{"href":"https:\/\/www.cbm.df.gov.br\/motomecanizado\/wp-json\/wp\/v2\/types\/page"}],"author":[{"embeddable":true,"href":"https:\/\/www.cbm.df.gov.br\/motomecanizado\/wp-json\/wp\/v2\/users\/6"}],"replies":[{"embeddable":true,"href":"https:\/\/www.cbm.df.gov.br\/motomecanizado\/wp-json\/wp\/v2\/comments?post=1096"}],"version-history":[{"count":11,"href":"https:\/\/www.cbm.df.gov.br\/motomecanizado\/wp-json\/wp\/v2\/pages\/1096\/revisions"}],"predecessor-version":[{"id":1310,"href":"https:\/\/www.cbm.df.gov.br\/motomecanizado\/wp-json\/wp\/v2\/pages\/1096\/revisions\/1310"}],"wp:attachment":[{"href":"https:\/\/www.cbm.df.gov.br\/motomecanizado\/wp-json\/wp\/v2\/media?parent=1096"}],"curies":[{"name":"wp","href":"https:\/\/api.w.org\/{rel}","templated":true}]}}