{"id":1173,"date":"2025-04-08T14:19:33","date_gmt":"2025-04-08T17:19:33","guid":{"rendered":"https:\/\/www.cbm.df.gov.br\/motomecanizado\/?page_id=1173"},"modified":"2025-05-05T13:10:58","modified_gmt":"2025-05-05T16:10:58","slug":"capacitacoes","status":"publish","type":"page","link":"https:\/\/www.cbm.df.gov.br\/motomecanizado\/capacitacoes\/","title":{"rendered":"Capacita\u00e7\u00f5es"},"content":{"rendered":"\n<div class=\"wp-block-stackable-text stk-block-text stk-block stk-33144ee\" data-block-id=\"33144ee\"><style>.stk-33144ee {margin-top:24px !important;margin-bottom:24px !important;}<\/style><p class=\"stk-block-text__text has-text-align-justify\">A&nbsp;<strong>Se\u00e7\u00e3o de Opera\u00e7\u00f5es Motomecanizadas (COESP\/SEMOT)<\/strong>&nbsp;promover\u00e1, ao longo do m\u00eas de maio de 2025, diversas capacita\u00e7\u00f5es e palestras destinadas aos militares do Corpo de Bombeiros Militar do Distrito Federal. Confira abaixo a programa\u00e7\u00e3o das atividades:<\/p><\/div>\n\n\n\n<figure class=\"wp-block-image aligncenter size-large\"><img fetchpriority=\"high\" decoding=\"async\" width=\"819\" height=\"1024\" src=\"https:\/\/www.cbm.df.gov.br\/motomecanizado\/wp-content\/uploads\/2025\/04\/Calendario-Mensal-2025-Minimalista-Preto-e-Branco-1080-x-1350-px-4-819x1024.png\" alt=\"\" class=\"wp-image-1206\" srcset=\"https:\/\/www.cbm.df.gov.br\/motomecanizado\/wp-content\/uploads\/2025\/04\/Calendario-Mensal-2025-Minimalista-Preto-e-Branco-1080-x-1350-px-4-819x1024.png 819w, https:\/\/www.cbm.df.gov.br\/motomecanizado\/wp-content\/uploads\/2025\/04\/Calendario-Mensal-2025-Minimalista-Preto-e-Branco-1080-x-1350-px-4-240x300.png 240w, https:\/\/www.cbm.df.gov.br\/motomecanizado\/wp-content\/uploads\/2025\/04\/Calendario-Mensal-2025-Minimalista-Preto-e-Branco-1080-x-1350-px-4-768x960.png 768w, https:\/\/www.cbm.df.gov.br\/motomecanizado\/wp-content\/uploads\/2025\/04\/Calendario-Mensal-2025-Minimalista-Preto-e-Branco-1080-x-1350-px-4.png 1080w\" sizes=\"(max-width: 819px) 100vw, 819px\" \/><\/figure>\n\n\n\n<hr class=\"wp-block-separator has-alpha-channel-opacity\"\/>\n\n\n\n<div class=\"wp-block-stackable-heading stk-block-heading stk-block-heading--v2 stk-block stk-8cafa62\" id=\"\ud83d\udccc-inscricoes\" data-block-id=\"8cafa62\"><style>.stk-8cafa62 .stk-block-heading__top-line{height:4px !important;margin-left:0 !important;margin-right:auto !important;}.stk-8cafa62 {margin-top:15px !important;margin-bottom:15px !important;top:-5px !important;bottom:-1px !important;}<\/style><h3 class=\"stk-block-heading__text\">\ud83d\udccc Inscri\u00e7\u00f5es:<\/h3><\/div>\n\n\n\n<div class=\"wp-block-stackable-text stk-block-text stk-block stk-75665d2\" data-block-id=\"75665d2\"><style>.stk-75665d2 {margin-top:15px !important;margin-bottom:11px !important;}<\/style><p class=\"stk-block-text__text has-text-align-justify\">Os militares interessados em participar das capacita\u00e7\u00f5es devem procurar as&nbsp;<strong>secretarias de suas respectivas unidades<\/strong>&nbsp;para realizar a solicita\u00e7\u00e3o de inscri\u00e7\u00e3o junto ao&nbsp;<strong>EMOPE\/SEINS<\/strong>.<\/p><\/div>\n\n\n\n<div class=\"wp-block-stackable-text stk-block-text stk-block stk-d8d8d15\" data-block-id=\"d8d8d15\"><style>.stk-d8d8d15 {margin-bottom:2px !important;}<\/style><p class=\"stk-block-text__text has-text-align-justify\">As atividades t\u00eam vagas limitadas e a participa\u00e7\u00e3o contribui diretamente para a capacita\u00e7\u00e3o t\u00e9cnica e operacional dos militares do CBMDF.<\/p><\/div>\n\n\n\n<div class=\"wp-block-stackable-text stk-block-text stk-block stk-2c9cbc7\" data-block-id=\"2c9cbc7\"><style>.stk-2c9cbc7 {margin-bottom:-2px !important;}<\/style><p class=\"stk-block-text__text has-text-align-justify\">Para mais informa\u00e7\u00f5es, d\u00favidas ou orienta\u00e7\u00f5es, os militares podem entrar em contato com a&nbsp;<strong><a href=\"https:\/\/encurtador.com.br\/GzcCF\" target=\"_blank\" rel=\"noreferrer noopener\">SEMOT<\/a><\/strong>.<\/p><\/div>\n\n\n\n<p class=\"wp-block-paragraph\"><\/p>\n","protected":false},"excerpt":{"rendered":"<p>A&nbsp;Se\u00e7\u00e3o de Opera\u00e7\u00f5es Motomecanizadas (COESP\/SEMOT)&nbsp;promover\u00e1, ao longo do m\u00eas de maio de 2025, diversas capacita\u00e7\u00f5es e palestras destinadas aos militares do Corpo de Bombeiros Militar do Distrito Federal. Confira abaixo a programa\u00e7\u00e3o das atividades: \ud83d\udccc Inscri\u00e7\u00f5es: Os militares interessados em participar das capacita\u00e7\u00f5es devem procurar as&nbsp;secretarias de suas respectivas unidades&nbsp;para realizar a solicita\u00e7\u00e3o de inscri\u00e7\u00e3o [&hellip;]<\/p>\n","protected":false},"author":6,"featured_media":0,"parent":0,"menu_order":0,"comment_status":"closed","ping_status":"closed","template":"","meta":{"_crdt_document":"","footnotes":""},"class_list":["post-1173","page","type-page","status-publish","hentry"],"blocksy_meta":{"page_structure_type":"type-4","styles_descriptor":{"styles":{"desktop":"","tablet":"","mobile":""},"google_fonts":[],"version":6}},"_links":{"self":[{"href":"https:\/\/www.cbm.df.gov.br\/motomecanizado\/wp-json\/wp\/v2\/pages\/1173","targetHints":{"allow":["GET"]}}],"collection":[{"href":"https:\/\/www.cbm.df.gov.br\/motomecanizado\/wp-json\/wp\/v2\/pages"}],"about":[{"href":"https:\/\/www.cbm.df.gov.br\/motomecanizado\/wp-json\/wp\/v2\/types\/page"}],"author":[{"embeddable":true,"href":"https:\/\/www.cbm.df.gov.br\/motomecanizado\/wp-json\/wp\/v2\/users\/6"}],"replies":[{"embeddable":true,"href":"https:\/\/www.cbm.df.gov.br\/motomecanizado\/wp-json\/wp\/v2\/comments?post=1173"}],"version-history":[{"count":8,"href":"https:\/\/www.cbm.df.gov.br\/motomecanizado\/wp-json\/wp\/v2\/pages\/1173\/revisions"}],"predecessor-version":[{"id":1495,"href":"https:\/\/www.cbm.df.gov.br\/motomecanizado\/wp-json\/wp\/v2\/pages\/1173\/revisions\/1495"}],"wp:attachment":[{"href":"https:\/\/www.cbm.df.gov.br\/motomecanizado\/wp-json\/wp\/v2\/media?parent=1173"}],"curies":[{"name":"wp","href":"https:\/\/api.w.org\/{rel}","templated":true}]}}