{"id":1174,"date":"2025-04-08T14:19:33","date_gmt":"2025-04-08T17:19:33","guid":{"rendered":"https:\/\/www.cbm.df.gov.br\/motomecanizado\/?page_id=1174"},"modified":"2025-05-12T17:49:14","modified_gmt":"2025-05-12T20:49:14","slug":"porte-leve","status":"publish","type":"page","link":"https:\/\/www.cbm.df.gov.br\/motomecanizado\/porte-leve\/","title":{"rendered":"Porte Leve"},"content":{"rendered":"<h2 style=\"text-align: center;\">Capacita\u00e7\u00e3o para Condu\u00e7\u00e3o de Viaturas OFF-Road Porte Leve<\/h2>\n<p><img fetchpriority=\"high\" decoding=\"async\" class=\"aligncenter wp-image-1561 size-full\" src=\"https:\/\/www.cbm.df.gov.br\/motomecanizado\/wp-content\/uploads\/2025\/05\/WhatsApp-Image-2025-05-12-at-17.30.53.jpeg\" alt=\"\" width=\"1200\" height=\"400\" srcset=\"https:\/\/www.cbm.df.gov.br\/motomecanizado\/wp-content\/uploads\/2025\/05\/WhatsApp-Image-2025-05-12-at-17.30.53.jpeg 1200w, https:\/\/www.cbm.df.gov.br\/motomecanizado\/wp-content\/uploads\/2025\/05\/WhatsApp-Image-2025-05-12-at-17.30.53-300x100.jpeg 300w, https:\/\/www.cbm.df.gov.br\/motomecanizado\/wp-content\/uploads\/2025\/05\/WhatsApp-Image-2025-05-12-at-17.30.53-1024x341.jpeg 1024w, https:\/\/www.cbm.df.gov.br\/motomecanizado\/wp-content\/uploads\/2025\/05\/WhatsApp-Image-2025-05-12-at-17.30.53-768x256.jpeg 768w\" sizes=\"(max-width: 1200px) 100vw, 1200px\" \/><\/p>\n<p>A\u00a0<strong>Se\u00e7\u00e3o de Opera\u00e7\u00f5es Motomecanizadas (SEMOT)<\/strong>\u00a0informa que a\u00a0<strong>capacita\u00e7\u00e3o para condu\u00e7\u00e3o de Viaturas OFF-Road Porte Leve<\/strong>\u00a0est\u00e1\u00a0<strong>dispon\u00edvel na Escola Virtual do CBMDF<\/strong>. O curso retorna com\u00a0<strong>conte\u00fado atualizado<\/strong>\u00a0e um novo formato que aprimora o aprendizado dos militares para uma condu\u00e7\u00e3o segura e eficiente nas vias do Distrito Federal.<\/p>\n<p>As viaturas de\u00a0<strong>Porte Leve<\/strong>\u00a0s\u00e3o aquelas com\u00a0<strong>Peso Bruto Total (PBT) de at\u00e9 3.500 kg<\/strong>, exigindo\u00a0<strong>CNH categoria \u201cB\u201d v\u00e1lida<\/strong>. Todos os militares devidamente capacitados podem conduzir essas viaturas. Para os militares pertencentes a\u00a0<strong>QBMG-2<\/strong>, n\u00e3o h\u00e1 necessidade de capacita\u00e7\u00e3o espec\u00edfica, pois j\u00e1 possuem essa qualifica\u00e7\u00e3o.<\/p>\n<h3><strong>Como funciona a capacita\u00e7\u00e3o?<\/strong><\/h3>\n\n\n<p class=\"has-medium-font-size wp-block-paragraph\">O curso tem&nbsp;<strong>duas modalidades<\/strong>, dependendo do tipo de ve\u00edculo:<\/p>\n\n\n\n<ul class=\"wp-block-list\">\n<li>\ud83d\udd39&nbsp;<strong>Para viaturas com sistema 4\u00d74 off-road<\/strong>\n\u2714\ufe0f Curso&nbsp;<strong>EAD no CBMDF<\/strong>&nbsp;com&nbsp;<strong>nota m\u00ednima de 70%<\/strong>\n\u2714\ufe0f&nbsp;<strong>Treinamento pr\u00e1tico obrigat\u00f3rio<\/strong>&nbsp;ap\u00f3s aprova\u00e7\u00e3o no EAD\n\u2714\ufe0f Solicita\u00e7\u00e3o via&nbsp;<strong>SEI<\/strong>&nbsp;(CBMDF\/EMOPE\/SEINS)<\/li>\n\n\n\n<li>\ud83d\udd39&nbsp;<strong>Para viaturas sem sistema 4\u00d74 off-road<\/strong>\n\u2714\ufe0f Apenas curso&nbsp;<strong>EAD no CBMDF<\/strong>&nbsp;com&nbsp;<strong>nota m\u00ednima de 70%<\/strong>\n\u274c&nbsp;<strong>N\u00e3o precisa de treinamento pr\u00e1tico<\/strong><\/li>\n<\/ul>\n\n\n\n<p class=\"has-medium-font-size wp-block-paragraph\"><em>\ud83d\udccc&nbsp;<strong>Validade do curso:&nbsp;5 anos<\/strong><\/em><\/p>\n\n\n<h3><strong>Curso CVE \u2013 SENASP: Equival\u00eancia<\/strong><\/h3>\n<div class=\"stk-block-text stk-block stk-61677c9\" data-block-id=\"61677c9\">\n<p class=\"block-editor-rich-text__editable stk-block-text__text has-text-align-justify rich-text\" role=\"textbox\" contenteditable=\"true\" aria-multiline=\"true\" aria-label=\"Type \/ to choose a block\" data-wp-block-attribute-key=\"text\">Quem j\u00e1 fez o\u00a0<strong>Curso de Condutores de Ve\u00edculos de Emerg\u00eancia (CVE)<\/strong>, da\u00a0<strong>Rede EAD SENASP<\/strong>, pode solicitar\u00a0<strong>homologa\u00e7\u00e3o para viaturas sem sistema 4\u00d74 off-road.<\/strong><\/p>\n<\/div>\n<p>Para isso, basta enviar o certificado pelo\u00a0<strong>SEI (CBMDF\/COESP\/SEMOT\/SUAAD)<\/strong>\u00a0.<\/p>\n<p>\u26a0\ufe0fImportante! Esse curso\u00a0<strong>N\u00c3O habilita<\/strong>\u00a0a dirigir viaturas\u00a0<strong>com tra\u00e7\u00e3o 4\u00d74<\/strong>. Para isso, o militar deve fazer o\u00a0<strong>EAD do CBMDF<\/strong>\u00a0e o\u00a0<strong>treinamento pr\u00e1tico<\/strong>.<\/p>\n<h3><strong>Inscreva-se agora e regularize sua capacita\u00e7\u00e3o!<\/strong><\/h3>\n<p>A capacita\u00e7\u00e3o est\u00e1\u00a0<strong>ativa na nova plataforma\u00a0<\/strong>EAD \u2013\u00a0<strong>Escola Virtual do CBMDF<\/strong>.\u00a0<strong>Inscreva-se j\u00e1<\/strong>\u00a0e fique apto a dirigir as viaturas de Porte Leve.<\/p>\n<p style=\"text-align: center;\">\ud83d\udcbb\u00a0<strong>Acesse\u00a0<em><a href=\"http:\/\/escolavirtual.cbm.df.gov.br\/enrol\/index.php?id=21\" target=\"_blank\" rel=\"noreferrer noopener\">aqui<\/a><\/em>\u00a0o curso EAD do CBMDF e comece agora!<\/strong><\/p>\n\n\n<div data-wp-interactive=\"core\/file\" class=\"wp-block-file\"><object data-wp-bind--hidden=\"!state.hasPdfPreview\" hidden class=\"wp-block-file__embed\" data=\"https:\/\/www.cbm.df.gov.br\/motomecanizado\/wp-content\/uploads\/2025\/04\/Boletin-Geral-101-de-2024-1.pdf\" type=\"application\/pdf\" style=\"width:100%;height:600px\" aria-label=\"Incorporado de Boletin Geral 101 de 2024.\"><\/object><a id=\"wp-block-file--media-78d75e6a-37c5-4f95-b879-43c8079cff8d\" href=\"https:\/\/www.cbm.df.gov.br\/motomecanizado\/wp-content\/uploads\/2025\/04\/Boletin-Geral-101-de-2024-1.pdf\">Boletin Geral 101 de 2024<\/a><a href=\"https:\/\/www.cbm.df.gov.br\/motomecanizado\/wp-content\/uploads\/2025\/04\/Boletin-Geral-101-de-2024-1.pdf\" class=\"wp-block-file__button wp-element-button\" download aria-describedby=\"wp-block-file--media-78d75e6a-37c5-4f95-b879-43c8079cff8d\">Baixar<\/a><\/div>\n\n\n\n<p class=\"wp-block-paragraph\"><\/p>\n","protected":false},"excerpt":{"rendered":"<p>Capacita\u00e7\u00e3o para Condu\u00e7\u00e3o de Viaturas OFF-Road Porte Leve A\u00a0Se\u00e7\u00e3o de Opera\u00e7\u00f5es Motomecanizadas (SEMOT)\u00a0informa que a\u00a0capacita\u00e7\u00e3o para condu\u00e7\u00e3o de Viaturas OFF-Road Porte Leve\u00a0est\u00e1\u00a0dispon\u00edvel na Escola Virtual do CBMDF. O curso retorna com\u00a0conte\u00fado atualizado\u00a0e um novo formato que aprimora o aprendizado dos militares para uma condu\u00e7\u00e3o segura e eficiente nas vias do Distrito Federal. As viaturas de\u00a0Porte [&hellip;]<\/p>\n","protected":false},"author":6,"featured_media":0,"parent":0,"menu_order":0,"comment_status":"closed","ping_status":"closed","template":"","meta":{"_crdt_document":"","footnotes":""},"class_list":["post-1174","page","type-page","status-publish","hentry"],"blocksy_meta":[],"_links":{"self":[{"href":"https:\/\/www.cbm.df.gov.br\/motomecanizado\/wp-json\/wp\/v2\/pages\/1174","targetHints":{"allow":["GET"]}}],"collection":[{"href":"https:\/\/www.cbm.df.gov.br\/motomecanizado\/wp-json\/wp\/v2\/pages"}],"about":[{"href":"https:\/\/www.cbm.df.gov.br\/motomecanizado\/wp-json\/wp\/v2\/types\/page"}],"author":[{"embeddable":true,"href":"https:\/\/www.cbm.df.gov.br\/motomecanizado\/wp-json\/wp\/v2\/users\/6"}],"replies":[{"embeddable":true,"href":"https:\/\/www.cbm.df.gov.br\/motomecanizado\/wp-json\/wp\/v2\/comments?post=1174"}],"version-history":[{"count":6,"href":"https:\/\/www.cbm.df.gov.br\/motomecanizado\/wp-json\/wp\/v2\/pages\/1174\/revisions"}],"predecessor-version":[{"id":1565,"href":"https:\/\/www.cbm.df.gov.br\/motomecanizado\/wp-json\/wp\/v2\/pages\/1174\/revisions\/1565"}],"wp:attachment":[{"href":"https:\/\/www.cbm.df.gov.br\/motomecanizado\/wp-json\/wp\/v2\/media?parent=1174"}],"curies":[{"name":"wp","href":"https:\/\/api.w.org\/{rel}","templated":true}]}}