{"id":1326,"date":"2025-04-28T13:44:22","date_gmt":"2025-04-28T16:44:22","guid":{"rendered":"https:\/\/www.cbm.df.gov.br\/motomecanizado\/?page_id=1326"},"modified":"2025-05-05T13:43:17","modified_gmt":"2025-05-05T16:43:17","slug":"legislacao-2023","status":"publish","type":"page","link":"https:\/\/www.cbm.df.gov.br\/motomecanizado\/legislacao-2023\/","title":{"rendered":"2023 &#8211; Legisla\u00e7\u00e3o"},"content":{"rendered":"\n<h3 class=\"wp-block-heading has-text-align-center\" style=\"border-style:none;border-width:0px;padding-top:var(--wp--preset--spacing--40);padding-bottom:var(--wp--preset--spacing--40)\">ANO 2003<\/h3>\n\n\n\n<div data-wp-interactive=\"core\/file\" class=\"wp-block-file aligncenter\"><object data-wp-bind--hidden=\"!state.hasPdfPreview\" hidden class=\"wp-block-file__embed\" data=\"https:\/\/www.cbm.df.gov.br\/motomecanizado\/wp-content\/uploads\/2025\/04\/BG145_2003_DETERMINACAO_USO_CORRETO_ILUMINACAO_VIATURAS-1.pdf\" type=\"application\/pdf\" style=\"width:100%;height:600px\" aria-label=\"Incorporado de BG145_2003_DETERMINA\u00c7\u00c3O_USO_CORRETO_ILUMINA\u00c7\u00c3O_VIATURAS.\"><\/object><a id=\"wp-block-file--media-99171799-5bb7-4242-a66b-1f68a7042b9f\" href=\"https:\/\/www.cbm.df.gov.br\/motomecanizado\/wp-content\/uploads\/2025\/04\/BG145_2003_DETERMINACAO_USO_CORRETO_ILUMINACAO_VIATURAS-1.pdf\">BG145_2003_DETERMINA\u00c7\u00c3O_USO_CORRETO_ILUMINA\u00c7\u00c3O_VIATURAS<\/a><a href=\"https:\/\/www.cbm.df.gov.br\/motomecanizado\/wp-content\/uploads\/2025\/04\/BG145_2003_DETERMINACAO_USO_CORRETO_ILUMINACAO_VIATURAS-1.pdf\" class=\"wp-block-file__button wp-element-button\" download aria-describedby=\"wp-block-file--media-99171799-5bb7-4242-a66b-1f68a7042b9f\">Baixar<\/a><\/div>\n\n\n\n<p class=\"wp-block-paragraph\"><\/p>\n\n\n\n<div class=\"wp-block-stackable-columns stk-block-columns stk-block stk-4517ace\" data-block-id=\"4517ace\"><div class=\"stk-row stk-inner-blocks stk-block-content stk-content-align stk-4517ace-column\">\n<div class=\"wp-block-stackable-column stk-block-column stk-column stk-block stk-c6268c2\" data-v=\"4\" data-block-id=\"c6268c2\"><div class=\"stk-column-wrapper stk-block-column__content stk-container stk-c6268c2-container stk--no-background stk--no-padding\"><div class=\"stk-block-content stk-inner-blocks stk-c6268c2-inner-blocks\">\n<div class=\"wp-block-stackable-columns stk-block-columns stk-block stk-55df785\" data-block-id=\"55df785\"><div class=\"stk-row stk-inner-blocks stk-block-content stk-content-align stk-55df785-column\">\n<div class=\"wp-block-stackable-column stk-block-column stk-column stk-block stk-b097d2c\" data-v=\"4\" data-block-id=\"b097d2c\"><div class=\"stk-column-wrapper stk-block-column__content stk-container stk-b097d2c-container stk--no-background stk--no-padding\"><div class=\"stk-block-content stk-inner-blocks stk-b097d2c-inner-blocks\">\n<div class=\"wp-block-stackable-columns stk-block-columns stk-block stk-6214ded\" data-block-id=\"6214ded\"><div class=\"stk-row stk-inner-blocks stk-block-content stk-content-align stk-6214ded-column\">\n<div class=\"wp-block-stackable-column stk-block-column stk-column stk-block stk-8da4566\" data-v=\"4\" data-block-id=\"8da4566\"><div class=\"stk-column-wrapper stk-block-column__content stk-container stk-8da4566-container stk--no-background stk--no-padding\"><div class=\"stk-block-content stk-inner-blocks stk-8da4566-inner-blocks\"><\/div><\/div><\/div>\n<\/div><\/div>\n<\/div><\/div><\/div>\n<\/div><\/div>\n<\/div><\/div><\/div>\n<\/div><\/div>\n\n\n\n<p class=\"wp-block-paragraph\"><\/p>\n","protected":false},"excerpt":{"rendered":"<p>ANO 2003<\/p>\n","protected":false},"author":6,"featured_media":0,"parent":0,"menu_order":0,"comment_status":"closed","ping_status":"closed","template":"","meta":{"_crdt_document":"","footnotes":""},"class_list":["post-1326","page","type-page","status-publish","hentry"],"blocksy_meta":[],"_links":{"self":[{"href":"https:\/\/www.cbm.df.gov.br\/motomecanizado\/wp-json\/wp\/v2\/pages\/1326","targetHints":{"allow":["GET"]}}],"collection":[{"href":"https:\/\/www.cbm.df.gov.br\/motomecanizado\/wp-json\/wp\/v2\/pages"}],"about":[{"href":"https:\/\/www.cbm.df.gov.br\/motomecanizado\/wp-json\/wp\/v2\/types\/page"}],"author":[{"embeddable":true,"href":"https:\/\/www.cbm.df.gov.br\/motomecanizado\/wp-json\/wp\/v2\/users\/6"}],"replies":[{"embeddable":true,"href":"https:\/\/www.cbm.df.gov.br\/motomecanizado\/wp-json\/wp\/v2\/comments?post=1326"}],"version-history":[{"count":17,"href":"https:\/\/www.cbm.df.gov.br\/motomecanizado\/wp-json\/wp\/v2\/pages\/1326\/revisions"}],"predecessor-version":[{"id":1498,"href":"https:\/\/www.cbm.df.gov.br\/motomecanizado\/wp-json\/wp\/v2\/pages\/1326\/revisions\/1498"}],"wp:attachment":[{"href":"https:\/\/www.cbm.df.gov.br\/motomecanizado\/wp-json\/wp\/v2\/media?parent=1326"}],"curies":[{"name":"wp","href":"https:\/\/api.w.org\/{rel}","templated":true}]}}