{"id":1411,"date":"2025-04-28T15:44:11","date_gmt":"2025-04-28T18:44:11","guid":{"rendered":"https:\/\/www.cbm.df.gov.br\/motomecanizado\/?page_id=1411"},"modified":"2025-05-05T13:48:40","modified_gmt":"2025-05-05T16:48:40","slug":"legislacao","status":"publish","type":"page","link":"https:\/\/www.cbm.df.gov.br\/motomecanizado\/legislacao\/","title":{"rendered":"Legisla\u00e7\u00e3o"},"content":{"rendered":"\n<h3 class=\"wp-block-heading has-text-align-center\" style=\"border-style:none;border-width:0px;padding-top:var(--wp--preset--spacing--40);padding-bottom:var(--wp--preset--spacing--40)\">\u00cdNDICE DE PUBLICA\u00c7\u00d5ES RELATIVOS \u00c0 CONDU\u00c7\u00c3O DE VIATURAS NO CBMDF<\/h3>\n\n\n\n<div data-wp-interactive=\"core\/file\" class=\"wp-block-file aligncenter\"><object data-wp-bind--hidden=\"!state.hasPdfPreview\" hidden class=\"wp-block-file__embed\" data=\"https:\/\/www.cbm.df.gov.br\/motomecanizado\/wp-content\/uploads\/2025\/04\/INDICE_PUBLICACAO.pdf\" type=\"application\/pdf\" style=\"width:100%;height:600px\" aria-label=\"Incorporado de INDICE_PUBLICA\u00c7\u00c3O.\"><\/object><a id=\"wp-block-file--media-dfdd9a52-93bd-4094-8a50-9e818cf4091f\" href=\"https:\/\/www.cbm.df.gov.br\/motomecanizado\/wp-content\/uploads\/2025\/04\/INDICE_PUBLICACAO.pdf\">INDICE_PUBLICA\u00c7\u00c3O<\/a><a href=\"https:\/\/www.cbm.df.gov.br\/motomecanizado\/wp-content\/uploads\/2025\/04\/INDICE_PUBLICACAO.pdf\" class=\"wp-block-file__button wp-element-button\" download aria-describedby=\"wp-block-file--media-dfdd9a52-93bd-4094-8a50-9e818cf4091f\">Baixar<\/a><\/div>\n\n\n\n<p class=\"wp-block-paragraph\"><\/p>\n\n\n\n<div class=\"wp-block-stackable-columns stk-block-columns stk-block stk-4517ace\" data-block-id=\"4517ace\"><div class=\"stk-row stk-inner-blocks stk-block-content stk-content-align stk-4517ace-column\">\n<div class=\"wp-block-stackable-column stk-block-column stk-column stk-block stk-c6268c2\" data-v=\"4\" data-block-id=\"c6268c2\"><div class=\"stk-column-wrapper stk-block-column__content stk-container stk-c6268c2-container stk--no-background stk--no-padding\"><div class=\"stk-block-content stk-inner-blocks stk-c6268c2-inner-blocks\">\n<div class=\"wp-block-stackable-columns stk-block-columns stk-block stk-55df785\" data-block-id=\"55df785\"><div class=\"stk-row stk-inner-blocks stk-block-content stk-content-align stk-55df785-column\">\n<div class=\"wp-block-stackable-column stk-block-column stk-column stk-block stk-b097d2c\" data-v=\"4\" data-block-id=\"b097d2c\"><div class=\"stk-column-wrapper stk-block-column__content stk-container stk-b097d2c-container stk--no-background stk--no-padding\"><div class=\"stk-block-content stk-inner-blocks stk-b097d2c-inner-blocks\">\n<div class=\"wp-block-stackable-columns stk-block-columns stk-block stk-6214ded\" data-block-id=\"6214ded\"><div class=\"stk-row stk-inner-blocks stk-block-content stk-content-align stk-6214ded-column\">\n<div class=\"wp-block-stackable-column stk-block-column stk-column stk-block stk-8da4566\" data-v=\"4\" data-block-id=\"8da4566\"><div class=\"stk-column-wrapper stk-block-column__content stk-container stk-8da4566-container stk--no-background stk--no-padding\"><div class=\"stk-block-content stk-inner-blocks stk-8da4566-inner-blocks\">\n<div class=\"wp-block-stackable-columns stk-block-columns stk-block stk-bfb126a\" data-block-id=\"bfb126a\"><div class=\"stk-row stk-inner-blocks stk-block-content stk-content-align stk-bfb126a-column\">\n<div class=\"wp-block-stackable-column stk-block-column stk-column stk-block stk-7c2ea0f\" data-v=\"4\" data-block-id=\"7c2ea0f\"><div class=\"stk-column-wrapper stk-block-column__content stk-container stk-7c2ea0f-container stk--no-background stk--no-padding\"><div class=\"stk-block-content stk-inner-blocks stk-7c2ea0f-inner-blocks\">\n<ul class=\"wp-block-list\">\n<li><a href=\"https:\/\/www.cbm.df.gov.br\/motomecanizado\/legislacao-2023\/\" data-type=\"page\" data-id=\"1326\">2003<\/a><\/li>\n\n\n\n<li><a href=\"https:\/\/www.cbm.df.gov.br\/motomecanizado\/legislacao-2004\/\" data-type=\"page\" data-id=\"1419\">2004<\/a><\/li>\n\n\n\n<li><a href=\"https:\/\/www.cbm.df.gov.br\/motomecanizado\/legislacao-2005\/\" data-type=\"page\" data-id=\"1423\">2005<\/a><\/li>\n\n\n\n<li><a href=\"https:\/\/www.cbm.df.gov.br\/motomecanizado\/legislacao-2008\/\" data-type=\"page\" data-id=\"1426\">2008<\/a><\/li>\n\n\n\n<li><a href=\"https:\/\/www.cbm.df.gov.br\/motomecanizado\/legislacao-2009\/\" data-type=\"page\" data-id=\"1430\">2009<\/a><\/li>\n\n\n\n<li><a href=\"https:\/\/www.cbm.df.gov.br\/motomecanizado\/legislacao-2010\/\" data-type=\"page\" data-id=\"1432\">2010<\/a><\/li>\n\n\n\n<li><a href=\"https:\/\/www.cbm.df.gov.br\/motomecanizado\/legislacao-2011\/\" data-type=\"page\" data-id=\"1434\">2011<\/a><\/li>\n<\/ul>\n<\/div><\/div><\/div>\n\n\n\n<div class=\"wp-block-stackable-column stk-block-column stk-column stk-block stk-ac1d03c\" data-v=\"4\" data-block-id=\"ac1d03c\"><div class=\"stk-column-wrapper stk-block-column__content stk-container stk-ac1d03c-container stk--no-background stk--no-padding\"><div class=\"stk-block-content stk-inner-blocks stk-ac1d03c-inner-blocks\">\n<ul class=\"wp-block-list\">\n<li><a href=\"https:\/\/www.cbm.df.gov.br\/motomecanizado\/legislacao-2012\/\" data-type=\"page\" data-id=\"1437\">2012<\/a><\/li>\n\n\n\n<li><a href=\"https:\/\/www.cbm.df.gov.br\/motomecanizado\/legislacao-2013\/\" data-type=\"page\" data-id=\"1439\">2013<\/a><\/li>\n\n\n\n<li><a href=\"https:\/\/www.cbm.df.gov.br\/motomecanizado\/legislacao-2014\/\" data-type=\"page\" data-id=\"1442\">2014<\/a><\/li>\n\n\n\n<li><a href=\"https:\/\/www.cbm.df.gov.br\/motomecanizado\/legislacao-2015\/\" data-type=\"page\" data-id=\"1445\">2015<\/a><\/li>\n\n\n\n<li><a href=\"https:\/\/www.cbm.df.gov.br\/motomecanizado\/legislacao-2016\/\" data-type=\"page\" data-id=\"1447\">2016<\/a><\/li>\n\n\n\n<li><a href=\"https:\/\/www.cbm.df.gov.br\/motomecanizado\/legislacao-2017\/\" data-type=\"page\" data-id=\"1449\">2017<\/a><\/li>\n\n\n\n<li><a href=\"https:\/\/www.cbm.df.gov.br\/motomecanizado\/legislacao-2018\/\" data-type=\"page\" data-id=\"1451\">2018<\/a><\/li>\n<\/ul>\n<\/div><\/div><\/div>\n\n\n\n<div class=\"wp-block-stackable-column stk-block-column stk-column stk-block stk-30803e8\" data-v=\"4\" data-block-id=\"30803e8\"><div class=\"stk-column-wrapper stk-block-column__content stk-container stk-30803e8-container stk--no-background stk--no-padding\"><div class=\"stk-block-content stk-inner-blocks stk-30803e8-inner-blocks\">\n<ul class=\"wp-block-list\">\n<li><a href=\"https:\/\/www.cbm.df.gov.br\/motomecanizado\/legislacao-2019\/\" data-type=\"page\" data-id=\"1453\">2019<\/a><\/li>\n\n\n\n<li><a href=\"https:\/\/www.cbm.df.gov.br\/motomecanizado\/legislacao-2020\/\" data-type=\"page\" data-id=\"1456\">2020<\/a><\/li>\n\n\n\n<li><a href=\"https:\/\/www.cbm.df.gov.br\/motomecanizado\/legislacao-2021\/\" data-type=\"page\" data-id=\"1458\">2021<\/a><\/li>\n\n\n\n<li><a href=\"https:\/\/www.cbm.df.gov.br\/motomecanizado\/legislacao-2022\/\" data-type=\"page\" data-id=\"1461\">2022<\/a><\/li>\n\n\n\n<li><a href=\"https:\/\/www.cbm.df.gov.br\/motomecanizado\/legislacao-2024\/\" data-type=\"page\" data-id=\"1463\">2024<\/a><\/li>\n\n\n\n<li><a href=\"https:\/\/www.cbm.df.gov.br\/motomecanizado\/legislacao-2025\/\" data-type=\"page\" data-id=\"1465\">2025<\/a><\/li>\n<\/ul>\n<\/div><\/div><\/div>\n<\/div><\/div>\n<\/div><\/div><\/div>\n<\/div><\/div>\n<\/div><\/div><\/div>\n<\/div><\/div>\n<\/div><\/div><\/div>\n<\/div><\/div>\n\n\n\n<p class=\"wp-block-paragraph\"><\/p>\n","protected":false},"excerpt":{"rendered":"<p>\u00cdNDICE DE PUBLICA\u00c7\u00d5ES RELATIVOS \u00c0 CONDU\u00c7\u00c3O DE VIATURAS NO CBMDF<\/p>\n","protected":false},"author":6,"featured_media":0,"parent":0,"menu_order":0,"comment_status":"closed","ping_status":"closed","template":"","meta":{"_crdt_document":"","footnotes":""},"class_list":["post-1411","page","type-page","status-publish","hentry"],"blocksy_meta":[],"_links":{"self":[{"href":"https:\/\/www.cbm.df.gov.br\/motomecanizado\/wp-json\/wp\/v2\/pages\/1411","targetHints":{"allow":["GET"]}}],"collection":[{"href":"https:\/\/www.cbm.df.gov.br\/motomecanizado\/wp-json\/wp\/v2\/pages"}],"about":[{"href":"https:\/\/www.cbm.df.gov.br\/motomecanizado\/wp-json\/wp\/v2\/types\/page"}],"author":[{"embeddable":true,"href":"https:\/\/www.cbm.df.gov.br\/motomecanizado\/wp-json\/wp\/v2\/users\/6"}],"replies":[{"embeddable":true,"href":"https:\/\/www.cbm.df.gov.br\/motomecanizado\/wp-json\/wp\/v2\/comments?post=1411"}],"version-history":[{"count":13,"href":"https:\/\/www.cbm.df.gov.br\/motomecanizado\/wp-json\/wp\/v2\/pages\/1411\/revisions"}],"predecessor-version":[{"id":1518,"href":"https:\/\/www.cbm.df.gov.br\/motomecanizado\/wp-json\/wp\/v2\/pages\/1411\/revisions\/1518"}],"wp:attachment":[{"href":"https:\/\/www.cbm.df.gov.br\/motomecanizado\/wp-json\/wp\/v2\/media?parent=1411"}],"curies":[{"name":"wp","href":"https:\/\/api.w.org\/{rel}","templated":true}]}}