{"id":1439,"date":"2025-04-28T16:09:13","date_gmt":"2025-04-28T19:09:13","guid":{"rendered":"https:\/\/www.cbm.df.gov.br\/motomecanizado\/?page_id=1439"},"modified":"2025-05-05T13:45:31","modified_gmt":"2025-05-05T16:45:31","slug":"legislacao-2013","status":"publish","type":"page","link":"https:\/\/www.cbm.df.gov.br\/motomecanizado\/legislacao-2013\/","title":{"rendered":"2013 &#8211; Legisla\u00e7\u00e3o"},"content":{"rendered":"\n<h3 class=\"wp-block-heading has-text-align-center\" style=\"border-style:none;border-width:0px;padding-top:var(--wp--preset--spacing--40);padding-bottom:var(--wp--preset--spacing--40)\">ANO 2013<\/h3>\n\n\n\n<div data-wp-interactive=\"core\/file\" class=\"wp-block-file aligncenter\"><object data-wp-bind--hidden=\"!state.hasPdfPreview\" hidden class=\"wp-block-file__embed\" data=\"https:\/\/www.cbm.df.gov.br\/motomecanizado\/wp-content\/uploads\/2025\/04\/BG76_2013_DETERMINACAO_MANUTENCAO_ABT_PIERCE.pdf\" type=\"application\/pdf\" style=\"width:100%;height:600px\" aria-label=\"Incorporado de BG76_2013_DETERMINA\u00c7\u00c3O_MANUTEN\u00c7\u00c3O_ABT_PIERCE.\"><\/object><a id=\"wp-block-file--media-f8240175-fee0-40aa-9a32-8508bf2ae00b\" href=\"https:\/\/www.cbm.df.gov.br\/motomecanizado\/wp-content\/uploads\/2025\/04\/BG76_2013_DETERMINACAO_MANUTENCAO_ABT_PIERCE.pdf\">BG76_2013_DETERMINA\u00c7\u00c3O_MANUTEN\u00c7\u00c3O_ABT_PIERCE<\/a><a href=\"https:\/\/www.cbm.df.gov.br\/motomecanizado\/wp-content\/uploads\/2025\/04\/BG76_2013_DETERMINACAO_MANUTENCAO_ABT_PIERCE.pdf\" class=\"wp-block-file__button wp-element-button\" download aria-describedby=\"wp-block-file--media-f8240175-fee0-40aa-9a32-8508bf2ae00b\">Baixar<\/a><\/div>\n\n\n\n<div data-wp-interactive=\"core\/file\" class=\"wp-block-file aligncenter\"><object data-wp-bind--hidden=\"!state.hasPdfPreview\" hidden class=\"wp-block-file__embed\" data=\"https:\/\/www.cbm.df.gov.br\/motomecanizado\/wp-content\/uploads\/2025\/04\/BG94_2013_PORTARIA_PROCEDIMENTO_AVARIA_VIATURA.pdf\" type=\"application\/pdf\" style=\"width:100%;height:600px\" aria-label=\"Incorporado de BG94_2013_PORTARIA_PROCEDIMENTO_AVARIA_VIATURA.\"><\/object><a id=\"wp-block-file--media-5969d468-a95d-4119-8556-ee8d3dfdbf81\" href=\"https:\/\/www.cbm.df.gov.br\/motomecanizado\/wp-content\/uploads\/2025\/04\/BG94_2013_PORTARIA_PROCEDIMENTO_AVARIA_VIATURA.pdf\">BG94_2013_PORTARIA_PROCEDIMENTO_AVARIA_VIATURA<\/a><a href=\"https:\/\/www.cbm.df.gov.br\/motomecanizado\/wp-content\/uploads\/2025\/04\/BG94_2013_PORTARIA_PROCEDIMENTO_AVARIA_VIATURA.pdf\" class=\"wp-block-file__button wp-element-button\" download aria-describedby=\"wp-block-file--media-5969d468-a95d-4119-8556-ee8d3dfdbf81\">Baixar<\/a><\/div>\n\n\n\n<div data-wp-interactive=\"core\/file\" class=\"wp-block-file aligncenter\"><object data-wp-bind--hidden=\"!state.hasPdfPreview\" hidden class=\"wp-block-file__embed\" data=\"https:\/\/www.cbm.df.gov.br\/motomecanizado\/wp-content\/uploads\/2025\/04\/BG096_NORMA_PADRONIZACAO_FROTA_CBMDF.pdf\" type=\"application\/pdf\" style=\"width:100%;height:600px\" aria-label=\"Incorporado de BG096_NORMA_PADRONIZA\u00c7\u00c3O_FROTA_CBMDF.\"><\/object><a id=\"wp-block-file--media-2c5c7e9f-ff9e-4b7b-b128-749dd8176683\" href=\"https:\/\/www.cbm.df.gov.br\/motomecanizado\/wp-content\/uploads\/2025\/04\/BG096_NORMA_PADRONIZACAO_FROTA_CBMDF.pdf\">BG096_NORMA_PADRONIZA\u00c7\u00c3O_FROTA_CBMDF<\/a><a href=\"https:\/\/www.cbm.df.gov.br\/motomecanizado\/wp-content\/uploads\/2025\/04\/BG096_NORMA_PADRONIZACAO_FROTA_CBMDF.pdf\" class=\"wp-block-file__button wp-element-button\" download aria-describedby=\"wp-block-file--media-2c5c7e9f-ff9e-4b7b-b128-749dd8176683\">Baixar<\/a><\/div>\n\n\n\n<div data-wp-interactive=\"core\/file\" class=\"wp-block-file aligncenter\"><object data-wp-bind--hidden=\"!state.hasPdfPreview\" hidden class=\"wp-block-file__embed\" data=\"https:\/\/www.cbm.df.gov.br\/motomecanizado\/wp-content\/uploads\/2025\/04\/BG160_2013_MANUTENCAO_PRIMEIRO_ESCALAO.pdf\" type=\"application\/pdf\" style=\"width:100%;height:600px\" aria-label=\"Incorporado de BG160_2013_MANUTEN\u00c7\u00c3O_PRIMEIRO_ESCAL\u00c3O.\"><\/object><a id=\"wp-block-file--media-d25136f2-31a0-4940-954b-bccfb7def0b2\" href=\"https:\/\/www.cbm.df.gov.br\/motomecanizado\/wp-content\/uploads\/2025\/04\/BG160_2013_MANUTENCAO_PRIMEIRO_ESCALAO.pdf\">BG160_2013_MANUTEN\u00c7\u00c3O_PRIMEIRO_ESCAL\u00c3O<\/a><a href=\"https:\/\/www.cbm.df.gov.br\/motomecanizado\/wp-content\/uploads\/2025\/04\/BG160_2013_MANUTENCAO_PRIMEIRO_ESCALAO.pdf\" class=\"wp-block-file__button wp-element-button\" download aria-describedby=\"wp-block-file--media-d25136f2-31a0-4940-954b-bccfb7def0b2\">Baixar<\/a><\/div>\n\n\n\n<div data-wp-interactive=\"core\/file\" class=\"wp-block-file aligncenter\"><object data-wp-bind--hidden=\"!state.hasPdfPreview\" hidden class=\"wp-block-file__embed\" data=\"https:\/\/www.cbm.df.gov.br\/motomecanizado\/wp-content\/uploads\/2025\/04\/BG163_2013_NORMA_EMPREGO_ABT_PIERCE.pdf\" type=\"application\/pdf\" style=\"width:100%;height:600px\" aria-label=\"Incorporado de BG163_2013_NORMA_EMPREGO_ABT_PIERCE.\"><\/object><a id=\"wp-block-file--media-7b7443bc-1073-40dd-b746-0792321d9b12\" href=\"https:\/\/www.cbm.df.gov.br\/motomecanizado\/wp-content\/uploads\/2025\/04\/BG163_2013_NORMA_EMPREGO_ABT_PIERCE.pdf\">BG163_2013_NORMA_EMPREGO_ABT_PIERCE<\/a><a href=\"https:\/\/www.cbm.df.gov.br\/motomecanizado\/wp-content\/uploads\/2025\/04\/BG163_2013_NORMA_EMPREGO_ABT_PIERCE.pdf\" class=\"wp-block-file__button wp-element-button\" download aria-describedby=\"wp-block-file--media-7b7443bc-1073-40dd-b746-0792321d9b12\">Baixar<\/a><\/div>\n\n\n\n<div data-wp-interactive=\"core\/file\" class=\"wp-block-file aligncenter\"><object data-wp-bind--hidden=\"!state.hasPdfPreview\" hidden class=\"wp-block-file__embed\" data=\"https:\/\/www.cbm.df.gov.br\/motomecanizado\/wp-content\/uploads\/2025\/04\/BG229_2013_EMPREGO_ABTF_SOCORRO_URBANO.pdf\" type=\"application\/pdf\" style=\"width:100%;height:600px\" aria-label=\"Incorporado de BG229_2013_EMPREGO_ABTF_SOCORRO_URBANO.\"><\/object><a id=\"wp-block-file--media-5d530496-2d96-4d03-8f9f-ab630261ea12\" href=\"https:\/\/www.cbm.df.gov.br\/motomecanizado\/wp-content\/uploads\/2025\/04\/BG229_2013_EMPREGO_ABTF_SOCORRO_URBANO.pdf\">BG229_2013_EMPREGO_ABTF_SOCORRO_URBANO<\/a><a href=\"https:\/\/www.cbm.df.gov.br\/motomecanizado\/wp-content\/uploads\/2025\/04\/BG229_2013_EMPREGO_ABTF_SOCORRO_URBANO.pdf\" class=\"wp-block-file__button wp-element-button\" download aria-describedby=\"wp-block-file--media-5d530496-2d96-4d03-8f9f-ab630261ea12\">Baixar<\/a><\/div>\n\n\n\n<p class=\"wp-block-paragraph\"><\/p>\n\n\n\n<div class=\"wp-block-stackable-columns stk-block-columns stk-block stk-4517ace\" data-block-id=\"4517ace\"><div class=\"stk-row stk-inner-blocks stk-block-content stk-content-align stk-4517ace-column\">\n<div class=\"wp-block-stackable-column stk-block-column stk-column stk-block stk-c6268c2\" data-v=\"4\" data-block-id=\"c6268c2\"><div class=\"stk-column-wrapper stk-block-column__content stk-container stk-c6268c2-container stk--no-background stk--no-padding\"><div class=\"stk-block-content stk-inner-blocks stk-c6268c2-inner-blocks\">\n<div class=\"wp-block-stackable-columns stk-block-columns stk-block stk-55df785\" data-block-id=\"55df785\"><div class=\"stk-row stk-inner-blocks stk-block-content stk-content-align stk-55df785-column\">\n<div class=\"wp-block-stackable-column stk-block-column stk-column stk-block stk-b097d2c\" data-v=\"4\" data-block-id=\"b097d2c\"><div class=\"stk-column-wrapper stk-block-column__content stk-container stk-b097d2c-container stk--no-background stk--no-padding\"><div class=\"stk-block-content stk-inner-blocks stk-b097d2c-inner-blocks\">\n<div class=\"wp-block-stackable-columns stk-block-columns stk-block stk-6214ded\" data-block-id=\"6214ded\"><div class=\"stk-row stk-inner-blocks stk-block-content stk-content-align stk-6214ded-column\">\n<div class=\"wp-block-stackable-column stk-block-column stk-column stk-block stk-8da4566\" data-v=\"4\" data-block-id=\"8da4566\"><div class=\"stk-column-wrapper stk-block-column__content stk-container stk-8da4566-container stk--no-background stk--no-padding\"><div class=\"stk-block-content stk-inner-blocks stk-8da4566-inner-blocks\"><\/div><\/div><\/div>\n<\/div><\/div>\n<\/div><\/div><\/div>\n<\/div><\/div>\n<\/div><\/div><\/div>\n<\/div><\/div>\n\n\n\n<p class=\"wp-block-paragraph\"><\/p>\n","protected":false},"excerpt":{"rendered":"<p>ANO 2013<\/p>\n","protected":false},"author":6,"featured_media":0,"parent":0,"menu_order":0,"comment_status":"closed","ping_status":"closed","template":"","meta":{"_crdt_document":"","footnotes":""},"class_list":["post-1439","page","type-page","status-publish","hentry"],"blocksy_meta":[],"_links":{"self":[{"href":"https:\/\/www.cbm.df.gov.br\/motomecanizado\/wp-json\/wp\/v2\/pages\/1439","targetHints":{"allow":["GET"]}}],"collection":[{"href":"https:\/\/www.cbm.df.gov.br\/motomecanizado\/wp-json\/wp\/v2\/pages"}],"about":[{"href":"https:\/\/www.cbm.df.gov.br\/motomecanizado\/wp-json\/wp\/v2\/types\/page"}],"author":[{"embeddable":true,"href":"https:\/\/www.cbm.df.gov.br\/motomecanizado\/wp-json\/wp\/v2\/users\/6"}],"replies":[{"embeddable":true,"href":"https:\/\/www.cbm.df.gov.br\/motomecanizado\/wp-json\/wp\/v2\/comments?post=1439"}],"version-history":[{"count":2,"href":"https:\/\/www.cbm.df.gov.br\/motomecanizado\/wp-json\/wp\/v2\/pages\/1439\/revisions"}],"predecessor-version":[{"id":1506,"href":"https:\/\/www.cbm.df.gov.br\/motomecanizado\/wp-json\/wp\/v2\/pages\/1439\/revisions\/1506"}],"wp:attachment":[{"href":"https:\/\/www.cbm.df.gov.br\/motomecanizado\/wp-json\/wp\/v2\/media?parent=1439"}],"curies":[{"name":"wp","href":"https:\/\/api.w.org\/{rel}","templated":true}]}}