{"id":1445,"date":"2025-04-28T16:39:13","date_gmt":"2025-04-28T19:39:13","guid":{"rendered":"https:\/\/www.cbm.df.gov.br\/motomecanizado\/?page_id=1445"},"modified":"2025-05-05T13:45:46","modified_gmt":"2025-05-05T16:45:46","slug":"legislacao-2015","status":"publish","type":"page","link":"https:\/\/www.cbm.df.gov.br\/motomecanizado\/legislacao-2015\/","title":{"rendered":"2015 &#8211; Legisla\u00e7\u00e3o"},"content":{"rendered":"\n<h3 class=\"wp-block-heading has-text-align-center\" style=\"border-style:none;border-width:0px;padding-top:var(--wp--preset--spacing--40);padding-bottom:var(--wp--preset--spacing--40)\">ANO 2015<\/h3>\n\n\n\n<div data-wp-interactive=\"core\/file\" class=\"wp-block-file aligncenter\"><object data-wp-bind--hidden=\"!state.hasPdfPreview\" hidden class=\"wp-block-file__embed\" data=\"https:\/\/www.cbm.df.gov.br\/motomecanizado\/wp-content\/uploads\/2025\/04\/BG5_2015_NORMA_EMPREGO_ABE.pdf\" type=\"application\/pdf\" style=\"width:100%;height:600px\" aria-label=\"Incorporado de BG5_2015_NORMA_EMPREGO_ABE.\"><\/object><a id=\"wp-block-file--media-8655fae3-7dc6-4d29-8053-082d40956019\" href=\"https:\/\/www.cbm.df.gov.br\/motomecanizado\/wp-content\/uploads\/2025\/04\/BG5_2015_NORMA_EMPREGO_ABE.pdf\">BG5_2015_NORMA_EMPREGO_ABE<\/a><a href=\"https:\/\/www.cbm.df.gov.br\/motomecanizado\/wp-content\/uploads\/2025\/04\/BG5_2015_NORMA_EMPREGO_ABE.pdf\" class=\"wp-block-file__button wp-element-button\" download aria-describedby=\"wp-block-file--media-8655fae3-7dc6-4d29-8053-082d40956019\">Baixar<\/a><\/div>\n\n\n\n<div data-wp-interactive=\"core\/file\" class=\"wp-block-file aligncenter\"><object data-wp-bind--hidden=\"!state.hasPdfPreview\" hidden class=\"wp-block-file__embed\" data=\"https:\/\/www.cbm.df.gov.br\/motomecanizado\/wp-content\/uploads\/2025\/04\/BG41_2015_DETERMINACAO_USO_SISCONV.pdf\" type=\"application\/pdf\" style=\"width:100%;height:600px\" aria-label=\"Incorporado de BG41_2015_DETERMINA\u00c7\u00c3O_USO_SISCONV.\"><\/object><a id=\"wp-block-file--media-0d5b1eb9-26f0-44ab-b9ca-95e5e238f7b7\" href=\"https:\/\/www.cbm.df.gov.br\/motomecanizado\/wp-content\/uploads\/2025\/04\/BG41_2015_DETERMINACAO_USO_SISCONV.pdf\">BG41_2015_DETERMINA\u00c7\u00c3O_USO_SISCONV<\/a><a href=\"https:\/\/www.cbm.df.gov.br\/motomecanizado\/wp-content\/uploads\/2025\/04\/BG41_2015_DETERMINACAO_USO_SISCONV.pdf\" class=\"wp-block-file__button wp-element-button\" download aria-describedby=\"wp-block-file--media-0d5b1eb9-26f0-44ab-b9ca-95e5e238f7b7\">Baixar<\/a><\/div>\n\n\n\n<div data-wp-interactive=\"core\/file\" class=\"wp-block-file aligncenter\"><object data-wp-bind--hidden=\"!state.hasPdfPreview\" hidden class=\"wp-block-file__embed\" data=\"https:\/\/www.cbm.df.gov.br\/motomecanizado\/wp-content\/uploads\/2025\/04\/BG45_2015_REGULAMENTACAO_SISCONV.pdf\" type=\"application\/pdf\" style=\"width:100%;height:600px\" aria-label=\"Incorporado de BG45_2015_REGULAMENTA\u00c7\u00c3O_SISCONV.\"><\/object><a id=\"wp-block-file--media-3259d901-3162-4c53-a802-ec2e513db33e\" href=\"https:\/\/www.cbm.df.gov.br\/motomecanizado\/wp-content\/uploads\/2025\/04\/BG45_2015_REGULAMENTACAO_SISCONV.pdf\">BG45_2015_REGULAMENTA\u00c7\u00c3O_SISCONV<\/a><a href=\"https:\/\/www.cbm.df.gov.br\/motomecanizado\/wp-content\/uploads\/2025\/04\/BG45_2015_REGULAMENTACAO_SISCONV.pdf\" class=\"wp-block-file__button wp-element-button\" download aria-describedby=\"wp-block-file--media-3259d901-3162-4c53-a802-ec2e513db33e\">Baixar<\/a><\/div>\n\n\n\n<div data-wp-interactive=\"core\/file\" class=\"wp-block-file aligncenter\"><object data-wp-bind--hidden=\"!state.hasPdfPreview\" hidden class=\"wp-block-file__embed\" data=\"https:\/\/www.cbm.df.gov.br\/motomecanizado\/wp-content\/uploads\/2025\/04\/BG-053_2015_DECLARACAO_USO_LGE.pdf\" type=\"application\/pdf\" style=\"width:100%;height:600px\" aria-label=\"Incorporado de BG-053_2015_DECLARA\u00c7AO_USO_LGE.\"><\/object><a id=\"wp-block-file--media-21291c50-2e7a-493b-bbff-0cec44a9f473\" href=\"https:\/\/www.cbm.df.gov.br\/motomecanizado\/wp-content\/uploads\/2025\/04\/BG-053_2015_DECLARACAO_USO_LGE.pdf\">BG-053_2015_DECLARA\u00c7AO_USO_LGE<\/a><a href=\"https:\/\/www.cbm.df.gov.br\/motomecanizado\/wp-content\/uploads\/2025\/04\/BG-053_2015_DECLARACAO_USO_LGE.pdf\" class=\"wp-block-file__button wp-element-button\" download aria-describedby=\"wp-block-file--media-21291c50-2e7a-493b-bbff-0cec44a9f473\">Baixar<\/a><\/div>\n\n\n\n<div data-wp-interactive=\"core\/file\" class=\"wp-block-file aligncenter\"><object data-wp-bind--hidden=\"!state.hasPdfPreview\" hidden class=\"wp-block-file__embed\" data=\"https:\/\/www.cbm.df.gov.br\/motomecanizado\/wp-content\/uploads\/2025\/04\/BG68_2015_INFORMACAO_UTILIZACAO_BATERIA_VIATURAS.pdf\" type=\"application\/pdf\" style=\"width:100%;height:600px\" aria-label=\"Incorporado de BG68_2015_INFORMA\u00c7\u00c3O_UTILIZA\u00c7\u00c3O_BATERIA_VIATURAS.\"><\/object><a id=\"wp-block-file--media-bef5cfb2-0abf-4540-946d-d8da30461e53\" href=\"https:\/\/www.cbm.df.gov.br\/motomecanizado\/wp-content\/uploads\/2025\/04\/BG68_2015_INFORMACAO_UTILIZACAO_BATERIA_VIATURAS.pdf\">BG68_2015_INFORMA\u00c7\u00c3O_UTILIZA\u00c7\u00c3O_BATERIA_VIATURAS<\/a><a href=\"https:\/\/www.cbm.df.gov.br\/motomecanizado\/wp-content\/uploads\/2025\/04\/BG68_2015_INFORMACAO_UTILIZACAO_BATERIA_VIATURAS.pdf\" class=\"wp-block-file__button wp-element-button\" download aria-describedby=\"wp-block-file--media-bef5cfb2-0abf-4540-946d-d8da30461e53\">Baixar<\/a><\/div>\n\n\n\n<div data-wp-interactive=\"core\/file\" class=\"wp-block-file aligncenter\"><object data-wp-bind--hidden=\"!state.hasPdfPreview\" hidden class=\"wp-block-file__embed\" data=\"https:\/\/www.cbm.df.gov.br\/motomecanizado\/wp-content\/uploads\/2025\/04\/BG73_2015_INSTRUCAO_NORMATIVA_COMOP.pdf\" type=\"application\/pdf\" style=\"width:100%;height:600px\" aria-label=\"Incorporado de BG73_2015_INSTRU\u00c7\u00c3O_NORMATIVA_COMOP.\"><\/object><a id=\"wp-block-file--media-5f642905-009d-4e87-afa0-6e9d04bb9b55\" href=\"https:\/\/www.cbm.df.gov.br\/motomecanizado\/wp-content\/uploads\/2025\/04\/BG73_2015_INSTRUCAO_NORMATIVA_COMOP.pdf\">BG73_2015_INSTRU\u00c7\u00c3O_NORMATIVA_COMOP<\/a><a href=\"https:\/\/www.cbm.df.gov.br\/motomecanizado\/wp-content\/uploads\/2025\/04\/BG73_2015_INSTRUCAO_NORMATIVA_COMOP.pdf\" class=\"wp-block-file__button wp-element-button\" download aria-describedby=\"wp-block-file--media-5f642905-009d-4e87-afa0-6e9d04bb9b55\">Baixar<\/a><\/div>\n\n\n\n<div data-wp-interactive=\"core\/file\" class=\"wp-block-file aligncenter\"><object data-wp-bind--hidden=\"!state.hasPdfPreview\" hidden class=\"wp-block-file__embed\" data=\"https:\/\/www.cbm.df.gov.br\/motomecanizado\/wp-content\/uploads\/2025\/04\/BG081_2015_NORMA_EMPREGO_AEM_MAGIRUS.pdf\" type=\"application\/pdf\" style=\"width:100%;height:600px\" aria-label=\"Incorporado de BG081_2015_NORMA_EMPREGO_AEM_MAGIRUS.\"><\/object><a id=\"wp-block-file--media-ec3d3f30-e550-4e55-804c-0080cbc7a8d2\" href=\"https:\/\/www.cbm.df.gov.br\/motomecanizado\/wp-content\/uploads\/2025\/04\/BG081_2015_NORMA_EMPREGO_AEM_MAGIRUS.pdf\">BG081_2015_NORMA_EMPREGO_AEM_MAGIRUS<\/a><a href=\"https:\/\/www.cbm.df.gov.br\/motomecanizado\/wp-content\/uploads\/2025\/04\/BG081_2015_NORMA_EMPREGO_AEM_MAGIRUS.pdf\" class=\"wp-block-file__button wp-element-button\" download aria-describedby=\"wp-block-file--media-ec3d3f30-e550-4e55-804c-0080cbc7a8d2\">Baixar<\/a><\/div>\n\n\n\n<div data-wp-interactive=\"core\/file\" class=\"wp-block-file aligncenter\"><object data-wp-bind--hidden=\"!state.hasPdfPreview\" hidden class=\"wp-block-file__embed\" data=\"https:\/\/www.cbm.df.gov.br\/motomecanizado\/wp-content\/uploads\/2025\/04\/BG126_2015_INSTRUCAO_NORMATIVA_AEM_ABE.pdf\" type=\"application\/pdf\" style=\"width:100%;height:600px\" aria-label=\"Incorporado de BG126_2015_INSTRU\u00c7\u00c3O_NORMATIVA_AEM_ABE.\"><\/object><a id=\"wp-block-file--media-70369948-a054-4d89-88e1-f422920bedcb\" href=\"https:\/\/www.cbm.df.gov.br\/motomecanizado\/wp-content\/uploads\/2025\/04\/BG126_2015_INSTRUCAO_NORMATIVA_AEM_ABE.pdf\">BG126_2015_INSTRU\u00c7\u00c3O_NORMATIVA_AEM_ABE<\/a><a href=\"https:\/\/www.cbm.df.gov.br\/motomecanizado\/wp-content\/uploads\/2025\/04\/BG126_2015_INSTRUCAO_NORMATIVA_AEM_ABE.pdf\" class=\"wp-block-file__button wp-element-button\" download aria-describedby=\"wp-block-file--media-70369948-a054-4d89-88e1-f422920bedcb\">Baixar<\/a><\/div>\n\n\n\n<div data-wp-interactive=\"core\/file\" class=\"wp-block-file aligncenter\"><object data-wp-bind--hidden=\"!state.hasPdfPreview\" hidden class=\"wp-block-file__embed\" data=\"https:\/\/www.cbm.df.gov.br\/motomecanizado\/wp-content\/uploads\/2025\/04\/BG242_2015_INSTRUCAO_NORMATIVA_UR_12HS.pdf\" type=\"application\/pdf\" style=\"width:100%;height:600px\" aria-label=\"Incorporado de BG242_2015_INSTRU\u00c7\u00c3O_NORMATIVA_UR_12HS.\"><\/object><a id=\"wp-block-file--media-26492f5a-d3d0-42d8-9f23-c603be024cda\" href=\"https:\/\/www.cbm.df.gov.br\/motomecanizado\/wp-content\/uploads\/2025\/04\/BG242_2015_INSTRUCAO_NORMATIVA_UR_12HS.pdf\">BG242_2015_INSTRU\u00c7\u00c3O_NORMATIVA_UR_12HS<\/a><a href=\"https:\/\/www.cbm.df.gov.br\/motomecanizado\/wp-content\/uploads\/2025\/04\/BG242_2015_INSTRUCAO_NORMATIVA_UR_12HS.pdf\" class=\"wp-block-file__button wp-element-button\" download aria-describedby=\"wp-block-file--media-26492f5a-d3d0-42d8-9f23-c603be024cda\">Baixar<\/a><\/div>\n\n\n\n<p class=\"wp-block-paragraph\"><\/p>\n\n\n\n<div class=\"wp-block-stackable-columns stk-block-columns stk-block stk-4517ace\" data-block-id=\"4517ace\"><div class=\"stk-row stk-inner-blocks stk-block-content stk-content-align stk-4517ace-column\">\n<div class=\"wp-block-stackable-column stk-block-column stk-column stk-block stk-c6268c2\" data-v=\"4\" data-block-id=\"c6268c2\"><div class=\"stk-column-wrapper stk-block-column__content stk-container stk-c6268c2-container stk--no-background stk--no-padding\"><div class=\"stk-block-content stk-inner-blocks stk-c6268c2-inner-blocks\">\n<div class=\"wp-block-stackable-columns stk-block-columns stk-block stk-55df785\" data-block-id=\"55df785\"><div class=\"stk-row stk-inner-blocks stk-block-content stk-content-align stk-55df785-column\">\n<div class=\"wp-block-stackable-column stk-block-column stk-column stk-block stk-b097d2c\" data-v=\"4\" data-block-id=\"b097d2c\"><div class=\"stk-column-wrapper stk-block-column__content stk-container stk-b097d2c-container stk--no-background stk--no-padding\"><div class=\"stk-block-content stk-inner-blocks stk-b097d2c-inner-blocks\">\n<div class=\"wp-block-stackable-columns stk-block-columns stk-block stk-6214ded\" data-block-id=\"6214ded\"><div class=\"stk-row stk-inner-blocks stk-block-content stk-content-align stk-6214ded-column\">\n<div class=\"wp-block-stackable-column stk-block-column stk-column stk-block stk-8da4566\" data-v=\"4\" data-block-id=\"8da4566\"><div class=\"stk-column-wrapper stk-block-column__content stk-container stk-8da4566-container stk--no-background stk--no-padding\"><div class=\"stk-block-content stk-inner-blocks stk-8da4566-inner-blocks\"><\/div><\/div><\/div>\n<\/div><\/div>\n<\/div><\/div><\/div>\n<\/div><\/div>\n<\/div><\/div><\/div>\n<\/div><\/div>\n\n\n\n<p class=\"wp-block-paragraph\"><\/p>\n","protected":false},"excerpt":{"rendered":"<p>ANO 2015<\/p>\n","protected":false},"author":6,"featured_media":0,"parent":0,"menu_order":0,"comment_status":"closed","ping_status":"closed","template":"","meta":{"_crdt_document":"","footnotes":""},"class_list":["post-1445","page","type-page","status-publish","hentry"],"blocksy_meta":[],"_links":{"self":[{"href":"https:\/\/www.cbm.df.gov.br\/motomecanizado\/wp-json\/wp\/v2\/pages\/1445","targetHints":{"allow":["GET"]}}],"collection":[{"href":"https:\/\/www.cbm.df.gov.br\/motomecanizado\/wp-json\/wp\/v2\/pages"}],"about":[{"href":"https:\/\/www.cbm.df.gov.br\/motomecanizado\/wp-json\/wp\/v2\/types\/page"}],"author":[{"embeddable":true,"href":"https:\/\/www.cbm.df.gov.br\/motomecanizado\/wp-json\/wp\/v2\/users\/6"}],"replies":[{"embeddable":true,"href":"https:\/\/www.cbm.df.gov.br\/motomecanizado\/wp-json\/wp\/v2\/comments?post=1445"}],"version-history":[{"count":2,"href":"https:\/\/www.cbm.df.gov.br\/motomecanizado\/wp-json\/wp\/v2\/pages\/1445\/revisions"}],"predecessor-version":[{"id":1508,"href":"https:\/\/www.cbm.df.gov.br\/motomecanizado\/wp-json\/wp\/v2\/pages\/1445\/revisions\/1508"}],"wp:attachment":[{"href":"https:\/\/www.cbm.df.gov.br\/motomecanizado\/wp-json\/wp\/v2\/media?parent=1445"}],"curies":[{"name":"wp","href":"https:\/\/api.w.org\/{rel}","templated":true}]}}