{"id":1463,"date":"2025-04-28T17:03:24","date_gmt":"2025-04-28T20:03:24","guid":{"rendered":"https:\/\/www.cbm.df.gov.br\/motomecanizado\/?page_id=1463"},"modified":"2025-05-05T13:47:21","modified_gmt":"2025-05-05T16:47:21","slug":"legislacao-2024","status":"publish","type":"page","link":"https:\/\/www.cbm.df.gov.br\/motomecanizado\/legislacao-2024\/","title":{"rendered":"2024 &#8211; Legisla\u00e7\u00e3o"},"content":{"rendered":"\n<h3 class=\"wp-block-heading has-text-align-center\" style=\"border-style:none;border-width:0px;padding-top:var(--wp--preset--spacing--40);padding-bottom:var(--wp--preset--spacing--40)\">ANO 2024<\/h3>\n\n\n\n<div data-wp-interactive=\"core\/file\" class=\"wp-block-file aligncenter\"><object data-wp-bind--hidden=\"!state.hasPdfPreview\" hidden class=\"wp-block-file__embed\" data=\"https:\/\/www.cbm.df.gov.br\/motomecanizado\/wp-content\/uploads\/2025\/04\/BG_020_2024_VERIFICACAO_REGULARIZACAO_CNH_CBMDF.pdf\" type=\"application\/pdf\" style=\"width:100%;height:600px\" aria-label=\"Incorporado de BG_020_2024_VERIFICA\u00c7\u00c3O_REGULARIZA\u00c7AO_CNH_CBMDF.\"><\/object><a id=\"wp-block-file--media-3be363e9-f033-41e6-bd0d-ea27f26d5d09\" href=\"https:\/\/www.cbm.df.gov.br\/motomecanizado\/wp-content\/uploads\/2025\/04\/BG_020_2024_VERIFICACAO_REGULARIZACAO_CNH_CBMDF.pdf\">BG_020_2024_VERIFICA\u00c7\u00c3O_REGULARIZA\u00c7AO_CNH_CBMDF<\/a><a href=\"https:\/\/www.cbm.df.gov.br\/motomecanizado\/wp-content\/uploads\/2025\/04\/BG_020_2024_VERIFICACAO_REGULARIZACAO_CNH_CBMDF.pdf\" class=\"wp-block-file__button wp-element-button\" download aria-describedby=\"wp-block-file--media-3be363e9-f033-41e6-bd0d-ea27f26d5d09\">Baixar<\/a><\/div>\n\n\n\n<div data-wp-interactive=\"core\/file\" class=\"wp-block-file aligncenter\"><object data-wp-bind--hidden=\"!state.hasPdfPreview\" hidden class=\"wp-block-file__embed\" data=\"https:\/\/www.cbm.df.gov.br\/motomecanizado\/wp-content\/uploads\/2025\/04\/BG_048_2024_ORIENTACAO_ABASTECIMENTO_VIATURAS.pdf\" type=\"application\/pdf\" style=\"width:100%;height:600px\" aria-label=\"Incorporado de BG_048_2024_ORIENTA\u00c7\u00c3O_ABASTECIMENTO_VIATURAS.\"><\/object><a id=\"wp-block-file--media-65e91968-2033-4a40-9bcd-dcff8ca05603\" href=\"https:\/\/www.cbm.df.gov.br\/motomecanizado\/wp-content\/uploads\/2025\/04\/BG_048_2024_ORIENTACAO_ABASTECIMENTO_VIATURAS.pdf\">BG_048_2024_ORIENTA\u00c7\u00c3O_ABASTECIMENTO_VIATURAS<\/a><a href=\"https:\/\/www.cbm.df.gov.br\/motomecanizado\/wp-content\/uploads\/2025\/04\/BG_048_2024_ORIENTACAO_ABASTECIMENTO_VIATURAS.pdf\" class=\"wp-block-file__button wp-element-button\" download aria-describedby=\"wp-block-file--media-65e91968-2033-4a40-9bcd-dcff8ca05603\">Baixar<\/a><\/div>\n\n\n\n<div data-wp-interactive=\"core\/file\" class=\"wp-block-file aligncenter\"><object data-wp-bind--hidden=\"!state.hasPdfPreview\" hidden class=\"wp-block-file__embed\" data=\"https:\/\/www.cbm.df.gov.br\/motomecanizado\/wp-content\/uploads\/2025\/04\/BG_060_2024_REVOGACAO_DETERMINACAO_CONDUCAO_VIATURAS.pdf\" type=\"application\/pdf\" style=\"width:100%;height:600px\" aria-label=\"Incorporado de BG_060_2024_REVOGA\u00c7\u00c3O_DETERMINA\u00c7\u00c3O_CONDU\u00c7\u00c3O_VIATURAS.\"><\/object><a id=\"wp-block-file--media-4b557b2f-3eea-472f-9cef-ae9bb1500afa\" href=\"https:\/\/www.cbm.df.gov.br\/motomecanizado\/wp-content\/uploads\/2025\/04\/BG_060_2024_REVOGACAO_DETERMINACAO_CONDUCAO_VIATURAS.pdf\">BG_060_2024_REVOGA\u00c7\u00c3O_DETERMINA\u00c7\u00c3O_CONDU\u00c7\u00c3O_VIATURAS<\/a><a href=\"https:\/\/www.cbm.df.gov.br\/motomecanizado\/wp-content\/uploads\/2025\/04\/BG_060_2024_REVOGACAO_DETERMINACAO_CONDUCAO_VIATURAS.pdf\" class=\"wp-block-file__button wp-element-button\" download aria-describedby=\"wp-block-file--media-4b557b2f-3eea-472f-9cef-ae9bb1500afa\">Baixar<\/a><\/div>\n\n\n\n<div data-wp-interactive=\"core\/file\" class=\"wp-block-file aligncenter\"><object data-wp-bind--hidden=\"!state.hasPdfPreview\" hidden class=\"wp-block-file__embed\" data=\"https:\/\/www.cbm.df.gov.br\/motomecanizado\/wp-content\/uploads\/2025\/04\/BG_079_25_2024_PROCEDIMENTO_ABASTECIMENTO_VIATURAS.pdf\" type=\"application\/pdf\" style=\"width:100%;height:600px\" aria-label=\"Incorporado de BG_079_25_2024_PROCEDIMENTO_ABASTECIMENTO_VIATURAS.\"><\/object><a id=\"wp-block-file--media-e9b2653a-3a88-4241-bd35-11eb38ab84b3\" href=\"https:\/\/www.cbm.df.gov.br\/motomecanizado\/wp-content\/uploads\/2025\/04\/BG_079_25_2024_PROCEDIMENTO_ABASTECIMENTO_VIATURAS.pdf\">BG_079_25_2024_PROCEDIMENTO_ABASTECIMENTO_VIATURAS<\/a><a href=\"https:\/\/www.cbm.df.gov.br\/motomecanizado\/wp-content\/uploads\/2025\/04\/BG_079_25_2024_PROCEDIMENTO_ABASTECIMENTO_VIATURAS.pdf\" class=\"wp-block-file__button wp-element-button\" download aria-describedby=\"wp-block-file--media-e9b2653a-3a88-4241-bd35-11eb38ab84b3\">Baixar<\/a><\/div>\n\n\n\n<div data-wp-interactive=\"core\/file\" class=\"wp-block-file aligncenter\"><object data-wp-bind--hidden=\"!state.hasPdfPreview\" hidden class=\"wp-block-file__embed\" data=\"https:\/\/www.cbm.df.gov.br\/motomecanizado\/wp-content\/uploads\/2025\/04\/BG_096_2024_AUTORIZACAO_PTTC_CODUZIR_VIATURA.pdf\" type=\"application\/pdf\" style=\"width:100%;height:600px\" aria-label=\"Incorporado de BG_096_2024_AUTORIZA\u00c7\u00c3O_PTTC_CODUZIR_VIATURA.\"><\/object><a id=\"wp-block-file--media-7d3e977b-21aa-4a5d-89a9-e147c8831d95\" href=\"https:\/\/www.cbm.df.gov.br\/motomecanizado\/wp-content\/uploads\/2025\/04\/BG_096_2024_AUTORIZACAO_PTTC_CODUZIR_VIATURA.pdf\">BG_096_2024_AUTORIZA\u00c7\u00c3O_PTTC_CODUZIR_VIATURA<\/a><a href=\"https:\/\/www.cbm.df.gov.br\/motomecanizado\/wp-content\/uploads\/2025\/04\/BG_096_2024_AUTORIZACAO_PTTC_CODUZIR_VIATURA.pdf\" class=\"wp-block-file__button wp-element-button\" download aria-describedby=\"wp-block-file--media-7d3e977b-21aa-4a5d-89a9-e147c8831d95\">Baixar<\/a><\/div>\n\n\n\n<div data-wp-interactive=\"core\/file\" class=\"wp-block-file aligncenter\"><object data-wp-bind--hidden=\"!state.hasPdfPreview\" hidden class=\"wp-block-file__embed\" data=\"https:\/\/www.cbm.df.gov.br\/motomecanizado\/wp-content\/uploads\/2025\/04\/BG_101_2024_PROCEDIMENTO_NOVO_PORTE_LEVE.pdf\" type=\"application\/pdf\" style=\"width:100%;height:600px\" aria-label=\"Incorporado de BG_101_2024_PROCEDIMENTO_NOVO_PORTE_LEVE.\"><\/object><a id=\"wp-block-file--media-596182d3-b28d-4d01-bd4f-c1592b83dc70\" href=\"https:\/\/www.cbm.df.gov.br\/motomecanizado\/wp-content\/uploads\/2025\/04\/BG_101_2024_PROCEDIMENTO_NOVO_PORTE_LEVE.pdf\">BG_101_2024_PROCEDIMENTO_NOVO_PORTE_LEVE<\/a><a href=\"https:\/\/www.cbm.df.gov.br\/motomecanizado\/wp-content\/uploads\/2025\/04\/BG_101_2024_PROCEDIMENTO_NOVO_PORTE_LEVE.pdf\" class=\"wp-block-file__button wp-element-button\" download aria-describedby=\"wp-block-file--media-596182d3-b28d-4d01-bd4f-c1592b83dc70\">Baixar<\/a><\/div>\n\n\n\n<div data-wp-interactive=\"core\/file\" class=\"wp-block-file aligncenter\"><object data-wp-bind--hidden=\"!state.hasPdfPreview\" hidden class=\"wp-block-file__embed\" data=\"https:\/\/www.cbm.df.gov.br\/motomecanizado\/wp-content\/uploads\/2025\/04\/BG_126_2024_PRORROGACAO_SEMOT.pdf\" type=\"application\/pdf\" style=\"width:100%;height:600px\" aria-label=\"Incorporado de BG_126_2024_PRORROGA\u00c7AO_SEMOT.\"><\/object><a id=\"wp-block-file--media-91ef6a42-576c-4ed8-ab4d-e997292031ce\" href=\"https:\/\/www.cbm.df.gov.br\/motomecanizado\/wp-content\/uploads\/2025\/04\/BG_126_2024_PRORROGACAO_SEMOT.pdf\">BG_126_2024_PRORROGA\u00c7AO_SEMOT<\/a><a href=\"https:\/\/www.cbm.df.gov.br\/motomecanizado\/wp-content\/uploads\/2025\/04\/BG_126_2024_PRORROGACAO_SEMOT.pdf\" class=\"wp-block-file__button wp-element-button\" download aria-describedby=\"wp-block-file--media-91ef6a42-576c-4ed8-ab4d-e997292031ce\">Baixar<\/a><\/div>\n\n\n\n<p class=\"wp-block-paragraph\"><\/p>\n\n\n\n<div class=\"wp-block-stackable-columns stk-block-columns stk-block stk-4517ace\" data-block-id=\"4517ace\"><div class=\"stk-row stk-inner-blocks stk-block-content stk-content-align stk-4517ace-column\">\n<div class=\"wp-block-stackable-column stk-block-column stk-column stk-block stk-c6268c2\" data-v=\"4\" data-block-id=\"c6268c2\"><div class=\"stk-column-wrapper stk-block-column__content stk-container stk-c6268c2-container stk--no-background stk--no-padding\"><div class=\"stk-block-content stk-inner-blocks stk-c6268c2-inner-blocks\">\n<div class=\"wp-block-stackable-columns stk-block-columns stk-block stk-55df785\" data-block-id=\"55df785\"><div class=\"stk-row stk-inner-blocks stk-block-content stk-content-align stk-55df785-column\">\n<div class=\"wp-block-stackable-column stk-block-column stk-column stk-block stk-b097d2c\" data-v=\"4\" data-block-id=\"b097d2c\"><div class=\"stk-column-wrapper stk-block-column__content stk-container stk-b097d2c-container stk--no-background stk--no-padding\"><div class=\"stk-block-content stk-inner-blocks stk-b097d2c-inner-blocks\">\n<div class=\"wp-block-stackable-columns stk-block-columns stk-block stk-6214ded\" data-block-id=\"6214ded\"><div class=\"stk-row stk-inner-blocks stk-block-content stk-content-align stk-6214ded-column\">\n<div class=\"wp-block-stackable-column stk-block-column stk-column stk-block stk-8da4566\" data-v=\"4\" data-block-id=\"8da4566\"><div class=\"stk-column-wrapper stk-block-column__content stk-container stk-8da4566-container stk--no-background stk--no-padding\"><div class=\"stk-block-content stk-inner-blocks stk-8da4566-inner-blocks\"><\/div><\/div><\/div>\n<\/div><\/div>\n<\/div><\/div><\/div>\n<\/div><\/div>\n<\/div><\/div><\/div>\n<\/div><\/div>\n\n\n\n<p class=\"wp-block-paragraph\"><\/p>\n","protected":false},"excerpt":{"rendered":"<p>ANO 2024<\/p>\n","protected":false},"author":6,"featured_media":0,"parent":0,"menu_order":0,"comment_status":"closed","ping_status":"closed","template":"","meta":{"_crdt_document":"","footnotes":""},"class_list":["post-1463","page","type-page","status-publish","hentry"],"blocksy_meta":[],"_links":{"self":[{"href":"https:\/\/www.cbm.df.gov.br\/motomecanizado\/wp-json\/wp\/v2\/pages\/1463","targetHints":{"allow":["GET"]}}],"collection":[{"href":"https:\/\/www.cbm.df.gov.br\/motomecanizado\/wp-json\/wp\/v2\/pages"}],"about":[{"href":"https:\/\/www.cbm.df.gov.br\/motomecanizado\/wp-json\/wp\/v2\/types\/page"}],"author":[{"embeddable":true,"href":"https:\/\/www.cbm.df.gov.br\/motomecanizado\/wp-json\/wp\/v2\/users\/6"}],"replies":[{"embeddable":true,"href":"https:\/\/www.cbm.df.gov.br\/motomecanizado\/wp-json\/wp\/v2\/comments?post=1463"}],"version-history":[{"count":2,"href":"https:\/\/www.cbm.df.gov.br\/motomecanizado\/wp-json\/wp\/v2\/pages\/1463\/revisions"}],"predecessor-version":[{"id":1516,"href":"https:\/\/www.cbm.df.gov.br\/motomecanizado\/wp-json\/wp\/v2\/pages\/1463\/revisions\/1516"}],"wp:attachment":[{"href":"https:\/\/www.cbm.df.gov.br\/motomecanizado\/wp-json\/wp\/v2\/media?parent=1463"}],"curies":[{"name":"wp","href":"https:\/\/api.w.org\/{rel}","templated":true}]}}